{"id":939,"date":"2013-12-18T19:05:24","date_gmt":"2013-12-18T17:05:24","guid":{"rendered":"http:\/\/blogs.lyceecfadumene.fr\/tyanheol\/?page_id=939"},"modified":"2013-12-18T19:05:24","modified_gmt":"2013-12-18T17:05:24","slug":"association-sportive","status":"publish","type":"page","link":"https:\/\/blogs.lyceecfadumene.fr\/tyanheol\/association-sportive\/","title":{"rendered":"Association Sportive"},"content":{"rendered":"<h1>Calendrier de Janvier 2014<\/h1>\n<ul>\n<li>Mercredi 8 janvier\u00a0: Comp\u00e9titions futsal cadets gar\u00e7ons et filles. 12h30-17h30<\/li>\n<\/ul>\n<ul>\n<li>Mercredi 15 janvier\u00a0: Entra\u00eenement au lyc\u00e9e.<\/li>\n<\/ul>\n<p style=\"padding-left: 30px;\">13h20-15h00\u00a0: futsal<\/p>\n<p style=\"padding-left: 30px;\">13h20-16h20\u00a0: musculation<\/p>\n<p style=\"padding-left: 30px;\">15h20-16h20\u00a0: escalade.<\/p>\n<ul>\n<li>Mercredi 22 janvier\u00a0: Comp\u00e9titions futsal cadets gar\u00e7ons et filles. 12h30-17h30 si qualification lors du tour pr\u00e9c\u00e8dent <strong>ou<\/strong> entra\u00eenement au lyc\u00e9e.<\/li>\n<\/ul>\n<p style=\"padding-left: 30px;\">13h20-15h00 : futsal<\/p>\n<p style=\"padding-left: 30px;\">13h20-16h20 : musculation<\/p>\n<p style=\"padding-left: 30px;\">15h20-16h20 : escalade.<\/p>\n<ul>\n<li>Mercredi 29 janvier : Entra\u00eenement au lyc\u00e9e.<\/li>\n<\/ul>\n<p style=\"padding-left: 30px;\">13h20-15h00 : futsal<\/p>\n<p style=\"padding-left: 30px;\">13h20-16h20 : musculation<\/p>\n<p style=\"padding-left: 30px;\">15h20-16h20 : escalade.<\/p>\n<h1>Boite \u00e0 id\u00e9e pour le logo de l\u2019association sportive.<\/h1>\n<p>Donnez votez avis pour la cr\u00e9ation du logo et le nom que portera l\u2019\u00e9quipe du lyc\u00e9e \u00e0 l\u2019avenir, une boite \u00e0 id\u00e9e se trouve \u00e0 l\u2019entr\u00e9e du self jusqu\u2019au 10 janvier.<\/p>\n<p><strong>Les \u00e9tudiants de BTS TC se chargeront de faire un bilan puis de cr\u00e9er ce fameux symbole\u00a0!<\/strong><\/p>\n","protected":false},"excerpt":{"rendered":"<p>Calendrier de Janvier 2014 Mercredi 8 janvier\u00a0: Comp\u00e9titions futsal cadets gar\u00e7ons et filles. 12h30-17h30 Mercredi 15 janvier\u00a0: Entra\u00eenement au lyc\u00e9e. 13h20-15h00\u00a0: futsal 13h20-16h20\u00a0: musculation 15h20-16h20\u00a0: escalade. Mercredi 22 janvier\u00a0: Comp\u00e9titions futsal cadets gar\u00e7ons et filles. 12h30-17h30 si qualification lors du tour pr\u00e9c\u00e8dent ou entra\u00eenement au lyc\u00e9e. 13h20-15h00 : futsal 13h20-16h20 : musculation 15h20-16h20 : escalade. &hellip; <a href=\"https:\/\/blogs.lyceecfadumene.fr\/tyanheol\/association-sportive\/\" class=\"more-link\">Continuer la lecture de <span class=\"screen-reader-text\">Association Sportive<\/span> <span class=\"meta-nav\">&rarr;<\/span><\/a><\/p>\n","protected":false},"author":1,"featured_media":0,"parent":0,"menu_order":0,"comment_status":"open","ping_status":"open","template":"","meta":{"footnotes":""},"class_list":["post-939","page","type-page","status-publish","hentry"],"aioseo_notices":[],"jetpack_shortlink":"https:\/\/wp.me\/P1SrOO-f9","jetpack_sharing_enabled":true,"_links":{"self":[{"href":"https:\/\/blogs.lyceecfadumene.fr\/tyanheol\/wp-json\/wp\/v2\/pages\/939","targetHints":{"allow":["GET"]}}],"collection":[{"href":"https:\/\/blogs.lyceecfadumene.fr\/tyanheol\/wp-json\/wp\/v2\/pages"}],"about":[{"href":"https:\/\/blogs.lyceecfadumene.fr\/tyanheol\/wp-json\/wp\/v2\/types\/page"}],"author":[{"embeddable":true,"href":"https:\/\/blogs.lyceecfadumene.fr\/tyanheol\/wp-json\/wp\/v2\/users\/1"}],"replies":[{"embeddable":true,"href":"https:\/\/blogs.lyceecfadumene.fr\/tyanheol\/wp-json\/wp\/v2\/comments?post=939"}],"version-history":[{"count":1,"href":"https:\/\/blogs.lyceecfadumene.fr\/tyanheol\/wp-json\/wp\/v2\/pages\/939\/revisions"}],"predecessor-version":[{"id":3332,"href":"https:\/\/blogs.lyceecfadumene.fr\/tyanheol\/wp-json\/wp\/v2\/pages\/939\/revisions\/3332"}],"wp:attachment":[{"href":"https:\/\/blogs.lyceecfadumene.fr\/tyanheol\/wp-json\/wp\/v2\/media?parent=939"}],"curies":[{"name":"wp","href":"https:\/\/api.w.org\/{rel}","templated":true}]}}