{"id":452,"date":"2013-11-25T15:36:15","date_gmt":"2013-11-25T13:36:15","guid":{"rendered":"http:\/\/blogs.lyceecfadumene.fr\/tyanheol\/?page_id=452"},"modified":"2013-11-27T15:05:25","modified_gmt":"2013-11-27T13:05:25","slug":"infirmerie","status":"publish","type":"page","link":"https:\/\/blogs.lyceecfadumene.fr\/tyanheol\/infirmerie\/","title":{"rendered":"Infirmerie"},"content":{"rendered":"<p>Vous trouverez ci-dessous les diff\u00e9rents liens en ce qui concerne l&rsquo;infirmerie du lyc\u00e9e du Men\u00e9 :<\/p>\n<ul>\n<li><a href=\"https:\/\/blogs.lyceecfadumene.fr\/tyanheol\/infirmerie\/acces\/\">Acc\u00e8s<\/a><\/li>\n<li><a href=\"https:\/\/blogs.lyceecfadumene.fr\/tyanheol\/infirmerie\/contact\/\">Contact<\/a><\/li>\n<li><a href=\"https:\/\/blogs.lyceecfadumene.fr\/tyanheol\/infirmerie\/horaires\/\">Horaires<\/a><\/li>\n<li><a href=\"http:\/\/https:\/\/blogs.lyceecfadumene.fr\/tyanheol\/infirmerie\/telephones-utiles\/\">T\u00e9l\u00e9phones utiles<\/a><\/li>\n<\/ul>\n","protected":false},"excerpt":{"rendered":"<p>Vous trouverez ci-dessous les diff\u00e9rents liens en ce qui concerne l&rsquo;infirmerie du lyc\u00e9e du Men\u00e9 : Acc\u00e8s Contact Horaires T\u00e9l\u00e9phones utiles<\/p>\n","protected":false},"author":1,"featured_media":0,"parent":0,"menu_order":0,"comment_status":"open","ping_status":"closed","template":"","meta":{"footnotes":""},"class_list":["post-452","page","type-page","status-publish","hentry"],"aioseo_notices":[],"jetpack_shortlink":"https:\/\/wp.me\/P1SrOO-7i","jetpack_sharing_enabled":true,"_links":{"self":[{"href":"https:\/\/blogs.lyceecfadumene.fr\/tyanheol\/wp-json\/wp\/v2\/pages\/452","targetHints":{"allow":["GET"]}}],"collection":[{"href":"https:\/\/blogs.lyceecfadumene.fr\/tyanheol\/wp-json\/wp\/v2\/pages"}],"about":[{"href":"https:\/\/blogs.lyceecfadumene.fr\/tyanheol\/wp-json\/wp\/v2\/types\/page"}],"author":[{"embeddable":true,"href":"https:\/\/blogs.lyceecfadumene.fr\/tyanheol\/wp-json\/wp\/v2\/users\/1"}],"replies":[{"embeddable":true,"href":"https:\/\/blogs.lyceecfadumene.fr\/tyanheol\/wp-json\/wp\/v2\/comments?post=452"}],"version-history":[{"count":0,"href":"https:\/\/blogs.lyceecfadumene.fr\/tyanheol\/wp-json\/wp\/v2\/pages\/452\/revisions"}],"wp:attachment":[{"href":"https:\/\/blogs.lyceecfadumene.fr\/tyanheol\/wp-json\/wp\/v2\/media?parent=452"}],"curies":[{"name":"wp","href":"https:\/\/api.w.org\/{rel}","templated":true}]}}