{"id":447,"date":"2012-03-23T13:11:32","date_gmt":"2012-03-23T11:11:32","guid":{"rendered":"http:\/\/blogs.lyceecfadumene.fr\/sante\/?page_id=274"},"modified":"2013-11-27T15:08:22","modified_gmt":"2013-11-27T13:08:22","slug":"telephones-utiles","status":"publish","type":"page","link":"https:\/\/blogs.lyceecfadumene.fr\/tyanheol\/infirmerie\/telephones-utiles\/","title":{"rendered":"T\u00e9l\u00e9phones utiles"},"content":{"rendered":"<p>&nbsp;<\/p>\n<p><a href=\"http:\/\/www.france.fr\/vivre\/sante\/systeme-de-sante\/service\/appeler-les-secours-en-france-le-15-le-17-le-18-et-le-112\">SECOURS<\/a><\/p>\n<p><strong>15<\/strong>\u00a0: SAMU<br \/>\n<strong>17<\/strong>\u00a0: police<br \/>\n<strong>18<\/strong>\u00a0: pompiers<br \/>\n<strong>114 :<\/strong> num\u00e9ro de signalement d&rsquo;urgences de tous types pour les personnes d\u00e9ficientes auditives<br \/>\n<strong>115<\/strong>\u00a0: SAMU social (h\u00e9bergement d&rsquo;urgence)<br \/>\n<strong>119<\/strong>\u00a0: enfance en danger<br \/>\n<strong>112<\/strong>\u00a0: tous types d&rsquo;urgence, depuis tous les pays europ\u00e9ens<br \/>\n<strong>1616<\/strong>\u00a0: secours en mer<\/p>\n<p>Tous ces num\u00e9ros sont gratuits depuis les t\u00e9l\u00e9phones fixes et publics (mobiles, variables selon les op\u00e9rateurs)<\/p>\n<p><strong>Suicide \u00e9coute 24h\/24<\/strong>. Ligne nationale : 01 45 39 40 00<\/p>\n<p><strong>Croix Rouge Ecoute T\u00e9l\u00e9phone nationale<\/strong> : Num\u00e9ro vert :0 800 858 858 (gratuit)<\/p>\n<p><strong>S O S Amiti\u00e9 : <\/strong>Ecoute 24h\/24h num\u00e9ro: 0 820 066 066<\/p>\n<p><strong>Fil Sant\u00e9 Jeunes :<\/strong> Num\u00e9ro vert : 0 800235 236 (gratuit)<\/p>\n<p><strong>S O S Suicide Phenix France :<\/strong> T\u00e9l : 01 40 44 46 45<\/p>\n<p><strong>Phare Enfants-Parents.<\/strong> Ligne nationale 01 42 66 55 55 . Cette association r\u00e9pond aussi aux demandes des parents en difficult\u00e9 avec leurs enfants.<\/p>\n<p><strong>Vivre son deuil<\/strong> : t\u00e9l : 01 42 38 08 08<\/p>\n<p><span style=\"color: #3366ff\">CENTRE DE PLANIFICATION ET D&rsquo;EDUCATION FAMILIALE<\/span><\/p>\n<p>COTE D&rsquo;ARMOR<\/p>\n<ul>\n<li>Loud\u00e9ac : 02 96 25 32 14<\/li>\n<li>Dinan : 02 96 39 91 36 \/ standard : 02 96 85 81 60<\/li>\n<li>Guingamp : 02 96 40 10 30<\/li>\n<li>Lamballe : 02 96 50 10 30<\/li>\n<li>Lannion : 02 96 05 71 55<\/li>\n<li>Paimpol : 02 96 55 61 36 \/ maison p\u00e9rinatale : 02 96 55 60 85<\/li>\n<li>Saint- Brieuc : 02 96 01 71 58<\/li>\n<li>Rostrenen : 02 96 29 14 45<\/li>\n<li>Tr\u00e8guier : 02 96 92 10 13 \/ standard 02 96 92 30 72<\/li>\n<\/ul>\n<p>FINISTERE<\/p>\n<ul>\n<li>Brest : 02 98 22 34 39<\/li>\n<li>Carhaix Plouguer : 02 98 9920 95 (prise de rdv)\/ 02 98 99 23 95<\/li>\n<li>Chateaulin : 02 98 86 00 44<\/li>\n<li>Concarneau : 02 98 52 60 99 ( centre de planification de Quimper)<\/li>\n<li>Douarnenez : 02 98 75 13 82<\/li>\n<li>Landerneau : 02 98 21 80 32<\/li>\n<li>Morlaix : 02 98 62 60 82<\/li>\n<li>Pont L &lsquo;Abb\u00e9 : 02 98 66 07 50<\/li>\n<li>Quimper : 02 98 52 60 99<\/li>\n<li>Quimperl\u00e9 : 02 98 96 60 99<\/li>\n<\/ul>\n<p>ILE ET VILAINE<\/p>\n<ul>\n<li>Combourg : 02 99 73 05 69<\/li>\n<li>Foug\u00e9res : 02 99 94 58 58<\/li>\n<li>Monfort-sur-Meu : 02 99 09 83 70 ou 02 99 09 16 47<\/li>\n<li>Redon : 02 99 71 13 37<\/li>\n<li>Rennes : 02 99 26 59 23<\/li>\n<li>Saint-Malo : 02 99 21 21 99<\/li>\n<\/ul>\n<p>MORBIHAN<\/p>\n<ul>\n<li>Vannes :\u00a0 02 97 01 41 91 \/02 97 01 41 41 (standard)<\/li>\n<li>Auray:\u00a0 02.97.29.21.45<\/li>\n<li>Hennebont :\u00a0 02 97 64 90 37<\/li>\n<li>Lorient :\u00a0 02.97.64.91.83<\/li>\n<li>Plo\u00ebrmel : 02.97.73.26.86<\/li>\n<li>Pontivy :\u00a0 02.97.28.40.4\n<div><\/div>\n<\/li>\n<\/ul>\n<p><span style=\"color: #ff0000\"> SANTE<\/span><\/p>\n<ul>\n<li>\n<div><strong>Canicule info service<\/strong><br \/>\nToutes les infos sur la canicule et les principales recommandations \u00e0 suivre en cas de fortes chaleurs.<br \/>\nN\u00b0 de t\u00e9l\u00a0: 0 800 06 66 66 (Appel gratuit, du lundi au samedi entre le 1er juin et le 31 ao\u00fbt, de 8h \u00e0 20h).<\/div>\n<\/li>\n<li>\n<div><strong>Drogues info service<\/strong><br \/>\nInformation, aides sur les addictions aux drogues et \u00e0 l\u2019alcool.<br \/>\nN\u00b0 de t\u00e9l\u00a0: 0 800 23 13 13 (Appel gratuit depuis un fixe) et 01 70 23 13 13 (7j\/7, de 8h \u00e0 20h, appel gratuit depuis un poste fixe).<br \/>\n<a href=\"http:\/\/www.drogues-info-service.fr\/\" target=\"_blank\" rel=\"nofollow\">http:\/\/www.drogues-info-service.fr<\/a><strong>\u00c9coute alcool<\/strong><br \/>\nAide et soutien, informations sur les effets, les risques, la loi et les lieux d\u2019accueil.<br \/>\nN\u00b0 de t\u00e9l\u00a0: 0 811 91 30 30 (7j\/7 de 14h \u00e0 2h, co\u00fbt d\u2019une communication locale depuis un poste fixe, co\u00fbt variable depuis un portable, selon les op\u00e9rateurs).<strong>SOS M\u00e9decins<\/strong><br \/>\nPermanence de soins et visite d\u2019un m\u00e9decin \u00e0 domicile partout en France. N\u00b0 de t\u00e9l\u00a0: 36 24 (0,118 \u20ac TTC\/min, 7j\/7 et 24h\/24)<br \/>\n<a href=\"http:\/\/www.sosmedecins-france.fr\/\" target=\"_blank\" rel=\"nofollow\">http:\/\/www.sosmedecins-france.fr<\/a><\/p>\n<p><strong>Suicide \u00e9coute\u00a0<\/strong><br \/>\nPour rompre le mur du silence, exprimer sa souffrance, et \u00eatre \u00e9cout\u00e9(e) de mani\u00e8re anonyme.<br \/>\nN\u00b0 de t\u00e9l\u00a0: 01 45 39 40 00 (7j\/7, 24h\/24).<br \/>\n<a href=\"http:\/\/www.suicide-ecoute.fr\/\" target=\"_blank\" rel=\"nofollow\">http:\/\/www.suicide-ecoute.fr<\/a><\/p>\n<p><span style=\"color: #ff0000\">VIOLENCE<br \/>\n<\/span><\/p>\n<p><strong>Aide aux victimes de violences \u2013 violences conjugales<\/strong><br \/>\nPour les victimes ou t\u00e9moins de violences physiques, verbales ou psychologiques, \u00e0 la maison ou au travail. Ce num\u00e9ro concerne aussi les agressions sexuelles et les viols.<br \/>\nN\u00b0 de t\u00e9l\u00a0: 3919 (Appel gratuit, du lundi au samedi de 8h \u00e0 22h et de 10h \u00e0 20h les jours f\u00e9ri\u00e9s).<br \/>\n<a href=\"http:\/\/www.stop-violences-femmes.gouv.fr\/\" target=\"_blank\" rel=\"nofollow\">http:\/\/www.stop-violences-femmes.gouv.fr<\/a><\/p>\n<p><strong>Jeunes violences \u00e9coute <\/strong><br \/>\nDe l\u2019aide et des r\u00e9ponses pour les violences scolaires, les injures ou le racket.<br \/>\nN\u00b0 de t\u00e9l\u00a0: 0 800 20 22 23 (7j\/7, de 8h \u00e0 23h, appel anonyme et gratuit depuis un poste fixe).<br \/>\n<a href=\"http:\/\/www.jeunesviolencesecoute.fr\/\" target=\"_blank\" rel=\"nofollow\">http:\/\/www.jeunesviolencesecoute.fr<\/a><\/p>\n<p><strong>Le 08 Victimes<\/strong><br \/>\nInformations \u00e0 l&rsquo;intention des victimes ou des proches de victimes d&rsquo;agressions, de vols, d&rsquo;escroqueries, d&rsquo;accidents de la route ou d&rsquo;autres infractions.<br \/>\nN\u00b0 de t\u00e9l\u00a0: 08 842 846 37 (Prix d&rsquo;un appel local, \u00a07jours\/7 de 9h \u00e0 21h).<br \/>\n<a href=\"http:\/\/www.inavem.org\/\" target=\"_blank\" rel=\"nofollow\">http:\/\/www.inavem.org<\/a><\/p>\n<p><strong>Maltraitance des personnes \u00e2g\u00e9es et des personnes handicap\u00e9es<\/strong><br \/>\n\u00c9coute sp\u00e9cialis\u00e9e destin\u00e9e aux personnes \u00e2g\u00e9es et handicap\u00e9es, aux personnes prenant soin de personnes \u00e2g\u00e9es ou handicap\u00e9es, et aux t\u00e9moins de maltraitances \u00e0 leur encontre. Soutien, aides dans les d\u00e9marches.<br \/>\nN\u00b0 de t\u00e9l\u00a0: 3977 (Co\u00fbt d&rsquo;un appel local, du lundi au vendredi de 9h \u00e0 19h).<\/p>\n<p><strong>SOS Viols Femmes Informations<\/strong><br \/>\nEcoute, soutien, informations pour savoir quoi faire en cas de violences sexuelles dans le respect de l&rsquo;anonymat.<br \/>\nN\u00b0 de t\u00e9l\u00a0: 0 800 05 95 95 (Appel gratuit depuis un poste fixe, du lundi au vendredi, de 10h \u00e0 19h).<\/p>\n<p><span style=\"color: #ff0000\">ENFANCE<\/span><\/p>\n<p><strong>All\u00f4 enfance en danger<\/strong><br \/>\nInformations aux mineurs, aux familles et \u00e0 toute personne confront\u00e9e \u00e0 un risque de mise en danger d&rsquo;enfant imminent ou non ou \u00e0 une mise en danger av\u00e9r\u00e9e.<br \/>\nN\u00b0 de t\u00e9l\u00a0: 119 (Appel gratuit, 24h\/24 et 7jours\/7).<br \/>\n<a href=\"http:\/\/www.allo119.gouv.fr\/\" target=\"_blank\" rel=\"nofollow\">http:\/\/www.allo119.gouv.fr<\/a><\/p>\n<p><strong>SOS enfants disparus<\/strong><br \/>\nService t\u00e9l\u00e9phonique d&rsquo;accueil et d&rsquo;information \u00e0 destination des familles d&rsquo;enfants disparus ou enlev\u00e9s.<br \/>\nN\u00b0 de t\u00e9l\u00a0: 116\u00a0000 (Appel gratuit, 7 jours\/7 et 24h\/24).<br \/>\n<a href=\"http:\/\/www.sosenfantsdisparus.fr\/\" target=\"_blank\" rel=\"nofollow\">http:\/\/www.sosenfantsdisparus.fr<\/a><\/p>\n<p><span style=\"color: #ff0000\">SERVICES<\/span><\/p>\n<p><strong>All\u00f4 service public<\/strong><br \/>\nLa premi\u00e8re r\u00e9ponse \u00e0 toutes les questions administratives.<br \/>\nN\u00b0 de tel\u00a0: 3939 (En France au co\u00fbt d&rsquo;un appel local depuis un poste fixe, du lundi au vendredi de 8h \u00e0 20h et le samedi de 8h30 \u00e0 18h) ou +33 (0) 1 73 60 39 39 (Depuis l&rsquo;\u00e9tranger ou hors m\u00e9tropole, uniquement depuis un poste fixe, au co\u00fbt d&rsquo;une communication + co\u00fbt de l&rsquo;appel international variable selon les pays et les op\u00e9rateurs).<\/p>\n<p><strong>Serveur interbancaire d&rsquo;opposition \u00e0 carte bancaire<\/strong><br \/>\nPermet de faire opposition \u00e0 sa carte bancaire en cas de vol ou de perte \u00e0 tout moment.<br \/>\nN\u00b0 de t\u00e9l\u00a0: 0 892 705 705 (0,34 \u20ac TTC\/min, 7jours\/7 et 24h24).<\/p>\n<\/div>\n<\/li>\n<\/ul>\n<p>&nbsp;<\/p>\n","protected":false},"excerpt":{"rendered":"<p>&nbsp; SECOURS 15\u00a0: SAMU 17\u00a0: police 18\u00a0: pompiers 114 : num\u00e9ro de signalement d&rsquo;urgences de tous types pour les personnes d\u00e9ficientes auditives 115\u00a0: SAMU social (h\u00e9bergement d&rsquo;urgence) 119\u00a0: enfance en danger 112\u00a0: tous types d&rsquo;urgence, depuis tous les pays europ\u00e9ens 1616\u00a0: secours en mer Tous ces num\u00e9ros sont gratuits depuis les t\u00e9l\u00e9phones fixes et publics &hellip; <a href=\"https:\/\/blogs.lyceecfadumene.fr\/tyanheol\/infirmerie\/telephones-utiles\/\" class=\"more-link\">Continuer la lecture de <span class=\"screen-reader-text\">T\u00e9l\u00e9phones utiles<\/span> <span class=\"meta-nav\">&rarr;<\/span><\/a><\/p>\n","protected":false},"author":43,"featured_media":0,"parent":452,"menu_order":0,"comment_status":"open","ping_status":"closed","template":"","meta":{"footnotes":""},"class_list":["post-447","page","type-page","status-publish","hentry"],"aioseo_notices":[],"jetpack_shortlink":"https:\/\/wp.me\/P1SrOO-7d","jetpack_sharing_enabled":true,"_links":{"self":[{"href":"https:\/\/blogs.lyceecfadumene.fr\/tyanheol\/wp-json\/wp\/v2\/pages\/447","targetHints":{"allow":["GET"]}}],"collection":[{"href":"https:\/\/blogs.lyceecfadumene.fr\/tyanheol\/wp-json\/wp\/v2\/pages"}],"about":[{"href":"https:\/\/blogs.lyceecfadumene.fr\/tyanheol\/wp-json\/wp\/v2\/types\/page"}],"author":[{"embeddable":true,"href":"https:\/\/blogs.lyceecfadumene.fr\/tyanheol\/wp-json\/wp\/v2\/users\/43"}],"replies":[{"embeddable":true,"href":"https:\/\/blogs.lyceecfadumene.fr\/tyanheol\/wp-json\/wp\/v2\/comments?post=447"}],"version-history":[{"count":0,"href":"https:\/\/blogs.lyceecfadumene.fr\/tyanheol\/wp-json\/wp\/v2\/pages\/447\/revisions"}],"up":[{"embeddable":true,"href":"https:\/\/blogs.lyceecfadumene.fr\/tyanheol\/wp-json\/wp\/v2\/pages\/452"}],"wp:attachment":[{"href":"https:\/\/blogs.lyceecfadumene.fr\/tyanheol\/wp-json\/wp\/v2\/media?parent=447"}],"curies":[{"name":"wp","href":"https:\/\/api.w.org\/{rel}","templated":true}]}}