{"id":1596,"date":"2015-12-01T16:02:14","date_gmt":"2015-12-01T14:02:14","guid":{"rendered":"http:\/\/blogs.lyceecfadumene.fr\/tyanheol\/?page_id=1596"},"modified":"2015-12-01T19:34:52","modified_gmt":"2015-12-01T17:34:52","slug":"escalopes-de-dinde-au-camembert","status":"publish","type":"page","link":"https:\/\/blogs.lyceecfadumene.fr\/tyanheol\/restauration\/escalopes-de-dinde-au-camembert\/","title":{"rendered":"Escalopes de dinde au camembert"},"content":{"rendered":"<figure id=\"attachment_1628\" aria-describedby=\"caption-attachment-1628\" style=\"width: 350px\" class=\"wp-caption alignnone\"><a href=\"https:\/\/blogs.lyceecfadumene.fr\/tyanheol\/lentilles-a-la-tomate-et-au-chorizo\/dinde\/\" rel=\"attachment wp-att-1628\"><img data-recalc-dims=\"1\" loading=\"lazy\" decoding=\"async\" data-attachment-id=\"1628\" data-permalink=\"https:\/\/blogs.lyceecfadumene.fr\/tyanheol\/restauration\/lentilles-a-la-tomate-et-au-chorizo\/dinde\/\" data-orig-file=\"https:\/\/i0.wp.com\/blogs.lyceecfadumene.fr\/tyanheol\/files\/2015\/11\/dinde.jpg?fit=640%2C426&amp;ssl=1\" data-orig-size=\"640,426\" data-comments-opened=\"1\" data-image-meta=\"{&quot;aperture&quot;:&quot;4.5&quot;,&quot;credit&quot;:&quot;&quot;,&quot;camera&quot;:&quot;Canon EOS 100D&quot;,&quot;caption&quot;:&quot;&quot;,&quot;created_timestamp&quot;:&quot;0&quot;,&quot;copyright&quot;:&quot;&quot;,&quot;focal_length&quot;:&quot;32&quot;,&quot;iso&quot;:&quot;160&quot;,&quot;shutter_speed&quot;:&quot;0.02&quot;,&quot;title&quot;:&quot;&quot;,&quot;orientation&quot;:&quot;0&quot;}\" data-image-title=\"dinde\" data-image-description=\"\" data-image-caption=\"\" data-large-file=\"https:\/\/i0.wp.com\/blogs.lyceecfadumene.fr\/tyanheol\/files\/2015\/11\/dinde.jpg?fit=604%2C402&amp;ssl=1\" class=\"wp-image-1628\" style=\"border: 1px solid #000000;\" src=\"https:\/\/i0.wp.com\/blogs.lyceecfadumene.fr\/tyanheol\/files\/2015\/11\/dinde.jpg?resize=350%2C233&#038;ssl=1\" alt=\"dinde\" width=\"350\" height=\"233\" srcset=\"https:\/\/i0.wp.com\/blogs.lyceecfadumene.fr\/tyanheol\/files\/2015\/11\/dinde.jpg?w=640&amp;ssl=1 640w, https:\/\/i0.wp.com\/blogs.lyceecfadumene.fr\/tyanheol\/files\/2015\/11\/dinde.jpg?resize=300%2C200&amp;ssl=1 300w, https:\/\/i0.wp.com\/blogs.lyceecfadumene.fr\/tyanheol\/files\/2015\/11\/dinde.jpg?resize=451%2C300&amp;ssl=1 451w\" sizes=\"auto, (max-width: 350px) 100vw, 350px\" \/><\/a><figcaption id=\"caption-attachment-1628\" class=\"wp-caption-text\">Escalope de dinde<\/figcaption><\/figure>\n<p><strong>Temps de pr\u00e9paration :<\/strong> 20 minutes<\/p>\n<p><strong>Temps de cuisson :<\/strong> 20 minutes<\/p>\n<p><strong>Ingr\u00e9dients (pour six<span class=\"ver\" title=\"Normalement, les nombres \u00e0 un seul chiffre s'\u00e9crivent en lettres, par ex.: &lt;i&gt;&lt;b&gt;deux&lt;\/b&gt; personnes&lt;\/i&gt;.\"> personnes<\/span>) :<\/strong><\/p>\n<ul>\n<li><span class=\"ver\" title=\"Normalement, les nombres \u00e0 un seul chiffre s'\u00e9crivent en lettres, par ex.: &lt;i&gt;&lt;b&gt;deux&lt;\/b&gt; personnes&lt;\/i&gt;.\">6 escalopes<\/span> de dinde<\/li>\n<li><span class=\"ver\" title=\"Normalement, les nombres \u00e0 un seul chiffre s'\u00e9crivent en lettres, par ex.: &lt;i&gt;&lt;b&gt;deux&lt;\/b&gt; personnes&lt;\/i&gt;.\">2 camemberts<\/span> au lait cru<\/li>\n<li><span class=\"ver\" title=\"Normalement, les nombres \u00e0 un seul chiffre s'\u00e9crivent en lettres, par ex.: &lt;i&gt;&lt;b&gt;deux&lt;\/b&gt; personnes&lt;\/i&gt;.\">1 pot<\/span> de cr\u00e8me<\/li>\n<li>20 cl de cr\u00e8me liquide<\/li>\n<li>50 gr de beurre<\/li>\n<li>sel, poivre<\/li>\n<\/ul>\n<p><strong>Pr\u00e9paration de la recette :<\/strong><\/p>\n<p>Faire saisir dans une po\u00eale les escalopes <span class=\"ver\" title=\"Normalement, les nombres \u00e0 un seul chiffre s'\u00e9crivent en lettres, par ex.: &lt;i&gt;&lt;b&gt;deux&lt;\/b&gt; personnes&lt;\/i&gt;.\">2 min<\/span> de chaque c\u00f4t\u00e9 dans 25 gr de beurre.<\/p>\n<p>Saler et poivrer de chaque c\u00f4t\u00e9 et les mettre de c\u00f4t\u00e9 dans un plat qui va au four.<\/p>\n<p>Couper <span class=\"ver\" title=\"Normalement, les nombres \u00e0 un seul chiffre s'\u00e9crivent en lettres, par ex.: &lt;i&gt;&lt;b&gt;deux&lt;\/b&gt; personnes&lt;\/i&gt;.\">6 bonnes<\/span> tranches de camembert (dans le sens de la longueur) et disposer une tranche sur chaque escalope. Pendant la pr\u00e9paration de la sauce mettre le four \u00e0 pr\u00e9chauffer \u00e0 200 degr\u00e9s.<\/p>\n<p><strong>Sauce :<\/strong><\/p>\n<p>A feu doux, avec la m\u00eame po\u00eale mettre de nouveau 25 gr de beurre et <span class=\"ver\" title=\"Normalement, les nombres \u00e0 un seul chiffre s'\u00e9crivent en lettres, par ex.: &lt;i&gt;&lt;b&gt;deux&lt;\/b&gt; personnes&lt;\/i&gt;.\">3 cuiller\u00e9es<\/span> \u00e0 soupe de cr\u00e8me et remuer jusqu&rsquo;\u00e0 ce que ce soit homog\u00e8ne et verser 20 cl de cr\u00e8me liquide toujours en remuant.<\/p>\n<p>Couper environ <span class=\"ver\" title=\"Normalement, les nombres \u00e0 un seul chiffre s'\u00e9crivent en lettres, par ex.: &lt;i&gt;&lt;b&gt;deux&lt;\/b&gt; personnes&lt;\/i&gt;.\">4 tranches<\/span> de camembert et les couper en petits <span class=\"ver\" title=\"Si vous voulez dire &quot;depuis&quot;, \u00e9crivez &lt;i&gt;d\u00e8s&lt;\/i&gt;.\">d\u00e9s<\/span>, les verser dans la sauce et tourner jusqu&rsquo;\u00e0 temps que le fromage soit compl\u00e8tement fondu.<\/p>\n<p>Saler et poivrer \u00e0 votre go\u00fbt.<\/p>\n<p>Ensuite, verser la totalit\u00e9 de la sauce dans le plat sur les escalopes de dinde. Maintenant mettre le plat au four \u00e0 210 degr\u00e9s pendant 15 &#8211; 20 min selon votre go\u00fbt (gratin\u00e9 ou pas).<\/p>\n<p><strong>Remarques :<\/strong><\/p>\n<p>Accompagn\u00e9 de pommes de terre ou de riz.<\/p>\n<p><strong><span class=\"ver\" title=\"\">Boisson conseill\u00e9e<\/span> :<\/strong><\/p>\n<p>Cidre.<\/p>\n","protected":false},"excerpt":{"rendered":"<p>Temps de pr\u00e9paration : 20 minutes Temps de cuisson : 20 minutes Ingr\u00e9dients (pour six personnes) : 6 escalopes de dinde 2 camemberts au lait cru 1 pot de cr\u00e8me 20 cl de cr\u00e8me liquide 50 gr de beurre sel, poivre Pr\u00e9paration de la recette : Faire saisir dans une po\u00eale les escalopes 2 min &hellip; <a href=\"https:\/\/blogs.lyceecfadumene.fr\/tyanheol\/restauration\/escalopes-de-dinde-au-camembert\/\" class=\"more-link\">Continuer la lecture de <span class=\"screen-reader-text\">Escalopes de dinde au camembert<\/span> <span class=\"meta-nav\">&rarr;<\/span><\/a><\/p>\n","protected":false},"author":43,"featured_media":0,"parent":1562,"menu_order":0,"comment_status":"closed","ping_status":"closed","template":"","meta":{"footnotes":""},"class_list":["post-1596","page","type-page","status-publish","hentry"],"aioseo_notices":[],"jetpack_shortlink":"https:\/\/wp.me\/P1SrOO-pK","jetpack_sharing_enabled":true,"_links":{"self":[{"href":"https:\/\/blogs.lyceecfadumene.fr\/tyanheol\/wp-json\/wp\/v2\/pages\/1596","targetHints":{"allow":["GET"]}}],"collection":[{"href":"https:\/\/blogs.lyceecfadumene.fr\/tyanheol\/wp-json\/wp\/v2\/pages"}],"about":[{"href":"https:\/\/blogs.lyceecfadumene.fr\/tyanheol\/wp-json\/wp\/v2\/types\/page"}],"author":[{"embeddable":true,"href":"https:\/\/blogs.lyceecfadumene.fr\/tyanheol\/wp-json\/wp\/v2\/users\/43"}],"replies":[{"embeddable":true,"href":"https:\/\/blogs.lyceecfadumene.fr\/tyanheol\/wp-json\/wp\/v2\/comments?post=1596"}],"version-history":[{"count":0,"href":"https:\/\/blogs.lyceecfadumene.fr\/tyanheol\/wp-json\/wp\/v2\/pages\/1596\/revisions"}],"up":[{"embeddable":true,"href":"https:\/\/blogs.lyceecfadumene.fr\/tyanheol\/wp-json\/wp\/v2\/pages\/1562"}],"wp:attachment":[{"href":"https:\/\/blogs.lyceecfadumene.fr\/tyanheol\/wp-json\/wp\/v2\/media?parent=1596"}],"curies":[{"name":"wp","href":"https:\/\/api.w.org\/{rel}","templated":true}]}}