{"id":135,"date":"2011-10-12T17:20:43","date_gmt":"2011-10-12T15:20:43","guid":{"rendered":"http:\/\/blogs.lyceecfadumene.fr\/tyanheol\/?page_id=135"},"modified":"2011-10-12T18:24:27","modified_gmt":"2011-10-12T16:24:27","slug":"compte-rendu","status":"publish","type":"page","link":"https:\/\/blogs.lyceecfadumene.fr\/tyanheol\/lassociation\/compte-rendu\/","title":{"rendered":"Assembl\u00e9e"},"content":{"rendered":"<p lang=\"fr-FR\" align=\"JUSTIFY\">\n<ul>\n<li>\n<p lang=\"fr-FR\" align=\"JUSTIFY\"><span style=\"color: #000000\"><span style=\"font-size: small\">Annie Urvoy a pr\u00e9sent\u00e9 les nombreuses activit\u00e9s qu&rsquo;elle propose tout au long de l&rsquo;ann\u00e9e scolaire. Les \u00e9l\u00e8ves vont se d\u00e9plac\u00e9 au stade de la route de Lorient pour aller voir le match\u00a0 Rennes\/Celtic Glasgow. Un d\u00e9placement au zoo de Branf\u00e9r\u00e9 \u00e9galement.<br \/>\n<\/span><\/span><\/p>\n<\/li>\n<\/ul>\n<p lang=\"fr-FR\" align=\"JUSTIFY\">\n<ul>\n<li>\n<p lang=\"fr-FR\" align=\"JUSTIFY\"><span style=\"color: #000000\"><span style=\"font-size: small\">Les \u00e9l\u00e8ves souhaitent que des sorties bowling, patinoire, Paintball et accrobranche soient mises en places. D&rsquo;autres demandent d&rsquo;aller au stade la route de Lorient ou au Moustoir.<\/span><\/span><\/p>\n<\/li>\n<\/ul>\n<p lang=\"fr-FR\" align=\"JUSTIFY\">\n<ul>\n<li>\n<p lang=\"fr-FR\" align=\"JUSTIFY\"><span style=\"color: #000000\"><span style=\"font-size: small\">D\u2019autres activit\u00e9s seront propos\u00e9es en fonction des opportunit\u00e9s, notamment des s\u00e9ances cin\u00e9ma (Jeudi soir 20 H) selon la programmation du Cin\u00e9ma \u00ab\u00a0Le Studio\u00a0\u00bb de Merdrignac\u00a0; des sorties (Mercredi Apr\u00e8s-midi)\u00a0; des projections de films ou documentaires (Mercredi Apr\u00e8s-midi en salle TV) en fonction des demandes des \u00e9l\u00e8ves.<\/span><\/span><\/p>\n<\/li>\n<\/ul>\n<p lang=\"fr-FR\" align=\"JUSTIFY\">\n<ul>\n<li>\n<p lang=\"fr-FR\" align=\"JUSTIFY\"><span style=\"color: #000000\"><span style=\"font-size: small\">Un club danse country sera peut \u00eatre mis en place. La question de l&rsquo;accompagnement du club \u00e9quitation a \u00e9t\u00e9 pos\u00e9 sachant que Xavier Bunker, l&rsquo;accompagnateur des ann\u00e9es pr\u00e9c\u00e9dentes a quitt\u00e9 l&rsquo;\u00e9tablissement. Cette activit\u00e9 \u00e9quitation sera g\u00e9r\u00e9e par les 1\u00e8re vente en animalerie.<\/span><\/span><\/p>\n<\/li>\n<\/ul>\n<p lang=\"fr-FR\" align=\"JUSTIFY\">\n<ul>\n<li>\n<p align=\"JUSTIFY\"><span style=\"color: #000000\"><span style=\"font-size: small\"><strong>Daniel Clouet<\/strong><\/span><\/span><span style=\"color: #000000\"><span style=\"font-size: small\"> pr\u00e9cise que les \u00e9tudiants de BTS ou les apprentis externes peuvent organiser des activit\u00e9s en autonomie \u00e0 un autre horaire que ceux que nous proposons. C\u2019est le cas avec les BTS1 qui vont \u00e0 la piscine le jeudi soir. <\/span><\/span><span style=\"color: #000000\"><span style=\"font-size: small\"><strong>Daniel Clouet<\/strong><\/span><\/span><span style=\"color: #000000\"><span style=\"font-size: small\"> pr\u00e9cise que l\u2019association prend toujours 50 % de l\u2019inscription \u00e0 sa charge.<\/span><\/span><\/p>\n<\/li>\n<\/ul>\n<p lang=\"fr-FR\" align=\"JUSTIFY\">\n<p lang=\"fr-FR\" align=\"JUSTIFY\"><span style=\"color: #000000\"><span style=\"font-size: small\"><strong>Daniel Clouet pr\u00e9cise que chaque responsable devra r\u00e9aliser une affiche sur laquelle sera indiqu\u00e9s, l&rsquo;heure, le jour et le prix de l&rsquo;activit\u00e9, le nom du responsable et les noms des accompagnateurs. Cette affiche sera affich\u00e9e sur les panneaux pr\u00e9vus \u00e0 cet effet pr\u00e8s du bureau de Me Corvez. Une fois les inscriptions closes, une copie de cette liste sera transmise \u00e0 Me Corvez. Le responsable est \u00e9galement charg\u00e9 de l&rsquo;intendance (pique nique&#8230;). Pour toutes questions n&rsquo;h\u00e9sitez pas \u00e0 contacter Daniel Clouet, Annie Urvoy.<\/strong><\/span><\/span><\/p>\n","protected":false},"excerpt":{"rendered":"<p>Annie Urvoy a pr\u00e9sent\u00e9 les nombreuses activit\u00e9s qu&rsquo;elle propose tout au long de l&rsquo;ann\u00e9e scolaire. Les \u00e9l\u00e8ves vont se d\u00e9plac\u00e9 au stade de la route de Lorient pour aller voir le match\u00a0 Rennes\/Celtic Glasgow. Un d\u00e9placement au zoo de Branf\u00e9r\u00e9 \u00e9galement. Les \u00e9l\u00e8ves souhaitent que des sorties bowling, patinoire, Paintball et accrobranche soient mises en &hellip; <a href=\"https:\/\/blogs.lyceecfadumene.fr\/tyanheol\/lassociation\/compte-rendu\/\" class=\"more-link\">Continuer la lecture de <span class=\"screen-reader-text\">Assembl\u00e9e<\/span> <span class=\"meta-nav\">&rarr;<\/span><\/a><\/p>\n","protected":false},"author":43,"featured_media":0,"parent":2,"menu_order":1,"comment_status":"open","ping_status":"closed","template":"","meta":{"footnotes":""},"class_list":["post-135","page","type-page","status-publish","hentry"],"aioseo_notices":[],"jetpack_shortlink":"https:\/\/wp.me\/P1SrOO-2b","jetpack_sharing_enabled":true,"_links":{"self":[{"href":"https:\/\/blogs.lyceecfadumene.fr\/tyanheol\/wp-json\/wp\/v2\/pages\/135","targetHints":{"allow":["GET"]}}],"collection":[{"href":"https:\/\/blogs.lyceecfadumene.fr\/tyanheol\/wp-json\/wp\/v2\/pages"}],"about":[{"href":"https:\/\/blogs.lyceecfadumene.fr\/tyanheol\/wp-json\/wp\/v2\/types\/page"}],"author":[{"embeddable":true,"href":"https:\/\/blogs.lyceecfadumene.fr\/tyanheol\/wp-json\/wp\/v2\/users\/43"}],"replies":[{"embeddable":true,"href":"https:\/\/blogs.lyceecfadumene.fr\/tyanheol\/wp-json\/wp\/v2\/comments?post=135"}],"version-history":[{"count":0,"href":"https:\/\/blogs.lyceecfadumene.fr\/tyanheol\/wp-json\/wp\/v2\/pages\/135\/revisions"}],"up":[{"embeddable":true,"href":"https:\/\/blogs.lyceecfadumene.fr\/tyanheol\/wp-json\/wp\/v2\/pages\/2"}],"wp:attachment":[{"href":"https:\/\/blogs.lyceecfadumene.fr\/tyanheol\/wp-json\/wp\/v2\/media?parent=135"}],"curies":[{"name":"wp","href":"https:\/\/api.w.org\/{rel}","templated":true}]}}