{"id":90,"date":"2022-06-17T15:36:27","date_gmt":"2022-06-17T13:36:27","guid":{"rendered":"https:\/\/blogs.lyceecfadumene.fr\/cdr\/?page_id=90"},"modified":"2026-03-13T15:57:21","modified_gmt":"2026-03-13T14:57:21","slug":"les-ressources-parcours","status":"publish","type":"page","link":"https:\/\/blogs.lyceecfadumene.fr\/cdr\/les-ressources-parcours\/","title":{"rendered":"Les ressources parcours"},"content":{"rendered":"\n<h1 class=\"wp-block-heading\" style=\"font-size:32px;font-style:normal;font-weight:600\">Les ressources parcours<\/h1>\n\n\n\n<h2 class=\"wp-block-heading has-text-align-center\"><strong>Sciences<\/strong><\/h2>\n\n\n\n<div class=\"wp-block-media-text is-stacked-on-mobile\"><figure class=\"wp-block-media-text__media\"><a href=\"https:\/\/blogs.lyceecfadumene.fr\/cdr\/les-ressources-parcours\/niveau-3\/mathematiques\/\"><img data-recalc-dims=\"1\" loading=\"lazy\" decoding=\"async\" width=\"1024\" height=\"341\" data-attachment-id=\"1111\" data-permalink=\"https:\/\/blogs.lyceecfadumene.fr\/cdr\/les-ressources-parcours\/niveau-3\/mathematiques\/ressources-maths\/\" data-orig-file=\"https:\/\/i0.wp.com\/blogs.lyceecfadumene.fr\/cdr\/files\/2024\/08\/Ressources-maths.png?fit=1500%2C500&amp;ssl=1\" data-orig-size=\"1500,500\" data-comments-opened=\"1\" data-image-meta=\"{&quot;aperture&quot;:&quot;0&quot;,&quot;credit&quot;:&quot;&quot;,&quot;camera&quot;:&quot;&quot;,&quot;caption&quot;:&quot;&quot;,&quot;created_timestamp&quot;:&quot;0&quot;,&quot;copyright&quot;:&quot;&quot;,&quot;focal_length&quot;:&quot;0&quot;,&quot;iso&quot;:&quot;0&quot;,&quot;shutter_speed&quot;:&quot;0&quot;,&quot;title&quot;:&quot;&quot;,&quot;orientation&quot;:&quot;0&quot;}\" data-image-title=\"Ressources maths\" data-image-description=\"\" data-image-caption=\"\" data-large-file=\"https:\/\/i0.wp.com\/blogs.lyceecfadumene.fr\/cdr\/files\/2024\/08\/Ressources-maths.png?fit=1024%2C341&amp;ssl=1\" src=\"https:\/\/i0.wp.com\/blogs.lyceecfadumene.fr\/cdr\/files\/2024\/08\/Ressources-maths.png?resize=1024%2C341\" alt=\"\" class=\"wp-image-1111 size-full\" srcset=\"https:\/\/i0.wp.com\/blogs.lyceecfadumene.fr\/cdr\/files\/2024\/08\/Ressources-maths.png?resize=1024%2C341&amp;ssl=1 1024w, https:\/\/i0.wp.com\/blogs.lyceecfadumene.fr\/cdr\/files\/2024\/08\/Ressources-maths.png?resize=400%2C133&amp;ssl=1 400w, https:\/\/i0.wp.com\/blogs.lyceecfadumene.fr\/cdr\/files\/2024\/08\/Ressources-maths.png?resize=768%2C256&amp;ssl=1 768w, https:\/\/i0.wp.com\/blogs.lyceecfadumene.fr\/cdr\/files\/2024\/08\/Ressources-maths.png?w=1500&amp;ssl=1 1500w\" sizes=\"auto, (max-width: 1000px) 100vw, 1000px\" \/><\/a><\/figure><div class=\"wp-block-media-text__content\">\n<div class=\"wp-block-buttons is-layout-flex wp-block-buttons-is-layout-flex\">\n<div class=\"wp-block-button\"><a class=\"wp-block-button__link wp-element-button\" href=\"https:\/\/blogs.lyceecfadumene.fr\/cdr\/les-ressources-parcours\/niveau-3\/mathematiques\/\">Math\u00e9matiques<\/a><\/div>\n<\/div>\n<\/div><\/div>\n\n\n\n<div class=\"wp-block-media-text is-stacked-on-mobile\"><figure class=\"wp-block-media-text__media\"><a href=\"https:\/\/blogs.lyceecfadumene.fr\/cdr\/biologie\/\"><img data-recalc-dims=\"1\" loading=\"lazy\" decoding=\"async\" width=\"1024\" height=\"341\" data-attachment-id=\"1177\" data-permalink=\"https:\/\/blogs.lyceecfadumene.fr\/cdr\/biologie\/ressources-biologiev2\/\" data-orig-file=\"https:\/\/i0.wp.com\/blogs.lyceecfadumene.fr\/cdr\/files\/2024\/08\/Ressources-biologiev2.png?fit=1500%2C500&amp;ssl=1\" data-orig-size=\"1500,500\" data-comments-opened=\"1\" data-image-meta=\"{&quot;aperture&quot;:&quot;0&quot;,&quot;credit&quot;:&quot;&quot;,&quot;camera&quot;:&quot;&quot;,&quot;caption&quot;:&quot;&quot;,&quot;created_timestamp&quot;:&quot;0&quot;,&quot;copyright&quot;:&quot;&quot;,&quot;focal_length&quot;:&quot;0&quot;,&quot;iso&quot;:&quot;0&quot;,&quot;shutter_speed&quot;:&quot;0&quot;,&quot;title&quot;:&quot;&quot;,&quot;orientation&quot;:&quot;0&quot;}\" data-image-title=\"Ressources biologiev2\" data-image-description=\"\" data-image-caption=\"\" data-large-file=\"https:\/\/i0.wp.com\/blogs.lyceecfadumene.fr\/cdr\/files\/2024\/08\/Ressources-biologiev2.png?fit=1024%2C341&amp;ssl=1\" src=\"https:\/\/i0.wp.com\/blogs.lyceecfadumene.fr\/cdr\/files\/2024\/08\/Ressources-biologiev2.png?resize=1024%2C341\" alt=\"\" class=\"wp-image-1177 size-full\" srcset=\"https:\/\/i0.wp.com\/blogs.lyceecfadumene.fr\/cdr\/files\/2024\/08\/Ressources-biologiev2.png?resize=1024%2C341&amp;ssl=1 1024w, https:\/\/i0.wp.com\/blogs.lyceecfadumene.fr\/cdr\/files\/2024\/08\/Ressources-biologiev2.png?resize=400%2C133&amp;ssl=1 400w, https:\/\/i0.wp.com\/blogs.lyceecfadumene.fr\/cdr\/files\/2024\/08\/Ressources-biologiev2.png?resize=768%2C256&amp;ssl=1 768w, https:\/\/i0.wp.com\/blogs.lyceecfadumene.fr\/cdr\/files\/2024\/08\/Ressources-biologiev2.png?w=1500&amp;ssl=1 1500w\" sizes=\"auto, (max-width: 1000px) 100vw, 1000px\" \/><\/a><\/figure><div class=\"wp-block-media-text__content\">\n<div class=\"wp-block-buttons is-layout-flex wp-block-buttons-is-layout-flex\">\n<div class=\"wp-block-button\"><a class=\"wp-block-button__link wp-element-button\" href=\"https:\/\/blogs.lyceecfadumene.fr\/cdr\/biologie\/\">Biologie &#8211; \u00e9cologie &#8211; botanique<\/a><\/div>\n<\/div>\n<\/div><\/div>\n\n\n\n<hr class=\"wp-block-separator has-text-color has-dark-gray-color has-css-opacity has-dark-gray-background-color has-background is-style-wide\" \/>\n\n\n\n<h2 class=\"wp-block-heading has-text-align-center\"><strong>Sciences humaines<\/strong><\/h2>\n\n\n\n<div class=\"wp-block-media-text is-stacked-on-mobile\"><figure class=\"wp-block-media-text__media\"><a href=\"https:\/\/blogs.lyceecfadumene.fr\/cdr\/francais\/\"><img data-recalc-dims=\"1\" loading=\"lazy\" decoding=\"async\" width=\"1024\" height=\"341\" data-attachment-id=\"1233\" data-permalink=\"https:\/\/blogs.lyceecfadumene.fr\/cdr\/francais\/ressources-francais\/\" data-orig-file=\"https:\/\/i0.wp.com\/blogs.lyceecfadumene.fr\/cdr\/files\/2026\/03\/Ressources-francais.png?fit=1500%2C500&amp;ssl=1\" data-orig-size=\"1500,500\" data-comments-opened=\"1\" data-image-meta=\"{&quot;aperture&quot;:&quot;0&quot;,&quot;credit&quot;:&quot;&quot;,&quot;camera&quot;:&quot;&quot;,&quot;caption&quot;:&quot;&quot;,&quot;created_timestamp&quot;:&quot;0&quot;,&quot;copyright&quot;:&quot;&quot;,&quot;focal_length&quot;:&quot;0&quot;,&quot;iso&quot;:&quot;0&quot;,&quot;shutter_speed&quot;:&quot;0&quot;,&quot;title&quot;:&quot;&quot;,&quot;orientation&quot;:&quot;0&quot;}\" data-image-title=\"Ressources fran\u00e7ais\" data-image-description=\"\" data-image-caption=\"\" data-large-file=\"https:\/\/i0.wp.com\/blogs.lyceecfadumene.fr\/cdr\/files\/2026\/03\/Ressources-francais.png?fit=1024%2C341&amp;ssl=1\" src=\"https:\/\/i0.wp.com\/blogs.lyceecfadumene.fr\/cdr\/files\/2026\/03\/Ressources-francais.png?resize=1024%2C341\" alt=\"\" class=\"wp-image-1233 size-full\" srcset=\"https:\/\/i0.wp.com\/blogs.lyceecfadumene.fr\/cdr\/files\/2026\/03\/Ressources-francais.png?resize=1024%2C341&amp;ssl=1 1024w, https:\/\/i0.wp.com\/blogs.lyceecfadumene.fr\/cdr\/files\/2026\/03\/Ressources-francais.png?resize=400%2C133&amp;ssl=1 400w, https:\/\/i0.wp.com\/blogs.lyceecfadumene.fr\/cdr\/files\/2026\/03\/Ressources-francais.png?resize=768%2C256&amp;ssl=1 768w, https:\/\/i0.wp.com\/blogs.lyceecfadumene.fr\/cdr\/files\/2026\/03\/Ressources-francais.png?w=1500&amp;ssl=1 1500w\" sizes=\"auto, (max-width: 1000px) 100vw, 1000px\" \/><\/a><\/figure><div class=\"wp-block-media-text__content\">\n<div class=\"wp-block-buttons is-layout-flex wp-block-buttons-is-layout-flex\">\n<div class=\"wp-block-button\"><a class=\"wp-block-button__link wp-element-button\" href=\"https:\/\/blogs.lyceecfadumene.fr\/cdr\/francais\/\">Fran\u00e7ais<\/a><\/div>\n<\/div>\n<\/div><\/div>\n\n\n\n<div class=\"wp-block-media-text is-stacked-on-mobile\"><figure class=\"wp-block-media-text__media\"><a href=\"https:\/\/blogs.lyceecfadumene.fr\/cdr\/histoire-geographie\/\"><img data-recalc-dims=\"1\" loading=\"lazy\" decoding=\"async\" width=\"1024\" height=\"341\" data-attachment-id=\"1267\" data-permalink=\"https:\/\/blogs.lyceecfadumene.fr\/cdr\/histoire-geographie\/ressources-histoire-geo\/\" data-orig-file=\"https:\/\/i0.wp.com\/blogs.lyceecfadumene.fr\/cdr\/files\/2026\/03\/Ressources-histoire-geo.png?fit=1500%2C500&amp;ssl=1\" data-orig-size=\"1500,500\" data-comments-opened=\"1\" data-image-meta=\"{&quot;aperture&quot;:&quot;0&quot;,&quot;credit&quot;:&quot;&quot;,&quot;camera&quot;:&quot;&quot;,&quot;caption&quot;:&quot;&quot;,&quot;created_timestamp&quot;:&quot;0&quot;,&quot;copyright&quot;:&quot;&quot;,&quot;focal_length&quot;:&quot;0&quot;,&quot;iso&quot;:&quot;0&quot;,&quot;shutter_speed&quot;:&quot;0&quot;,&quot;title&quot;:&quot;&quot;,&quot;orientation&quot;:&quot;0&quot;}\" data-image-title=\"Ressources histoire-geo\" data-image-description=\"\" data-image-caption=\"\" data-large-file=\"https:\/\/i0.wp.com\/blogs.lyceecfadumene.fr\/cdr\/files\/2026\/03\/Ressources-histoire-geo.png?fit=1024%2C341&amp;ssl=1\" src=\"https:\/\/i0.wp.com\/blogs.lyceecfadumene.fr\/cdr\/files\/2026\/03\/Ressources-histoire-geo.png?resize=1024%2C341\" alt=\"\" class=\"wp-image-1267 size-full\" srcset=\"https:\/\/i0.wp.com\/blogs.lyceecfadumene.fr\/cdr\/files\/2026\/03\/Ressources-histoire-geo.png?resize=1024%2C341&amp;ssl=1 1024w, https:\/\/i0.wp.com\/blogs.lyceecfadumene.fr\/cdr\/files\/2026\/03\/Ressources-histoire-geo.png?resize=400%2C133&amp;ssl=1 400w, https:\/\/i0.wp.com\/blogs.lyceecfadumene.fr\/cdr\/files\/2026\/03\/Ressources-histoire-geo.png?resize=768%2C256&amp;ssl=1 768w, https:\/\/i0.wp.com\/blogs.lyceecfadumene.fr\/cdr\/files\/2026\/03\/Ressources-histoire-geo.png?w=1500&amp;ssl=1 1500w\" sizes=\"auto, (max-width: 1000px) 100vw, 1000px\" \/><\/a><\/figure><div class=\"wp-block-media-text__content\">\n<div class=\"wp-block-buttons is-layout-flex wp-block-buttons-is-layout-flex\">\n<div class=\"wp-block-button\"><a class=\"wp-block-button__link wp-element-button\" href=\"https:\/\/blogs.lyceecfadumene.fr\/cdr\/histoire-geographie\/\">Histoire &#8211; g\u00e9ographie<\/a><\/div>\n<\/div>\n<\/div><\/div>\n\n\n\n<div class=\"wp-block-media-text is-stacked-on-mobile\"><figure class=\"wp-block-media-text__media\"><a href=\"https:\/\/blogs.lyceecfadumene.fr\/cdr\/anglais\/\"><img data-recalc-dims=\"1\" loading=\"lazy\" decoding=\"async\" width=\"1024\" height=\"341\" data-attachment-id=\"1095\" data-permalink=\"https:\/\/blogs.lyceecfadumene.fr\/cdr\/anglais\/ressources-anglais\/\" data-orig-file=\"https:\/\/i0.wp.com\/blogs.lyceecfadumene.fr\/cdr\/files\/2024\/06\/Ressources-anglais.png?fit=1500%2C500&amp;ssl=1\" data-orig-size=\"1500,500\" data-comments-opened=\"1\" data-image-meta=\"{&quot;aperture&quot;:&quot;0&quot;,&quot;credit&quot;:&quot;&quot;,&quot;camera&quot;:&quot;&quot;,&quot;caption&quot;:&quot;&quot;,&quot;created_timestamp&quot;:&quot;0&quot;,&quot;copyright&quot;:&quot;&quot;,&quot;focal_length&quot;:&quot;0&quot;,&quot;iso&quot;:&quot;0&quot;,&quot;shutter_speed&quot;:&quot;0&quot;,&quot;title&quot;:&quot;&quot;,&quot;orientation&quot;:&quot;0&quot;}\" data-image-title=\"Ressources-anglais\" data-image-description=\"\" data-image-caption=\"\" data-large-file=\"https:\/\/i0.wp.com\/blogs.lyceecfadumene.fr\/cdr\/files\/2024\/06\/Ressources-anglais.png?fit=1024%2C341&amp;ssl=1\" src=\"https:\/\/i0.wp.com\/blogs.lyceecfadumene.fr\/cdr\/files\/2024\/06\/Ressources-anglais.png?resize=1024%2C341\" alt=\"\" class=\"wp-image-1095 size-full\" srcset=\"https:\/\/i0.wp.com\/blogs.lyceecfadumene.fr\/cdr\/files\/2024\/06\/Ressources-anglais.png?resize=1024%2C341&amp;ssl=1 1024w, https:\/\/i0.wp.com\/blogs.lyceecfadumene.fr\/cdr\/files\/2024\/06\/Ressources-anglais.png?resize=400%2C133&amp;ssl=1 400w, https:\/\/i0.wp.com\/blogs.lyceecfadumene.fr\/cdr\/files\/2024\/06\/Ressources-anglais.png?resize=768%2C256&amp;ssl=1 768w, https:\/\/i0.wp.com\/blogs.lyceecfadumene.fr\/cdr\/files\/2024\/06\/Ressources-anglais.png?w=1500&amp;ssl=1 1500w\" sizes=\"auto, (max-width: 1000px) 100vw, 1000px\" \/><\/a><\/figure><div class=\"wp-block-media-text__content\">\n<div class=\"wp-block-buttons is-layout-flex wp-block-buttons-is-layout-flex\">\n<div class=\"wp-block-button\"><a class=\"wp-block-button__link wp-element-button\" href=\"https:\/\/blogs.lyceecfadumene.fr\/cdr\/anglais\/\">Anglais<\/a><\/div>\n<\/div>\n<\/div><\/div>\n\n\n\n<hr class=\"wp-block-separator has-text-color has-dark-gray-color has-css-opacity has-dark-gray-background-color has-background is-style-wide\" \/>\n\n\n\n<p><\/p>\n","protected":false},"excerpt":{"rendered":"<p>Les ressources parcours Sciences Sciences humaines<\/p>\n","protected":false},"author":103,"featured_media":0,"parent":0,"menu_order":0,"comment_status":"closed","ping_status":"closed","template":"","meta":{"footnotes":""},"class_list":["post-90","page","type-page","status-publish","hentry"],"aioseo_notices":[],"jetpack_sharing_enabled":true,"jetpack-related-posts":[{"id":159,"url":"https:\/\/blogs.lyceecfadumene.fr\/cdr\/les-ressources-parcours\/niveau-3\/","url_meta":{"origin":90,"position":0},"title":"Niveau 3","author":"fdouan","date":"21 juin 2022","format":false,"excerpt":"Contenu destin\u00e9 au CAPA JP tri\u00e9 par th\u00e9matique ou par discipline Cliquez ici Contenu destin\u00e9 au BPA TAP tri\u00e9 par th\u00e9matique ou par discipline Cliquez ici Contenu destin\u00e9 au CAP Fleuriste tri\u00e9 par th\u00e9matique ou par discipline Cliquez ici","rel":"","context":"Article similaire","block_context":{"text":"Article similaire","link":""},"img":{"alt_text":"","src":"https:\/\/i0.wp.com\/blogs.lyceecfadumene.fr\/cdr\/files\/2022\/06\/CAPA-JP-banniere.png?resize=350%2C200&ssl=1","width":350,"height":200,"srcset":"https:\/\/i0.wp.com\/blogs.lyceecfadumene.fr\/cdr\/files\/2022\/06\/CAPA-JP-banniere.png?resize=350%2C200&ssl=1 1x, https:\/\/i0.wp.com\/blogs.lyceecfadumene.fr\/cdr\/files\/2022\/06\/CAPA-JP-banniere.png?resize=525%2C300&ssl=1 1.5x, https:\/\/i0.wp.com\/blogs.lyceecfadumene.fr\/cdr\/files\/2022\/06\/CAPA-JP-banniere.png?resize=700%2C400&ssl=1 2x, https:\/\/i0.wp.com\/blogs.lyceecfadumene.fr\/cdr\/files\/2022\/06\/CAPA-JP-banniere.png?resize=1050%2C600&ssl=1 3x, https:\/\/i0.wp.com\/blogs.lyceecfadumene.fr\/cdr\/files\/2022\/06\/CAPA-JP-banniere.png?resize=1400%2C800&ssl=1 4x"},"classes":[]},{"id":233,"url":"https:\/\/blogs.lyceecfadumene.fr\/cdr\/btsa-ap\/","url_meta":{"origin":90,"position":1},"title":"BTSA AP","author":"fdouan","date":"28 juin 2022","format":false,"excerpt":"Cette page regroupe les ressources parcours ( soit les ressources de contenu ou d\u2019exercices pouvant servir directement en cours ou en autonomie aux apprenants, pour en savoir plus, vous pouvez consulter le Lexique afin d\u2019obtenir davantage de typologie de ressources ) concernant le BTSA Am\u00e9nagements Paysagers. Ces ressources sont class\u00e9es\u2026","rel":"","context":"Article similaire","block_context":{"text":"Article similaire","link":""},"img":{"alt_text":"","src":"https:\/\/i0.wp.com\/blogs.lyceecfadumene.fr\/cdr\/files\/2022\/06\/Banniere-blog-BTS-AP.png?fit=1200%2C400&ssl=1&resize=350%2C200","width":350,"height":200,"srcset":"https:\/\/i0.wp.com\/blogs.lyceecfadumene.fr\/cdr\/files\/2022\/06\/Banniere-blog-BTS-AP.png?fit=1200%2C400&ssl=1&resize=350%2C200 1x, https:\/\/i0.wp.com\/blogs.lyceecfadumene.fr\/cdr\/files\/2022\/06\/Banniere-blog-BTS-AP.png?fit=1200%2C400&ssl=1&resize=525%2C300 1.5x, https:\/\/i0.wp.com\/blogs.lyceecfadumene.fr\/cdr\/files\/2022\/06\/Banniere-blog-BTS-AP.png?fit=1200%2C400&ssl=1&resize=700%2C400 2x, https:\/\/i0.wp.com\/blogs.lyceecfadumene.fr\/cdr\/files\/2022\/06\/Banniere-blog-BTS-AP.png?fit=1200%2C400&ssl=1&resize=1050%2C600 3x"},"classes":[]},{"id":237,"url":"https:\/\/blogs.lyceecfadumene.fr\/cdr\/btsa-apv\/","url_meta":{"origin":90,"position":2},"title":"BTSA APV","author":"fdouan","date":"28 juin 2022","format":false,"excerpt":"Cette page regroupe les ressources parcours ( soit les ressources de contenu ou d\u2019exercices pouvant servir directement en cours ou en autonomie aux apprenants, pour en savoir plus, vous pouvez consulter le Lexique afin d\u2019obtenir davantage de typologie de ressources ) concernant le BTSA Agronomie : Production V\u00e9g\u00e9tale. Ces ressources\u2026","rel":"","context":"Article similaire","block_context":{"text":"Article similaire","link":""},"img":{"alt_text":"","src":"https:\/\/i0.wp.com\/blogs.lyceecfadumene.fr\/cdr\/files\/2022\/06\/Banniere-blog-BTS-APV.png?fit=1200%2C400&ssl=1&resize=350%2C200","width":350,"height":200,"srcset":"https:\/\/i0.wp.com\/blogs.lyceecfadumene.fr\/cdr\/files\/2022\/06\/Banniere-blog-BTS-APV.png?fit=1200%2C400&ssl=1&resize=350%2C200 1x, https:\/\/i0.wp.com\/blogs.lyceecfadumene.fr\/cdr\/files\/2022\/06\/Banniere-blog-BTS-APV.png?fit=1200%2C400&ssl=1&resize=525%2C300 1.5x, https:\/\/i0.wp.com\/blogs.lyceecfadumene.fr\/cdr\/files\/2022\/06\/Banniere-blog-BTS-APV.png?fit=1200%2C400&ssl=1&resize=700%2C400 2x, https:\/\/i0.wp.com\/blogs.lyceecfadumene.fr\/cdr\/files\/2022\/06\/Banniere-blog-BTS-APV.png?fit=1200%2C400&ssl=1&resize=1050%2C600 3x"},"classes":[]},{"id":144,"url":"https:\/\/blogs.lyceecfadumene.fr\/cdr\/les-ressources-parcours\/capa-jp\/","url_meta":{"origin":90,"position":3},"title":"CAPA JP","author":"fdouan","date":"21 juin 2022","format":false,"excerpt":"Cette page regroupe les ressources parcours ( soit les ressources de contenu ou d'exercices pouvant servir directement en cours ou en autonomie aux apprenants, pour en savoir plus, vous pouvez consulter le Lexique afin d'obtenir davantage de typologie de ressources ) concernant le CAPA Jardinier Paysagiste. Ces ressources sont class\u00e9es\u2026","rel":"","context":"Article similaire","block_context":{"text":"Article similaire","link":""},"img":{"alt_text":"","src":"https:\/\/i0.wp.com\/blogs.lyceecfadumene.fr\/cdr\/files\/2022\/06\/CAPA-JP-banniere.png?fit=1200%2C400&ssl=1&resize=350%2C200","width":350,"height":200,"srcset":"https:\/\/i0.wp.com\/blogs.lyceecfadumene.fr\/cdr\/files\/2022\/06\/CAPA-JP-banniere.png?fit=1200%2C400&ssl=1&resize=350%2C200 1x, https:\/\/i0.wp.com\/blogs.lyceecfadumene.fr\/cdr\/files\/2022\/06\/CAPA-JP-banniere.png?fit=1200%2C400&ssl=1&resize=525%2C300 1.5x, https:\/\/i0.wp.com\/blogs.lyceecfadumene.fr\/cdr\/files\/2022\/06\/CAPA-JP-banniere.png?fit=1200%2C400&ssl=1&resize=700%2C400 2x, https:\/\/i0.wp.com\/blogs.lyceecfadumene.fr\/cdr\/files\/2022\/06\/CAPA-JP-banniere.png?fit=1200%2C400&ssl=1&resize=1050%2C600 3x"},"classes":[]},{"id":214,"url":"https:\/\/blogs.lyceecfadumene.fr\/cdr\/niveau-4\/bac-pro-vente\/","url_meta":{"origin":90,"position":4},"title":"Bac Pro Vente","author":"fdouan","date":"28 juin 2022","format":false,"excerpt":"Cette page regroupe les ressources parcours ( soit les ressources de contenu ou d'exercices pouvant servir directement en cours ou en autonomie aux apprenants, pour en savoir plus, vous pouvez consulter le Lexique afin d'obtenir davantage de typologie de ressources ) concernant le Bac pro vente ( TCVUJ et TCVA\u2026","rel":"","context":"Article similaire","block_context":{"text":"Article similaire","link":""},"img":{"alt_text":"","src":"https:\/\/i0.wp.com\/blogs.lyceecfadumene.fr\/cdr\/files\/2022\/06\/Banniere-blog-Bac-Pro-vente.png?fit=1200%2C400&ssl=1&resize=350%2C200","width":350,"height":200,"srcset":"https:\/\/i0.wp.com\/blogs.lyceecfadumene.fr\/cdr\/files\/2022\/06\/Banniere-blog-Bac-Pro-vente.png?fit=1200%2C400&ssl=1&resize=350%2C200 1x, https:\/\/i0.wp.com\/blogs.lyceecfadumene.fr\/cdr\/files\/2022\/06\/Banniere-blog-Bac-Pro-vente.png?fit=1200%2C400&ssl=1&resize=525%2C300 1.5x, https:\/\/i0.wp.com\/blogs.lyceecfadumene.fr\/cdr\/files\/2022\/06\/Banniere-blog-Bac-Pro-vente.png?fit=1200%2C400&ssl=1&resize=700%2C400 2x, https:\/\/i0.wp.com\/blogs.lyceecfadumene.fr\/cdr\/files\/2022\/06\/Banniere-blog-Bac-Pro-vente.png?fit=1200%2C400&ssl=1&resize=1050%2C600 3x"},"classes":[]},{"id":165,"url":"https:\/\/blogs.lyceecfadumene.fr\/cdr\/les-ressources-parcours\/niveau-3\/mathematiques\/","url_meta":{"origin":90,"position":5},"title":"Ressources Math\u00e9matiques","author":"fdouan","date":"21 juin 2022","format":false,"excerpt":"Cette page contient des ressources pour les math\u00e9matiques. Il y a des contenus et des exercices. Les \u00e9l\u00e8ves peuvent les utiliser en classe ou seuls. Les ressources sont class\u00e9es par niveau et parfois par sp\u00e9cialit\u00e9. Le type de support est indiqu\u00e9. Si le support sur lequel se trouve la ressource\u2026","rel":"","context":"Article similaire","block_context":{"text":"Article similaire","link":""},"img":{"alt_text":"","src":"https:\/\/i0.wp.com\/blogs.lyceecfadumene.fr\/cdr\/files\/2024\/08\/geometry-1023846_1280bis.jpg?fit=1150%2C350&ssl=1&resize=350%2C200","width":350,"height":200,"srcset":"https:\/\/i0.wp.com\/blogs.lyceecfadumene.fr\/cdr\/files\/2024\/08\/geometry-1023846_1280bis.jpg?fit=1150%2C350&ssl=1&resize=350%2C200 1x, https:\/\/i0.wp.com\/blogs.lyceecfadumene.fr\/cdr\/files\/2024\/08\/geometry-1023846_1280bis.jpg?fit=1150%2C350&ssl=1&resize=525%2C300 1.5x, https:\/\/i0.wp.com\/blogs.lyceecfadumene.fr\/cdr\/files\/2024\/08\/geometry-1023846_1280bis.jpg?fit=1150%2C350&ssl=1&resize=700%2C400 2x, https:\/\/i0.wp.com\/blogs.lyceecfadumene.fr\/cdr\/files\/2024\/08\/geometry-1023846_1280bis.jpg?fit=1150%2C350&ssl=1&resize=1050%2C600 3x"},"classes":[]}],"_links":{"self":[{"href":"https:\/\/blogs.lyceecfadumene.fr\/cdr\/wp-json\/wp\/v2\/pages\/90","targetHints":{"allow":["GET"]}}],"collection":[{"href":"https:\/\/blogs.lyceecfadumene.fr\/cdr\/wp-json\/wp\/v2\/pages"}],"about":[{"href":"https:\/\/blogs.lyceecfadumene.fr\/cdr\/wp-json\/wp\/v2\/types\/page"}],"author":[{"embeddable":true,"href":"https:\/\/blogs.lyceecfadumene.fr\/cdr\/wp-json\/wp\/v2\/users\/103"}],"replies":[{"embeddable":true,"href":"https:\/\/blogs.lyceecfadumene.fr\/cdr\/wp-json\/wp\/v2\/comments?post=90"}],"version-history":[{"count":8,"href":"https:\/\/blogs.lyceecfadumene.fr\/cdr\/wp-json\/wp\/v2\/pages\/90\/revisions"}],"predecessor-version":[{"id":1331,"href":"https:\/\/blogs.lyceecfadumene.fr\/cdr\/wp-json\/wp\/v2\/pages\/90\/revisions\/1331"}],"wp:attachment":[{"href":"https:\/\/blogs.lyceecfadumene.fr\/cdr\/wp-json\/wp\/v2\/media?parent=90"}],"curies":[{"name":"wp","href":"https:\/\/api.w.org\/{rel}","templated":true}]}}