{"id":691,"date":"2023-06-22T13:49:00","date_gmt":"2023-06-22T11:49:00","guid":{"rendered":"https:\/\/blogs.lyceecfadumene.fr\/cdr\/?page_id=691"},"modified":"2025-12-12T12:08:02","modified_gmt":"2025-12-12T11:08:02","slug":"creation-de-ressources-numeriques","status":"publish","type":"page","link":"https:\/\/blogs.lyceecfadumene.fr\/cdr\/creation-de-ressources-numeriques\/","title":{"rendered":"Cr\u00e9ation de ressources num\u00e9riques"},"content":{"rendered":"\n<p>Le CDR organise r\u00e9guli\u00e8rement des formations pour aider l&rsquo;\u00e9quipe p\u00e9dagogique \u00e0 cr\u00e9er de nouvelles ressources num\u00e9riques.<\/p>\n\n\n\n<p>Pour chacune de ces formations, un livret de formation est disponible :<\/p>\n\n\n\n<div class=\"wp-block-columns alignwide is-layout-flex wp-container-core-columns-is-layout-d0b3c9c8 wp-block-columns-is-layout-flex\">\n<div class=\"wp-block-column is-layout-flow wp-block-column-is-layout-flow\" style=\"--col-width:66.66%;flex-basis:66.66%\">\n<div class=\"wp-block-media-text is-stacked-on-mobile\" style=\"grid-template-columns:33% auto\"><figure class=\"wp-block-media-text__media\"><img data-recalc-dims=\"1\" loading=\"lazy\" decoding=\"async\" width=\"1024\" height=\"819\" data-attachment-id=\"1035\" data-permalink=\"https:\/\/blogs.lyceecfadumene.fr\/cdr\/creation-de-ressources-numeriques\/logo1\/\" data-orig-file=\"https:\/\/i0.wp.com\/blogs.lyceecfadumene.fr\/cdr\/files\/2024\/03\/Logo1.jpeg?fit=2048%2C1638&amp;ssl=1\" data-orig-size=\"2048,1638\" data-comments-opened=\"1\" data-image-meta=\"{&quot;aperture&quot;:&quot;0&quot;,&quot;credit&quot;:&quot;&quot;,&quot;camera&quot;:&quot;&quot;,&quot;caption&quot;:&quot;&quot;,&quot;created_timestamp&quot;:&quot;0&quot;,&quot;copyright&quot;:&quot;&quot;,&quot;focal_length&quot;:&quot;0&quot;,&quot;iso&quot;:&quot;0&quot;,&quot;shutter_speed&quot;:&quot;0&quot;,&quot;title&quot;:&quot;&quot;,&quot;orientation&quot;:&quot;0&quot;}\" data-image-title=\"Logo1\" data-image-description=\"\" data-image-caption=\"\" data-large-file=\"https:\/\/i0.wp.com\/blogs.lyceecfadumene.fr\/cdr\/files\/2024\/03\/Logo1.jpeg?fit=1024%2C819&amp;ssl=1\" src=\"https:\/\/i0.wp.com\/blogs.lyceecfadumene.fr\/cdr\/files\/2024\/03\/Logo1.jpeg?resize=1024%2C819\" alt=\"\" class=\"wp-image-1035 size-full\" srcset=\"https:\/\/i0.wp.com\/blogs.lyceecfadumene.fr\/cdr\/files\/2024\/03\/Logo1.jpeg?resize=1024%2C819&amp;ssl=1 1024w, https:\/\/i0.wp.com\/blogs.lyceecfadumene.fr\/cdr\/files\/2024\/03\/Logo1.jpeg?resize=400%2C320&amp;ssl=1 400w, https:\/\/i0.wp.com\/blogs.lyceecfadumene.fr\/cdr\/files\/2024\/03\/Logo1.jpeg?resize=768%2C614&amp;ssl=1 768w, https:\/\/i0.wp.com\/blogs.lyceecfadumene.fr\/cdr\/files\/2024\/03\/Logo1.jpeg?resize=1536%2C1229&amp;ssl=1 1536w, https:\/\/i0.wp.com\/blogs.lyceecfadumene.fr\/cdr\/files\/2024\/03\/Logo1.jpeg?w=2048&amp;ssl=1 2048w\" sizes=\"auto, (max-width: 1000px) 100vw, 1000px\" \/><\/figure><div class=\"wp-block-media-text__content\">\n<p>Formation cr\u00e9ation de quiz interactifs et synchrones et augmentation de son animation de cours avec Kahoot et Plickers<\/p>\n<\/div><\/div>\n<\/div>\n\n\n\n<div class=\"wp-block-column tw-stretched-link is-layout-flow wp-container-core-column-is-layout-1e646b12 wp-block-column-is-layout-flow\" style=\"--col-width:33.33%;padding-top:var(--wp--preset--spacing--60);padding-bottom:var(--wp--preset--spacing--60);flex-basis:33.33%\">\n<div class=\"wp-block-buttons is-layout-flex wp-block-buttons-is-layout-flex\">\n<div class=\"wp-block-button is-style-fill\"><a class=\"wp-block-button__link has-foreground-color has-vivid-green-cyan-background-color has-text-color has-background has-link-color wp-element-button\" href=\"https:\/\/blogs.lyceecfadumene.fr\/cdr\/files\/2024\/03\/Livret-de-formation-Kahoot-Plickersv2-1.pdf\" style=\"border-radius:17px\" target=\"_blank\" rel=\"noreferrer noopener\"><strong>T\u00e9l\u00e9charger le livret de Formation Kahoot\/Plickers<\/strong><\/a><\/div>\n<\/div>\n<\/div>\n<\/div>\n\n\n\n<div class=\"wp-block-columns alignwide is-layout-flex wp-container-core-columns-is-layout-d0b3c9c8 wp-block-columns-is-layout-flex\">\n<div class=\"wp-block-column is-layout-flow wp-block-column-is-layout-flow\" style=\"--col-width:66.66%;flex-basis:66.66%\">\n<div class=\"wp-block-media-text is-stacked-on-mobile\" style=\"grid-template-columns:33% auto\"><figure class=\"wp-block-media-text__media\"><img data-recalc-dims=\"1\" loading=\"lazy\" decoding=\"async\" width=\"750\" height=\"530\" data-attachment-id=\"1041\" data-permalink=\"https:\/\/blogs.lyceecfadumene.fr\/cdr\/creation-de-ressources-numeriques\/canva-pro-freepetit\/\" data-orig-file=\"https:\/\/i0.wp.com\/blogs.lyceecfadumene.fr\/cdr\/files\/2024\/03\/canva-pro-freepetit.png?fit=750%2C530&amp;ssl=1\" data-orig-size=\"750,530\" data-comments-opened=\"1\" data-image-meta=\"{&quot;aperture&quot;:&quot;0&quot;,&quot;credit&quot;:&quot;&quot;,&quot;camera&quot;:&quot;&quot;,&quot;caption&quot;:&quot;&quot;,&quot;created_timestamp&quot;:&quot;0&quot;,&quot;copyright&quot;:&quot;&quot;,&quot;focal_length&quot;:&quot;0&quot;,&quot;iso&quot;:&quot;0&quot;,&quot;shutter_speed&quot;:&quot;0&quot;,&quot;title&quot;:&quot;&quot;,&quot;orientation&quot;:&quot;0&quot;}\" data-image-title=\"canva-pro-freepetit\" data-image-description=\"\" data-image-caption=\"\" data-large-file=\"https:\/\/i0.wp.com\/blogs.lyceecfadumene.fr\/cdr\/files\/2024\/03\/canva-pro-freepetit.png?fit=750%2C530&amp;ssl=1\" src=\"https:\/\/i0.wp.com\/blogs.lyceecfadumene.fr\/cdr\/files\/2024\/03\/canva-pro-freepetit.png?resize=750%2C530&#038;ssl=1\" alt=\"\" class=\"wp-image-1041 size-full\" srcset=\"https:\/\/i0.wp.com\/blogs.lyceecfadumene.fr\/cdr\/files\/2024\/03\/canva-pro-freepetit.png?w=750&amp;ssl=1 750w, https:\/\/i0.wp.com\/blogs.lyceecfadumene.fr\/cdr\/files\/2024\/03\/canva-pro-freepetit.png?resize=400%2C283&amp;ssl=1 400w\" sizes=\"auto, (max-width: 750px) 100vw, 750px\" \/><\/figure><div class=\"wp-block-media-text__content\">\n<p>Formation cr\u00e9ation de design et de pr\u00e9sentations avec Canva<\/p>\n<\/div><\/div>\n<\/div>\n\n\n\n<div class=\"wp-block-column tw-stretched-link is-layout-flow wp-container-core-column-is-layout-1e646b12 wp-block-column-is-layout-flow\" style=\"--col-width:33.33%;padding-top:var(--wp--preset--spacing--60);padding-bottom:var(--wp--preset--spacing--60);flex-basis:33.33%\">\n<div class=\"wp-block-buttons is-layout-flex wp-block-buttons-is-layout-flex\">\n<div class=\"wp-block-button is-style-fill\"><a class=\"wp-block-button__link has-foreground-color has-vivid-green-cyan-background-color has-text-color has-background has-link-color wp-element-button\" href=\"https:\/\/blogs.lyceecfadumene.fr\/cdr\/files\/2024\/03\/Livret-de-formation-Canva.pdf\" style=\"border-radius:17px\" target=\"_blank\" rel=\"noreferrer noopener\"><strong>T\u00e9l\u00e9charger le livret de Formation Canva<\/strong><\/a><\/div>\n<\/div>\n<\/div>\n<\/div>\n\n\n\n<div class=\"wp-block-columns alignwide is-layout-flex wp-container-core-columns-is-layout-d0b3c9c8 wp-block-columns-is-layout-flex\">\n<div class=\"wp-block-column is-layout-flow wp-block-column-is-layout-flow\" style=\"--col-width:66.66%;flex-basis:66.66%\">\n<div class=\"wp-block-media-text is-stacked-on-mobile\" style=\"grid-template-columns:33% auto\"><figure class=\"wp-block-media-text__media\"><img data-recalc-dims=\"1\" loading=\"lazy\" decoding=\"async\" width=\"438\" height=\"374\" data-attachment-id=\"1044\" data-permalink=\"https:\/\/blogs.lyceecfadumene.fr\/cdr\/creation-de-ressources-numeriques\/logo-h5p\/\" data-orig-file=\"https:\/\/i0.wp.com\/blogs.lyceecfadumene.fr\/cdr\/files\/2024\/03\/logo-H5P.png?fit=438%2C374&amp;ssl=1\" data-orig-size=\"438,374\" data-comments-opened=\"1\" data-image-meta=\"{&quot;aperture&quot;:&quot;0&quot;,&quot;credit&quot;:&quot;&quot;,&quot;camera&quot;:&quot;&quot;,&quot;caption&quot;:&quot;&quot;,&quot;created_timestamp&quot;:&quot;0&quot;,&quot;copyright&quot;:&quot;&quot;,&quot;focal_length&quot;:&quot;0&quot;,&quot;iso&quot;:&quot;0&quot;,&quot;shutter_speed&quot;:&quot;0&quot;,&quot;title&quot;:&quot;&quot;,&quot;orientation&quot;:&quot;0&quot;}\" data-image-title=\"logo-H5P\" data-image-description=\"\" data-image-caption=\"\" data-large-file=\"https:\/\/i0.wp.com\/blogs.lyceecfadumene.fr\/cdr\/files\/2024\/03\/logo-H5P.png?fit=438%2C374&amp;ssl=1\" src=\"https:\/\/i0.wp.com\/blogs.lyceecfadumene.fr\/cdr\/files\/2024\/03\/logo-H5P.png?resize=438%2C374&#038;ssl=1\" alt=\"\" class=\"wp-image-1044 size-full\" srcset=\"https:\/\/i0.wp.com\/blogs.lyceecfadumene.fr\/cdr\/files\/2024\/03\/logo-H5P.png?w=438&amp;ssl=1 438w, https:\/\/i0.wp.com\/blogs.lyceecfadumene.fr\/cdr\/files\/2024\/03\/logo-H5P.png?resize=400%2C342&amp;ssl=1 400w\" sizes=\"auto, (max-width: 438px) 100vw, 438px\" \/><\/figure><div class=\"wp-block-media-text__content\">\n<p>Formation cr\u00e9ation d&rsquo;exercices interactifs et autocorrectifs en format H5P sur le logiciel Logiquiz de la Digitale<\/p>\n<\/div><\/div>\n<\/div>\n\n\n\n<div class=\"wp-block-column tw-stretched-link is-layout-flow wp-container-core-column-is-layout-1e646b12 wp-block-column-is-layout-flow\" style=\"--col-width:33.33%;padding-top:var(--wp--preset--spacing--60);padding-bottom:var(--wp--preset--spacing--60);flex-basis:33.33%\">\n<div class=\"wp-block-buttons is-layout-flex wp-block-buttons-is-layout-flex\">\n<div class=\"wp-block-button is-style-fill\"><a class=\"wp-block-button__link has-foreground-color has-vivid-green-cyan-background-color has-text-color has-background has-link-color wp-element-button\" href=\"https:\/\/blogs.lyceecfadumene.fr\/cdr\/files\/2024\/03\/Livret-de-formation-H5P.pdf\" style=\"border-radius:17px\" target=\"_blank\" rel=\"noreferrer noopener\"><strong>T\u00e9l\u00e9charger le livret de Formation H5P<\/strong><\/a><\/div>\n<\/div>\n<\/div>\n<\/div>\n\n\n\n<div class=\"wp-block-columns alignwide is-layout-flex wp-container-core-columns-is-layout-d0b3c9c8 wp-block-columns-is-layout-flex\">\n<div class=\"wp-block-column is-layout-flow wp-block-column-is-layout-flow\" style=\"--col-width:66.66%;flex-basis:66.66%\">\n<div class=\"wp-block-media-text is-stacked-on-mobile\" style=\"grid-template-columns:33% auto\"><figure class=\"wp-block-media-text__media\"><img data-recalc-dims=\"1\" loading=\"lazy\" decoding=\"async\" width=\"402\" height=\"367\" data-attachment-id=\"1222\" data-permalink=\"https:\/\/blogs.lyceecfadumene.fr\/cdr\/creation-de-ressources-numeriques\/image-differenciation\/\" data-orig-file=\"https:\/\/i0.wp.com\/blogs.lyceecfadumene.fr\/cdr\/files\/2025\/12\/image-differenciation.png?fit=402%2C367&amp;ssl=1\" data-orig-size=\"402,367\" data-comments-opened=\"1\" data-image-meta=\"{&quot;aperture&quot;:&quot;0&quot;,&quot;credit&quot;:&quot;&quot;,&quot;camera&quot;:&quot;&quot;,&quot;caption&quot;:&quot;&quot;,&quot;created_timestamp&quot;:&quot;0&quot;,&quot;copyright&quot;:&quot;&quot;,&quot;focal_length&quot;:&quot;0&quot;,&quot;iso&quot;:&quot;0&quot;,&quot;shutter_speed&quot;:&quot;0&quot;,&quot;title&quot;:&quot;&quot;,&quot;orientation&quot;:&quot;0&quot;}\" data-image-title=\"image diff\u00e9renciation\" data-image-description=\"\" data-image-caption=\"\" data-large-file=\"https:\/\/i0.wp.com\/blogs.lyceecfadumene.fr\/cdr\/files\/2025\/12\/image-differenciation.png?fit=402%2C367&amp;ssl=1\" src=\"https:\/\/i0.wp.com\/blogs.lyceecfadumene.fr\/cdr\/files\/2025\/12\/image-differenciation.png?resize=402%2C367&#038;ssl=1\" alt=\"\" class=\"wp-image-1222 size-full\" srcset=\"https:\/\/i0.wp.com\/blogs.lyceecfadumene.fr\/cdr\/files\/2025\/12\/image-differenciation.png?w=402&amp;ssl=1 402w, https:\/\/i0.wp.com\/blogs.lyceecfadumene.fr\/cdr\/files\/2025\/12\/image-differenciation.png?resize=400%2C365&amp;ssl=1 400w\" sizes=\"auto, (max-width: 402px) 100vw, 402px\" \/><\/figure><div class=\"wp-block-media-text__content\">\n<p>Formation autour des m\u00e9thodes de diff\u00e9renciation p\u00e9dagogique et diff\u00e9rents outils <\/p>\n<\/div><\/div>\n<\/div>\n\n\n\n<div class=\"wp-block-column tw-stretched-link is-layout-flow wp-container-core-column-is-layout-1e646b12 wp-block-column-is-layout-flow\" style=\"--col-width:33.33%;padding-top:var(--wp--preset--spacing--60);padding-bottom:var(--wp--preset--spacing--60);flex-basis:33.33%\">\n<div class=\"wp-block-buttons is-layout-flex wp-block-buttons-is-layout-flex\">\n<div class=\"wp-block-button is-style-fill\"><a class=\"wp-block-button__link has-foreground-color has-vivid-green-cyan-background-color has-text-color has-background has-link-color wp-element-button\" href=\"https:\/\/blogs.lyceecfadumene.fr\/cdr\/files\/2025\/12\/Livret-de-formation-Les-outils-de-la-differenciation.pdf\" style=\"border-radius:17px\" target=\"_blank\" rel=\"noreferrer noopener\"><strong>T\u00e9l\u00e9charger le livret de Formation les outils de diff\u00e9renciation<\/strong><\/a><\/div>\n<\/div>\n<\/div>\n<\/div>\n\n\n\n<p><\/p>\n","protected":false},"excerpt":{"rendered":"<p>Le CDR organise r\u00e9guli\u00e8rement des formations pour aider l&rsquo;\u00e9quipe p\u00e9dagogique \u00e0 cr\u00e9er de nouvelles ressources num\u00e9riques. Pour chacune de ces formations, un livret de formation est disponible : Formation cr\u00e9ation de quiz interactifs et synchrones et augmentation de son animation de cours avec Kahoot et Plickers Formation cr\u00e9ation de design et de pr\u00e9sentations avec Canva [&hellip;]<\/p>\n","protected":false},"author":103,"featured_media":0,"parent":0,"menu_order":0,"comment_status":"closed","ping_status":"closed","template":"","meta":{"footnotes":""},"class_list":["post-691","page","type-page","status-publish","hentry"],"aioseo_notices":[],"jetpack_sharing_enabled":true,"jetpack-related-posts":[{"id":1352,"url":"https:\/\/blogs.lyceecfadumene.fr\/cdr\/ressources-paysage\/","url_meta":{"origin":691,"position":0},"title":"Ressources paysage","author":"fdouan","date":"8 avril 2026","format":false,"excerpt":"Cette page contient des ressources pour le Paysage. Il y a des contenus et des exercices. Les \u00e9l\u00e8ves peuvent les utiliser en classe ou seuls. Les ressources sont class\u00e9es par niveau et parfois par sp\u00e9cialit\u00e9. Le type de support est indiqu\u00e9. Si le support sur lequel se trouve la ressource\u2026","rel":"","context":"Article similaire","block_context":{"text":"Article similaire","link":""},"img":{"alt_text":"","src":"https:\/\/i0.wp.com\/blogs.lyceecfadumene.fr\/cdr\/files\/2026\/04\/guy_dugas-chateau-de-villandry-1147841_1280-e1775639747172.jpg?fit=1200%2C534&ssl=1&resize=350%2C200","width":350,"height":200,"srcset":"https:\/\/i0.wp.com\/blogs.lyceecfadumene.fr\/cdr\/files\/2026\/04\/guy_dugas-chateau-de-villandry-1147841_1280-e1775639747172.jpg?fit=1200%2C534&ssl=1&resize=350%2C200 1x, https:\/\/i0.wp.com\/blogs.lyceecfadumene.fr\/cdr\/files\/2026\/04\/guy_dugas-chateau-de-villandry-1147841_1280-e1775639747172.jpg?fit=1200%2C534&ssl=1&resize=525%2C300 1.5x, https:\/\/i0.wp.com\/blogs.lyceecfadumene.fr\/cdr\/files\/2026\/04\/guy_dugas-chateau-de-villandry-1147841_1280-e1775639747172.jpg?fit=1200%2C534&ssl=1&resize=700%2C400 2x, https:\/\/i0.wp.com\/blogs.lyceecfadumene.fr\/cdr\/files\/2026\/04\/guy_dugas-chateau-de-villandry-1147841_1280-e1775639747172.jpg?fit=1200%2C534&ssl=1&resize=1050%2C600 3x"},"classes":[]},{"id":46,"url":"https:\/\/blogs.lyceecfadumene.fr\/cdr\/les-outils-numeriques\/","url_meta":{"origin":691,"position":1},"title":"Les outils num\u00e9riques","author":"fdouan","date":"14 juin 2022","format":false,"excerpt":"Les outils num\u00e9riques Il est important pour notre CDR de proposer \u00e0 la fois des ressources de parcours avec du contenu, des exercices, des cas pratiques mais \u00e9galement des outils pour construire ses ressources, ses cours, ses visuels ou encore pour am\u00e9liorer son animation p\u00e9dagogique. Voici donc le r\u00e9pertoire des\u2026","rel":"","context":"Avec 1 commentaire","block_context":{"text":"Avec 1 commentaire","link":"https:\/\/blogs.lyceecfadumene.fr\/cdr\/les-outils-numeriques\/#comments"},"img":{"alt_text":"","src":"https:\/\/i0.wp.com\/blogs.lyceecfadumene.fr\/cdr\/files\/2022\/06\/undraw_Co_workers_re_1i6i.png?resize=350%2C200&ssl=1","width":350,"height":200,"srcset":"https:\/\/i0.wp.com\/blogs.lyceecfadumene.fr\/cdr\/files\/2022\/06\/undraw_Co_workers_re_1i6i.png?resize=350%2C200&ssl=1 1x, https:\/\/i0.wp.com\/blogs.lyceecfadumene.fr\/cdr\/files\/2022\/06\/undraw_Co_workers_re_1i6i.png?resize=525%2C300&ssl=1 1.5x, https:\/\/i0.wp.com\/blogs.lyceecfadumene.fr\/cdr\/files\/2022\/06\/undraw_Co_workers_re_1i6i.png?resize=700%2C400&ssl=1 2x"},"classes":[]},{"id":325,"url":"https:\/\/blogs.lyceecfadumene.fr\/cdr\/nos-outils-internes\/","url_meta":{"origin":691,"position":2},"title":"Nos outils internes","author":"fdouan","date":"19 septembre 2022","format":false,"excerpt":"Gowizapp, notre outil pour pratiquer la p\u00e9dagogie de l'alternance. Il permet de connecter les trois acteurs de l'apprentissage : le centre de formation, l'apprenti et le ma\u00eetre d'apprentissage. Il propose une version web et une application. Ypar\u00e9o, notre outil de gestion des apprentissages. Il permet de g\u00e9rer les emplois du\u2026","rel":"","context":"Article similaire","block_context":{"text":"Article similaire","link":""},"img":{"alt_text":"","src":"https:\/\/i0.wp.com\/blogs.lyceecfadumene.fr\/cdr\/files\/2022\/09\/gowizapp-logo-1.png?resize=350%2C200&ssl=1","width":350,"height":200},"classes":[]},{"id":144,"url":"https:\/\/blogs.lyceecfadumene.fr\/cdr\/les-ressources-parcours\/capa-jp\/","url_meta":{"origin":691,"position":3},"title":"CAPA JP","author":"fdouan","date":"21 juin 2022","format":false,"excerpt":"Cette page regroupe les ressources parcours ( soit les ressources de contenu ou d'exercices pouvant servir directement en cours ou en autonomie aux apprenants, pour en savoir plus, vous pouvez consulter le Lexique afin d'obtenir davantage de typologie de ressources ) concernant le CAPA Jardinier Paysagiste. Ces ressources sont class\u00e9es\u2026","rel":"","context":"Article similaire","block_context":{"text":"Article similaire","link":""},"img":{"alt_text":"","src":"https:\/\/i0.wp.com\/blogs.lyceecfadumene.fr\/cdr\/files\/2022\/06\/CAPA-JP-banniere.png?fit=1200%2C400&ssl=1&resize=350%2C200","width":350,"height":200,"srcset":"https:\/\/i0.wp.com\/blogs.lyceecfadumene.fr\/cdr\/files\/2022\/06\/CAPA-JP-banniere.png?fit=1200%2C400&ssl=1&resize=350%2C200 1x, https:\/\/i0.wp.com\/blogs.lyceecfadumene.fr\/cdr\/files\/2022\/06\/CAPA-JP-banniere.png?fit=1200%2C400&ssl=1&resize=525%2C300 1.5x, https:\/\/i0.wp.com\/blogs.lyceecfadumene.fr\/cdr\/files\/2022\/06\/CAPA-JP-banniere.png?fit=1200%2C400&ssl=1&resize=700%2C400 2x, https:\/\/i0.wp.com\/blogs.lyceecfadumene.fr\/cdr\/files\/2022\/06\/CAPA-JP-banniere.png?fit=1200%2C400&ssl=1&resize=1050%2C600 3x"},"classes":[]},{"id":381,"url":"https:\/\/blogs.lyceecfadumene.fr\/cdr\/ludotheque-pedagogique-du-cdr\/","url_meta":{"origin":691,"position":4},"title":"Ludoth\u00e8que p\u00e9dagogique du CDR","author":"fdouan","date":"12 janvier 2023","format":false,"excerpt":"Le Centre de Ressources de Merdrignac poss\u00e8de une ludoth\u00e8que p\u00e9dagogique d\u00e9taill\u00e9e ci-dessous. Vous pourrez y trouvez diff\u00e9rents jeux mais \u00e9galement des outils de photo-langage ou des cr\u00e9ations d'enseignants permettant de ludifier vos animations de cours et d\u00e9velopper de nombreuses comp\u00e9tences en plus de votre contenu disciplinaire ( autonomie, travail en\u2026","rel":"","context":"Article similaire","block_context":{"text":"Article similaire","link":""},"img":{"alt_text":"","src":"https:\/\/i0.wp.com\/blogs.lyceecfadumene.fr\/cdr\/files\/2026\/03\/tiluria-dice-2833823_1280-e1773160780109.jpg?fit=1200%2C544&ssl=1&resize=350%2C200","width":350,"height":200,"srcset":"https:\/\/i0.wp.com\/blogs.lyceecfadumene.fr\/cdr\/files\/2026\/03\/tiluria-dice-2833823_1280-e1773160780109.jpg?fit=1200%2C544&ssl=1&resize=350%2C200 1x, https:\/\/i0.wp.com\/blogs.lyceecfadumene.fr\/cdr\/files\/2026\/03\/tiluria-dice-2833823_1280-e1773160780109.jpg?fit=1200%2C544&ssl=1&resize=525%2C300 1.5x, https:\/\/i0.wp.com\/blogs.lyceecfadumene.fr\/cdr\/files\/2026\/03\/tiluria-dice-2833823_1280-e1773160780109.jpg?fit=1200%2C544&ssl=1&resize=700%2C400 2x, https:\/\/i0.wp.com\/blogs.lyceecfadumene.fr\/cdr\/files\/2026\/03\/tiluria-dice-2833823_1280-e1773160780109.jpg?fit=1200%2C544&ssl=1&resize=1050%2C600 3x"},"classes":[]},{"id":235,"url":"https:\/\/blogs.lyceecfadumene.fr\/cdr\/btsa-tc\/","url_meta":{"origin":691,"position":5},"title":"BTSA TC","author":"fdouan","date":"28 juin 2022","format":false,"excerpt":"Cette page regroupe les ressources parcours ( soit les ressources de contenu ou d\u2019exercices pouvant servir directement en cours ou en autonomie aux apprenants, pour en savoir plus, vous pouvez consulter le Lexique afin d\u2019obtenir davantage de typologie de ressources ) concernant le BTSA Technico-commercial. Ces ressources sont class\u00e9es par\u2026","rel":"","context":"Article similaire","block_context":{"text":"Article similaire","link":""},"img":{"alt_text":"","src":"https:\/\/i0.wp.com\/blogs.lyceecfadumene.fr\/cdr\/files\/2022\/06\/Banniere-blog-BTS-TC.png?fit=1200%2C400&ssl=1&resize=350%2C200","width":350,"height":200,"srcset":"https:\/\/i0.wp.com\/blogs.lyceecfadumene.fr\/cdr\/files\/2022\/06\/Banniere-blog-BTS-TC.png?fit=1200%2C400&ssl=1&resize=350%2C200 1x, https:\/\/i0.wp.com\/blogs.lyceecfadumene.fr\/cdr\/files\/2022\/06\/Banniere-blog-BTS-TC.png?fit=1200%2C400&ssl=1&resize=525%2C300 1.5x, https:\/\/i0.wp.com\/blogs.lyceecfadumene.fr\/cdr\/files\/2022\/06\/Banniere-blog-BTS-TC.png?fit=1200%2C400&ssl=1&resize=700%2C400 2x, https:\/\/i0.wp.com\/blogs.lyceecfadumene.fr\/cdr\/files\/2022\/06\/Banniere-blog-BTS-TC.png?fit=1200%2C400&ssl=1&resize=1050%2C600 3x"},"classes":[]}],"_links":{"self":[{"href":"https:\/\/blogs.lyceecfadumene.fr\/cdr\/wp-json\/wp\/v2\/pages\/691","targetHints":{"allow":["GET"]}}],"collection":[{"href":"https:\/\/blogs.lyceecfadumene.fr\/cdr\/wp-json\/wp\/v2\/pages"}],"about":[{"href":"https:\/\/blogs.lyceecfadumene.fr\/cdr\/wp-json\/wp\/v2\/types\/page"}],"author":[{"embeddable":true,"href":"https:\/\/blogs.lyceecfadumene.fr\/cdr\/wp-json\/wp\/v2\/users\/103"}],"replies":[{"embeddable":true,"href":"https:\/\/blogs.lyceecfadumene.fr\/cdr\/wp-json\/wp\/v2\/comments?post=691"}],"version-history":[{"count":5,"href":"https:\/\/blogs.lyceecfadumene.fr\/cdr\/wp-json\/wp\/v2\/pages\/691\/revisions"}],"predecessor-version":[{"id":1223,"href":"https:\/\/blogs.lyceecfadumene.fr\/cdr\/wp-json\/wp\/v2\/pages\/691\/revisions\/1223"}],"wp:attachment":[{"href":"https:\/\/blogs.lyceecfadumene.fr\/cdr\/wp-json\/wp\/v2\/media?parent=691"}],"curies":[{"name":"wp","href":"https:\/\/api.w.org\/{rel}","templated":true}]}}