{"id":65,"date":"2022-06-14T14:56:29","date_gmt":"2022-06-14T12:56:29","guid":{"rendered":"https:\/\/blogs.lyceecfadumene.fr\/cdr\/?page_id=65"},"modified":"2022-06-14T16:24:42","modified_gmt":"2022-06-14T14:24:42","slug":"creer-un-quiz-synchrone","status":"publish","type":"page","link":"https:\/\/blogs.lyceecfadumene.fr\/cdr\/les-outils-numeriques\/creer-un-quiz-synchrone\/","title":{"rendered":"Cr\u00e9er un quiz synchrone"},"content":{"rendered":"\n<h1 class=\"has-large-font-size wp-block-heading\"><strong>Quels outils pour un cr\u00e9er un quiz synchrone ?<\/strong><\/h1>\n\n\n\n<div class=\"wp-block-media-text alignwide is-stacked-on-mobile\" style=\"grid-template-columns:17% auto\"><figure class=\"wp-block-media-text__media\"><a href=\"https:\/\/blogs.lyceecfadumene.fr\/cdr\/2022\/06\/14\/plickers\/\"><img data-recalc-dims=\"1\" loading=\"lazy\" decoding=\"async\" width=\"1000\" height=\"1000\" data-attachment-id=\"62\" data-permalink=\"https:\/\/blogs.lyceecfadumene.fr\/cdr\/2022\/06\/14\/plickers\/plickers\/\" data-orig-file=\"https:\/\/i0.wp.com\/blogs.lyceecfadumene.fr\/cdr\/files\/2022\/06\/plickers.png?fit=1000%2C1000&amp;ssl=1\" data-orig-size=\"1000,1000\" data-comments-opened=\"1\" data-image-meta=\"{&quot;aperture&quot;:&quot;0&quot;,&quot;credit&quot;:&quot;&quot;,&quot;camera&quot;:&quot;&quot;,&quot;caption&quot;:&quot;&quot;,&quot;created_timestamp&quot;:&quot;0&quot;,&quot;copyright&quot;:&quot;&quot;,&quot;focal_length&quot;:&quot;0&quot;,&quot;iso&quot;:&quot;0&quot;,&quot;shutter_speed&quot;:&quot;0&quot;,&quot;title&quot;:&quot;&quot;,&quot;orientation&quot;:&quot;0&quot;}\" data-image-title=\"plickers\" data-image-description=\"\" data-image-caption=\"\" data-large-file=\"https:\/\/i0.wp.com\/blogs.lyceecfadumene.fr\/cdr\/files\/2022\/06\/plickers.png?fit=1000%2C1000&amp;ssl=1\" src=\"https:\/\/i0.wp.com\/blogs.lyceecfadumene.fr\/cdr\/files\/2022\/06\/plickers.png?resize=1000%2C1000&#038;ssl=1\" alt=\"\" class=\"wp-image-62 size-full\" srcset=\"https:\/\/i0.wp.com\/blogs.lyceecfadumene.fr\/cdr\/files\/2022\/06\/plickers.png?w=1000&amp;ssl=1 1000w, https:\/\/i0.wp.com\/blogs.lyceecfadumene.fr\/cdr\/files\/2022\/06\/plickers.png?resize=300%2C300&amp;ssl=1 300w, https:\/\/i0.wp.com\/blogs.lyceecfadumene.fr\/cdr\/files\/2022\/06\/plickers.png?resize=150%2C150&amp;ssl=1 150w, https:\/\/i0.wp.com\/blogs.lyceecfadumene.fr\/cdr\/files\/2022\/06\/plickers.png?resize=768%2C768&amp;ssl=1 768w, https:\/\/i0.wp.com\/blogs.lyceecfadumene.fr\/cdr\/files\/2022\/06\/plickers.png?resize=100%2C100&amp;ssl=1 100w\" sizes=\"auto, (max-width: 1000px) 100vw, 1000px\" \/><\/a><\/figure><div class=\"wp-block-media-text__content\">\n<p class=\"has-medium-font-size\"><a href=\"https:\/\/blogs.lyceecfadumene.fr\/cdr\/2022\/06\/14\/plickers\/\">Plickers<\/a>, pour cr\u00e9er des quiz type QCM ou Vrai\/Faux sans ordinateur ni smartphone pour les apprenants et seulement avec des QR codes.<\/p>\n\n\n\n<p class=\"has-vivid-cyan-blue-color has-text-color\" style=\"font-style:normal;font-weight:900\"><strong><a href=\"https:\/\/blogs.lyceecfadumene.fr\/cdr\/2022\/06\/14\/plickers\/\">Article et d\u00e9tails<\/a><\/strong><\/p>\n<\/div><\/div>\n\n\n\n<hr class=\"wp-block-separator is-style-wide\" \/>\n\n\n\n<div class=\"wp-block-media-text alignwide is-stacked-on-mobile\" style=\"grid-template-columns:22% auto\"><figure class=\"wp-block-media-text__media\"><a href=\"https:\/\/blogs.lyceecfadumene.fr\/cdr\/2022\/06\/14\/kahoot\/\" target=\"_blank\" rel=\"noopener\"><img data-recalc-dims=\"1\" loading=\"lazy\" decoding=\"async\" width=\"1024\" height=\"536\" data-attachment-id=\"77\" data-permalink=\"https:\/\/blogs.lyceecfadumene.fr\/cdr\/les-outils-numeriques\/creer-un-quiz-synchrone\/kahoot-logo-2\/\" data-orig-file=\"https:\/\/i0.wp.com\/blogs.lyceecfadumene.fr\/cdr\/files\/2022\/06\/Kahoot_Logo-1.jpg?fit=1590%2C832&amp;ssl=1\" data-orig-size=\"1590,832\" data-comments-opened=\"1\" data-image-meta=\"{&quot;aperture&quot;:&quot;0&quot;,&quot;credit&quot;:&quot;Kahoot!&quot;,&quot;camera&quot;:&quot;&quot;,&quot;caption&quot;:&quot;(PRNewsfoto\/Kahoot!)&quot;,&quot;created_timestamp&quot;:&quot;0&quot;,&quot;copyright&quot;:&quot;This image must be used within the context of the news release it accompanied. Request permission from issuer for other uses.&quot;,&quot;focal_length&quot;:&quot;0&quot;,&quot;iso&quot;:&quot;0&quot;,&quot;shutter_speed&quot;:&quot;0&quot;,&quot;title&quot;:&quot;Kahoot Logo&quot;,&quot;orientation&quot;:&quot;0&quot;}\" data-image-title=\"Kahoot Logo\" data-image-description=\"\" data-image-caption=\"&lt;p&gt;(PRNewsfoto\/Kahoot!)&lt;\/p&gt;\n\" data-large-file=\"https:\/\/i0.wp.com\/blogs.lyceecfadumene.fr\/cdr\/files\/2022\/06\/Kahoot_Logo-1.jpg?fit=1024%2C536&amp;ssl=1\" src=\"https:\/\/i0.wp.com\/blogs.lyceecfadumene.fr\/cdr\/files\/2022\/06\/Kahoot_Logo-1-1024x536.jpg?resize=1024%2C536&#038;ssl=1\" alt=\"\" class=\"wp-image-77 size-full\" srcset=\"https:\/\/i0.wp.com\/blogs.lyceecfadumene.fr\/cdr\/files\/2022\/06\/Kahoot_Logo-1.jpg?resize=1024%2C536&amp;ssl=1 1024w, https:\/\/i0.wp.com\/blogs.lyceecfadumene.fr\/cdr\/files\/2022\/06\/Kahoot_Logo-1.jpg?resize=400%2C209&amp;ssl=1 400w, https:\/\/i0.wp.com\/blogs.lyceecfadumene.fr\/cdr\/files\/2022\/06\/Kahoot_Logo-1.jpg?resize=768%2C402&amp;ssl=1 768w, https:\/\/i0.wp.com\/blogs.lyceecfadumene.fr\/cdr\/files\/2022\/06\/Kahoot_Logo-1.jpg?resize=1536%2C804&amp;ssl=1 1536w, https:\/\/i0.wp.com\/blogs.lyceecfadumene.fr\/cdr\/files\/2022\/06\/Kahoot_Logo-1.jpg?w=1590&amp;ssl=1 1590w\" sizes=\"auto, (max-width: 1000px) 100vw, 1000px\" \/><\/a><\/figure><div class=\"wp-block-media-text__content\">\n<p class=\"has-medium-font-size\"><strong><a rel=\"noreferrer noopener\" href=\"https:\/\/blogs.lyceecfadumene.fr\/cdr\/2022\/06\/14\/kahoot\/\" target=\"_blank\">Kahoot<\/a><\/strong>, pour cr\u00e9er des quiz type QCM ou Vrai\/Faux ( dans sa version gratuite ). L&rsquo;outil est tr\u00e8s ludique et les apprenants peuvent utiliser leur smartphone, un ordinateur ou une tablette. Il comprend une grande biblioth\u00e8que de quiz d\u00e9j\u00e0 existants.<\/p>\n\n\n\n<p><strong><a href=\"https:\/\/blogs.lyceecfadumene.fr\/cdr\/2022\/06\/14\/kahoot\/\" target=\"_blank\" rel=\"noreferrer noopener\">Article et d\u00e9tails<\/a><\/strong><\/p>\n<\/div><\/div>\n","protected":false},"excerpt":{"rendered":"<p>Quels outils pour un cr\u00e9er un quiz synchrone ? Plickers, pour cr\u00e9er des quiz type QCM ou Vrai\/Faux sans ordinateur ni smartphone pour les apprenants et seulement avec des QR codes. Article et d\u00e9tails Kahoot, pour cr\u00e9er des quiz type QCM ou Vrai\/Faux ( dans sa version gratuite ). L&rsquo;outil est tr\u00e8s ludique et les [&hellip;]<\/p>\n","protected":false},"author":103,"featured_media":0,"parent":46,"menu_order":-1,"comment_status":"closed","ping_status":"closed","template":"","meta":{"footnotes":""},"class_list":["post-65","page","type-page","status-publish","hentry"],"aioseo_notices":[],"jetpack_sharing_enabled":true,"jetpack-related-posts":[{"id":46,"url":"https:\/\/blogs.lyceecfadumene.fr\/cdr\/les-outils-numeriques\/","url_meta":{"origin":65,"position":0},"title":"Les outils num\u00e9riques","author":"fdouan","date":"14 juin 2022","format":false,"excerpt":"Les outils num\u00e9riques Il est important pour notre CDR de proposer \u00e0 la fois des ressources de parcours avec du contenu, des exercices, des cas pratiques mais \u00e9galement des outils pour construire ses ressources, ses cours, ses visuels ou encore pour am\u00e9liorer son animation p\u00e9dagogique. Voici donc le r\u00e9pertoire des\u2026","rel":"","context":"Avec 1 commentaire","block_context":{"text":"Avec 1 commentaire","link":"https:\/\/blogs.lyceecfadumene.fr\/cdr\/les-outils-numeriques\/#comments"},"img":{"alt_text":"","src":"https:\/\/i0.wp.com\/blogs.lyceecfadumene.fr\/cdr\/files\/2022\/06\/undraw_Co_workers_re_1i6i.png?resize=350%2C200&ssl=1","width":350,"height":200,"srcset":"https:\/\/i0.wp.com\/blogs.lyceecfadumene.fr\/cdr\/files\/2022\/06\/undraw_Co_workers_re_1i6i.png?resize=350%2C200&ssl=1 1x, https:\/\/i0.wp.com\/blogs.lyceecfadumene.fr\/cdr\/files\/2022\/06\/undraw_Co_workers_re_1i6i.png?resize=525%2C300&ssl=1 1.5x, https:\/\/i0.wp.com\/blogs.lyceecfadumene.fr\/cdr\/files\/2022\/06\/undraw_Co_workers_re_1i6i.png?resize=700%2C400&ssl=1 2x"},"classes":[]},{"id":691,"url":"https:\/\/blogs.lyceecfadumene.fr\/cdr\/creation-de-ressources-numeriques\/","url_meta":{"origin":65,"position":1},"title":"Cr\u00e9ation de ressources num\u00e9riques","author":"fdouan","date":"22 juin 2023","format":false,"excerpt":"Le CDR organise r\u00e9guli\u00e8rement des formations pour aider l'\u00e9quipe p\u00e9dagogique \u00e0 cr\u00e9er de nouvelles ressources num\u00e9riques. Pour chacune de ces formations, un livret de formation est disponible : Formation cr\u00e9ation de quiz interactifs et synchrones et augmentation de son animation de cours avec Kahoot et Plickers T\u00e9l\u00e9charger le livret de\u2026","rel":"","context":"Article similaire","block_context":{"text":"Article similaire","link":""},"img":{"alt_text":"","src":"https:\/\/i0.wp.com\/blogs.lyceecfadumene.fr\/cdr\/files\/2025\/12\/image-differenciation.png?resize=350%2C200&ssl=1","width":350,"height":200},"classes":[]},{"id":1266,"url":"https:\/\/blogs.lyceecfadumene.fr\/cdr\/histoire-geographie\/","url_meta":{"origin":65,"position":2},"title":"Histoire-g\u00e9ographie","author":"fdouan","date":"10 mars 2026","format":false,"excerpt":"Cette page contient des ressources pour l'Histoire-G\u00e9ographie. Il y a des contenus et des exercices. Les \u00e9l\u00e8ves peuvent les utiliser en classe ou seuls. Les ressources sont class\u00e9es par niveau et parfois par sp\u00e9cialit\u00e9. Le type de support est indiqu\u00e9. Si le support sur lequel se trouve la ressource est\u2026","rel":"","context":"Article similaire","block_context":{"text":"Article similaire","link":""},"img":{"alt_text":"","src":"https:\/\/i0.wp.com\/blogs.lyceecfadumene.fr\/cdr\/files\/2026\/03\/ohalso-map-5653496_1280-e1773157864569.jpg?fit=1200%2C474&ssl=1&resize=350%2C200","width":350,"height":200,"srcset":"https:\/\/i0.wp.com\/blogs.lyceecfadumene.fr\/cdr\/files\/2026\/03\/ohalso-map-5653496_1280-e1773157864569.jpg?fit=1200%2C474&ssl=1&resize=350%2C200 1x, https:\/\/i0.wp.com\/blogs.lyceecfadumene.fr\/cdr\/files\/2026\/03\/ohalso-map-5653496_1280-e1773157864569.jpg?fit=1200%2C474&ssl=1&resize=525%2C300 1.5x, https:\/\/i0.wp.com\/blogs.lyceecfadumene.fr\/cdr\/files\/2026\/03\/ohalso-map-5653496_1280-e1773157864569.jpg?fit=1200%2C474&ssl=1&resize=700%2C400 2x, https:\/\/i0.wp.com\/blogs.lyceecfadumene.fr\/cdr\/files\/2026\/03\/ohalso-map-5653496_1280-e1773157864569.jpg?fit=1200%2C474&ssl=1&resize=1050%2C600 3x"},"classes":[]},{"id":239,"url":"https:\/\/blogs.lyceecfadumene.fr\/cdr\/biologie\/","url_meta":{"origin":65,"position":3},"title":"Ressources Biologie-\u00e9cologie-botanique","author":"fdouan","date":"28 juin 2022","format":false,"excerpt":"Cette page contient des ressources pour la Biologie et l'Ecologie. Il y a des contenus et des exercices. Les \u00e9l\u00e8ves peuvent les utiliser en classe ou seuls. Les ressources sont class\u00e9es par niveau et parfois par sp\u00e9cialit\u00e9. Le type de support est indiqu\u00e9. Si le support sur lequel se trouve\u2026","rel":"","context":"Article similaire","block_context":{"text":"Article similaire","link":""},"img":{"alt_text":"","src":"https:\/\/i0.wp.com\/blogs.lyceecfadumene.fr\/cdr\/files\/2024\/08\/leaf-4719686_1280.jpg?fit=1200%2C328&ssl=1&resize=350%2C200","width":350,"height":200,"srcset":"https:\/\/i0.wp.com\/blogs.lyceecfadumene.fr\/cdr\/files\/2024\/08\/leaf-4719686_1280.jpg?fit=1200%2C328&ssl=1&resize=350%2C200 1x, https:\/\/i0.wp.com\/blogs.lyceecfadumene.fr\/cdr\/files\/2024\/08\/leaf-4719686_1280.jpg?fit=1200%2C328&ssl=1&resize=525%2C300 1.5x, https:\/\/i0.wp.com\/blogs.lyceecfadumene.fr\/cdr\/files\/2024\/08\/leaf-4719686_1280.jpg?fit=1200%2C328&ssl=1&resize=700%2C400 2x, https:\/\/i0.wp.com\/blogs.lyceecfadumene.fr\/cdr\/files\/2024\/08\/leaf-4719686_1280.jpg?fit=1200%2C328&ssl=1&resize=1050%2C600 3x"},"classes":[]},{"id":176,"url":"https:\/\/blogs.lyceecfadumene.fr\/cdr\/cap-fleuriste\/","url_meta":{"origin":65,"position":4},"title":"CAP Fleuriste","author":"fdouan","date":"21 juin 2022","format":false,"excerpt":"Cette page regroupe les ressources parcours ( soit les ressources de contenu ou d'exercices pouvant servir directement en cours ou en autonomie aux apprenants, pour en savoir plus, vous pouvez consulter le Lexique afin d'obtenir davantage de typologie de ressources ) concernant le CAP Fleuriste. Ces ressources sont class\u00e9es par\u2026","rel":"","context":"Article similaire","block_context":{"text":"Article similaire","link":""},"img":{"alt_text":"","src":"https:\/\/i0.wp.com\/blogs.lyceecfadumene.fr\/cdr\/files\/2022\/06\/CAP-Fleuriste-bannierebis.png?fit=1200%2C400&ssl=1&resize=350%2C200","width":350,"height":200,"srcset":"https:\/\/i0.wp.com\/blogs.lyceecfadumene.fr\/cdr\/files\/2022\/06\/CAP-Fleuriste-bannierebis.png?fit=1200%2C400&ssl=1&resize=350%2C200 1x, https:\/\/i0.wp.com\/blogs.lyceecfadumene.fr\/cdr\/files\/2022\/06\/CAP-Fleuriste-bannierebis.png?fit=1200%2C400&ssl=1&resize=525%2C300 1.5x, https:\/\/i0.wp.com\/blogs.lyceecfadumene.fr\/cdr\/files\/2022\/06\/CAP-Fleuriste-bannierebis.png?fit=1200%2C400&ssl=1&resize=700%2C400 2x, https:\/\/i0.wp.com\/blogs.lyceecfadumene.fr\/cdr\/files\/2022\/06\/CAP-Fleuriste-bannierebis.png?fit=1200%2C400&ssl=1&resize=1050%2C600 3x"},"classes":[]},{"id":325,"url":"https:\/\/blogs.lyceecfadumene.fr\/cdr\/nos-outils-internes\/","url_meta":{"origin":65,"position":5},"title":"Nos outils internes","author":"fdouan","date":"19 septembre 2022","format":false,"excerpt":"Gowizapp, notre outil pour pratiquer la p\u00e9dagogie de l'alternance. Il permet de connecter les trois acteurs de l'apprentissage : le centre de formation, l'apprenti et le ma\u00eetre d'apprentissage. Il propose une version web et une application. Ypar\u00e9o, notre outil de gestion des apprentissages. Il permet de g\u00e9rer les emplois du\u2026","rel":"","context":"Article similaire","block_context":{"text":"Article similaire","link":""},"img":{"alt_text":"","src":"https:\/\/i0.wp.com\/blogs.lyceecfadumene.fr\/cdr\/files\/2022\/09\/gowizapp-logo-1.png?resize=350%2C200&ssl=1","width":350,"height":200},"classes":[]}],"_links":{"self":[{"href":"https:\/\/blogs.lyceecfadumene.fr\/cdr\/wp-json\/wp\/v2\/pages\/65","targetHints":{"allow":["GET"]}}],"collection":[{"href":"https:\/\/blogs.lyceecfadumene.fr\/cdr\/wp-json\/wp\/v2\/pages"}],"about":[{"href":"https:\/\/blogs.lyceecfadumene.fr\/cdr\/wp-json\/wp\/v2\/types\/page"}],"author":[{"embeddable":true,"href":"https:\/\/blogs.lyceecfadumene.fr\/cdr\/wp-json\/wp\/v2\/users\/103"}],"replies":[{"embeddable":true,"href":"https:\/\/blogs.lyceecfadumene.fr\/cdr\/wp-json\/wp\/v2\/comments?post=65"}],"version-history":[{"count":4,"href":"https:\/\/blogs.lyceecfadumene.fr\/cdr\/wp-json\/wp\/v2\/pages\/65\/revisions"}],"predecessor-version":[{"id":80,"href":"https:\/\/blogs.lyceecfadumene.fr\/cdr\/wp-json\/wp\/v2\/pages\/65\/revisions\/80"}],"up":[{"embeddable":true,"href":"https:\/\/blogs.lyceecfadumene.fr\/cdr\/wp-json\/wp\/v2\/pages\/46"}],"wp:attachment":[{"href":"https:\/\/blogs.lyceecfadumene.fr\/cdr\/wp-json\/wp\/v2\/media?parent=65"}],"curies":[{"name":"wp","href":"https:\/\/api.w.org\/{rel}","templated":true}]}}