{"id":248,"date":"2022-09-14T14:52:09","date_gmt":"2022-09-14T12:52:09","guid":{"rendered":"https:\/\/blogs.lyceecfadumene.fr\/cdr\/?page_id=248"},"modified":"2022-09-15T14:52:18","modified_gmt":"2022-09-15T12:52:18","slug":"nos-services","status":"publish","type":"page","link":"https:\/\/blogs.lyceecfadumene.fr\/cdr\/nos-services\/","title":{"rendered":"Nos services"},"content":{"rendered":"\n<div class=\"wp-block-buttons is-layout-flex wp-block-buttons-is-layout-flex\">\n<div class=\"wp-block-button has-custom-width wp-block-button__width-50 has-custom-font-size is-style-fill has-medium-font-size\"><a class=\"wp-block-button__link has-background-color has-vivid-green-cyan-background-color has-text-color has-background\" href=\"https:\/\/blogs.lyceecfadumene.fr\/cdr\/2022\/09\/14\/le-c-d-r\/\"><strong>Le CDR<\/strong><\/a><\/div>\n<\/div>\n\n\n\n<div class=\"wp-block-buttons is-layout-flex wp-block-buttons-is-layout-flex\">\n<div class=\"wp-block-button has-custom-width wp-block-button__width-50 is-style-outline is-style-outline--1\"><a class=\"wp-block-button__link has-vivid-green-cyan-color has-text-color\" href=\"https:\/\/blogs.lyceecfadumene.fr\/cdr\/2022\/09\/15\/le-service-handicap\/\"><strong>Le Service Handicap<\/strong><\/a><\/div>\n<\/div>\n\n\n\n<div class=\"wp-block-buttons is-layout-flex wp-block-buttons-is-layout-flex\">\n<div class=\"wp-block-button has-custom-width wp-block-button__width-50 is-style-fill\"><a class=\"wp-block-button__link has-vivid-green-cyan-background-color has-background\" href=\"https:\/\/blogs.lyceecfadumene.fr\/cdr\/2022\/09\/15\/le-pole-accompagnement\/\"><strong>Le P\u00f4le Accompagnement<\/strong><\/a><\/div>\n<\/div>\n","protected":false},"excerpt":{"rendered":"","protected":false},"author":103,"featured_media":263,"parent":0,"menu_order":0,"comment_status":"closed","ping_status":"closed","template":"","meta":{"footnotes":""},"class_list":["post-248","page","type-page","status-publish","has-post-thumbnail","hentry"],"aioseo_notices":[],"jetpack_sharing_enabled":true,"jetpack-related-posts":[{"id":689,"url":"https:\/\/blogs.lyceecfadumene.fr\/cdr\/materiel-en-emprunt\/","url_meta":{"origin":248,"position":0},"title":"Mat\u00e9riel en emprunt","author":"fdouan","date":"22 juin 2023","format":false,"excerpt":"Sur cette page, vous pourrez retrouver tout le mat\u00e9riel permettant l'am\u00e9nagement num\u00e9rique disponible \u00e0 l'emprunt au CDR du CFA de Merdrignac. Ce mat\u00e9riel a \u00e9t\u00e9 choisi et achet\u00e9 par le Service Handicap afin de correspondre aux besoins identifi\u00e9s des apprenants. Ce mat\u00e9riel correspond aux besoins identifi\u00e9s de diff\u00e9rents troubles dys\u2026","rel":"","context":"Article similaire","block_context":{"text":"Article similaire","link":""},"img":{"alt_text":"","src":"https:\/\/i0.wp.com\/blogs.lyceecfadumene.fr\/cdr\/files\/2024\/02\/timer.jpg?resize=350%2C200&ssl=1","width":350,"height":200,"srcset":"https:\/\/i0.wp.com\/blogs.lyceecfadumene.fr\/cdr\/files\/2024\/02\/timer.jpg?resize=350%2C200&ssl=1 1x, https:\/\/i0.wp.com\/blogs.lyceecfadumene.fr\/cdr\/files\/2024\/02\/timer.jpg?resize=525%2C300&ssl=1 1.5x, https:\/\/i0.wp.com\/blogs.lyceecfadumene.fr\/cdr\/files\/2024\/02\/timer.jpg?resize=700%2C400&ssl=1 2x"},"classes":[]},{"id":235,"url":"https:\/\/blogs.lyceecfadumene.fr\/cdr\/btsa-tc\/","url_meta":{"origin":248,"position":1},"title":"BTSA TC","author":"fdouan","date":"28 juin 2022","format":false,"excerpt":"Cette page regroupe les ressources parcours ( soit les ressources de contenu ou d\u2019exercices pouvant servir directement en cours ou en autonomie aux apprenants, pour en savoir plus, vous pouvez consulter le Lexique afin d\u2019obtenir davantage de typologie de ressources ) concernant le BTSA Technico-commercial. Ces ressources sont class\u00e9es par\u2026","rel":"","context":"Article similaire","block_context":{"text":"Article similaire","link":""},"img":{"alt_text":"","src":"https:\/\/i0.wp.com\/blogs.lyceecfadumene.fr\/cdr\/files\/2022\/06\/Banniere-blog-BTS-TC.png?fit=1200%2C400&ssl=1&resize=350%2C200","width":350,"height":200,"srcset":"https:\/\/i0.wp.com\/blogs.lyceecfadumene.fr\/cdr\/files\/2022\/06\/Banniere-blog-BTS-TC.png?fit=1200%2C400&ssl=1&resize=350%2C200 1x, https:\/\/i0.wp.com\/blogs.lyceecfadumene.fr\/cdr\/files\/2022\/06\/Banniere-blog-BTS-TC.png?fit=1200%2C400&ssl=1&resize=525%2C300 1.5x, https:\/\/i0.wp.com\/blogs.lyceecfadumene.fr\/cdr\/files\/2022\/06\/Banniere-blog-BTS-TC.png?fit=1200%2C400&ssl=1&resize=700%2C400 2x, https:\/\/i0.wp.com\/blogs.lyceecfadumene.fr\/cdr\/files\/2022\/06\/Banniere-blog-BTS-TC.png?fit=1200%2C400&ssl=1&resize=1050%2C600 3x"},"classes":[]},{"id":504,"url":"https:\/\/blogs.lyceecfadumene.fr\/cdr\/contact\/","url_meta":{"origin":248,"position":2},"title":"Contact","author":"fdouan","date":"2 mars 2023","format":false,"excerpt":"","rel":"","context":"Article similaire","block_context":{"text":"Article similaire","link":""},"img":{"alt_text":"","src":"","width":0,"height":0},"classes":[]},{"id":90,"url":"https:\/\/blogs.lyceecfadumene.fr\/cdr\/les-ressources-parcours\/","url_meta":{"origin":248,"position":3},"title":"Les ressources parcours","author":"fdouan","date":"17 juin 2022","format":false,"excerpt":"Les ressources parcours Sciences Math\u00e9matiques Biologie - \u00e9cologie - botanique Sciences humaines Fran\u00e7ais Histoire - g\u00e9ographie Anglais","rel":"","context":"Article similaire","block_context":{"text":"Article similaire","link":""},"img":{"alt_text":"","src":"https:\/\/i0.wp.com\/blogs.lyceecfadumene.fr\/cdr\/files\/2024\/08\/Ressources-maths.png?resize=350%2C200&ssl=1","width":350,"height":200,"srcset":"https:\/\/i0.wp.com\/blogs.lyceecfadumene.fr\/cdr\/files\/2024\/08\/Ressources-maths.png?resize=350%2C200&ssl=1 1x, https:\/\/i0.wp.com\/blogs.lyceecfadumene.fr\/cdr\/files\/2024\/08\/Ressources-maths.png?resize=525%2C300&ssl=1 1.5x, https:\/\/i0.wp.com\/blogs.lyceecfadumene.fr\/cdr\/files\/2024\/08\/Ressources-maths.png?resize=700%2C400&ssl=1 2x, https:\/\/i0.wp.com\/blogs.lyceecfadumene.fr\/cdr\/files\/2024\/08\/Ressources-maths.png?resize=1050%2C600&ssl=1 3x, https:\/\/i0.wp.com\/blogs.lyceecfadumene.fr\/cdr\/files\/2024\/08\/Ressources-maths.png?resize=1400%2C800&ssl=1 4x"},"classes":[]},{"id":165,"url":"https:\/\/blogs.lyceecfadumene.fr\/cdr\/les-ressources-parcours\/niveau-3\/mathematiques\/","url_meta":{"origin":248,"position":4},"title":"Ressources Math\u00e9matiques","author":"fdouan","date":"21 juin 2022","format":false,"excerpt":"Cette page contient des ressources pour les math\u00e9matiques. Il y a des contenus et des exercices. Les \u00e9l\u00e8ves peuvent les utiliser en classe ou seuls. Les ressources sont class\u00e9es par niveau et parfois par sp\u00e9cialit\u00e9. Le type de support est indiqu\u00e9. Si le support sur lequel se trouve la ressource\u2026","rel":"","context":"Article similaire","block_context":{"text":"Article similaire","link":""},"img":{"alt_text":"","src":"https:\/\/i0.wp.com\/blogs.lyceecfadumene.fr\/cdr\/files\/2024\/08\/geometry-1023846_1280bis.jpg?fit=1150%2C350&ssl=1&resize=350%2C200","width":350,"height":200,"srcset":"https:\/\/i0.wp.com\/blogs.lyceecfadumene.fr\/cdr\/files\/2024\/08\/geometry-1023846_1280bis.jpg?fit=1150%2C350&ssl=1&resize=350%2C200 1x, https:\/\/i0.wp.com\/blogs.lyceecfadumene.fr\/cdr\/files\/2024\/08\/geometry-1023846_1280bis.jpg?fit=1150%2C350&ssl=1&resize=525%2C300 1.5x, https:\/\/i0.wp.com\/blogs.lyceecfadumene.fr\/cdr\/files\/2024\/08\/geometry-1023846_1280bis.jpg?fit=1150%2C350&ssl=1&resize=700%2C400 2x, https:\/\/i0.wp.com\/blogs.lyceecfadumene.fr\/cdr\/files\/2024\/08\/geometry-1023846_1280bis.jpg?fit=1150%2C350&ssl=1&resize=1050%2C600 3x"},"classes":[]},{"id":691,"url":"https:\/\/blogs.lyceecfadumene.fr\/cdr\/creation-de-ressources-numeriques\/","url_meta":{"origin":248,"position":5},"title":"Cr\u00e9ation de ressources num\u00e9riques","author":"fdouan","date":"22 juin 2023","format":false,"excerpt":"Le CDR organise r\u00e9guli\u00e8rement des formations pour aider l'\u00e9quipe p\u00e9dagogique \u00e0 cr\u00e9er de nouvelles ressources num\u00e9riques. Pour chacune de ces formations, un livret de formation est disponible : Formation cr\u00e9ation de quiz interactifs et synchrones et augmentation de son animation de cours avec Kahoot et Plickers T\u00e9l\u00e9charger le livret de\u2026","rel":"","context":"Article similaire","block_context":{"text":"Article similaire","link":""},"img":{"alt_text":"","src":"https:\/\/i0.wp.com\/blogs.lyceecfadumene.fr\/cdr\/files\/2025\/12\/image-differenciation.png?resize=350%2C200&ssl=1","width":350,"height":200},"classes":[]}],"_links":{"self":[{"href":"https:\/\/blogs.lyceecfadumene.fr\/cdr\/wp-json\/wp\/v2\/pages\/248","targetHints":{"allow":["GET"]}}],"collection":[{"href":"https:\/\/blogs.lyceecfadumene.fr\/cdr\/wp-json\/wp\/v2\/pages"}],"about":[{"href":"https:\/\/blogs.lyceecfadumene.fr\/cdr\/wp-json\/wp\/v2\/types\/page"}],"author":[{"embeddable":true,"href":"https:\/\/blogs.lyceecfadumene.fr\/cdr\/wp-json\/wp\/v2\/users\/103"}],"replies":[{"embeddable":true,"href":"https:\/\/blogs.lyceecfadumene.fr\/cdr\/wp-json\/wp\/v2\/comments?post=248"}],"version-history":[{"count":6,"href":"https:\/\/blogs.lyceecfadumene.fr\/cdr\/wp-json\/wp\/v2\/pages\/248\/revisions"}],"predecessor-version":[{"id":287,"href":"https:\/\/blogs.lyceecfadumene.fr\/cdr\/wp-json\/wp\/v2\/pages\/248\/revisions\/287"}],"wp:featuredmedia":[{"embeddable":true,"href":"https:\/\/blogs.lyceecfadumene.fr\/cdr\/wp-json\/wp\/v2\/media\/263"}],"wp:attachment":[{"href":"https:\/\/blogs.lyceecfadumene.fr\/cdr\/wp-json\/wp\/v2\/media?parent=248"}],"curies":[{"name":"wp","href":"https:\/\/api.w.org\/{rel}","templated":true}]}}