{"id":165,"date":"2022-06-21T16:43:28","date_gmt":"2022-06-21T14:43:28","guid":{"rendered":"https:\/\/blogs.lyceecfadumene.fr\/cdr\/?page_id=165"},"modified":"2024-08-28T14:09:36","modified_gmt":"2024-08-28T12:09:36","slug":"mathematiques","status":"publish","type":"page","link":"https:\/\/blogs.lyceecfadumene.fr\/cdr\/les-ressources-parcours\/niveau-3\/mathematiques\/","title":{"rendered":"Ressources Math\u00e9matiques"},"content":{"rendered":"\n<figure class=\"wp-block-image size-large\"><img data-recalc-dims=\"1\" loading=\"lazy\" decoding=\"async\" width=\"1024\" height=\"341\" data-attachment-id=\"1111\" data-permalink=\"https:\/\/blogs.lyceecfadumene.fr\/cdr\/les-ressources-parcours\/niveau-3\/mathematiques\/ressources-maths\/\" data-orig-file=\"https:\/\/i0.wp.com\/blogs.lyceecfadumene.fr\/cdr\/files\/2024\/08\/Ressources-maths.png?fit=1500%2C500&amp;ssl=1\" data-orig-size=\"1500,500\" data-comments-opened=\"1\" data-image-meta=\"{&quot;aperture&quot;:&quot;0&quot;,&quot;credit&quot;:&quot;&quot;,&quot;camera&quot;:&quot;&quot;,&quot;caption&quot;:&quot;&quot;,&quot;created_timestamp&quot;:&quot;0&quot;,&quot;copyright&quot;:&quot;&quot;,&quot;focal_length&quot;:&quot;0&quot;,&quot;iso&quot;:&quot;0&quot;,&quot;shutter_speed&quot;:&quot;0&quot;,&quot;title&quot;:&quot;&quot;,&quot;orientation&quot;:&quot;0&quot;}\" data-image-title=\"Ressources maths\" data-image-description=\"\" data-image-caption=\"\" data-large-file=\"https:\/\/i0.wp.com\/blogs.lyceecfadumene.fr\/cdr\/files\/2024\/08\/Ressources-maths.png?fit=1024%2C341&amp;ssl=1\" src=\"https:\/\/i0.wp.com\/blogs.lyceecfadumene.fr\/cdr\/files\/2024\/08\/Ressources-maths-1024x341.png?resize=1024%2C341&#038;ssl=1\" alt=\"\" class=\"wp-image-1111\" srcset=\"https:\/\/i0.wp.com\/blogs.lyceecfadumene.fr\/cdr\/files\/2024\/08\/Ressources-maths.png?resize=1024%2C341&amp;ssl=1 1024w, https:\/\/i0.wp.com\/blogs.lyceecfadumene.fr\/cdr\/files\/2024\/08\/Ressources-maths.png?resize=400%2C133&amp;ssl=1 400w, https:\/\/i0.wp.com\/blogs.lyceecfadumene.fr\/cdr\/files\/2024\/08\/Ressources-maths.png?resize=768%2C256&amp;ssl=1 768w, https:\/\/i0.wp.com\/blogs.lyceecfadumene.fr\/cdr\/files\/2024\/08\/Ressources-maths.png?w=1500&amp;ssl=1 1500w\" sizes=\"auto, (max-width: 1000px) 100vw, 1000px\" \/><\/figure>\n\n\n\n<p>Cette page contient des ressources pour les <strong>math\u00e9matiques<\/strong>. Il y a des contenus et des exercices. Les \u00e9l\u00e8ves peuvent les utiliser en classe ou seuls. Les ressources sont class\u00e9es par niveau et parfois par sp\u00e9cialit\u00e9. Le type de support est indiqu\u00e9.<\/p>\n\n\n\n<p>Si le support sur lequel se trouve la ressource est la plateforme de e-learning du CFA ou sur une plateforme \u00e0 laquelle l&rsquo;\u00e9tablissement est abonn\u00e9, n&rsquo;h\u00e9sitez pas \u00e0 demander l&rsquo;acc\u00e8s \u00e0 l&rsquo;animatrice du CDR.<\/p>\n\n\n\n<p class=\"has-text-align-center has-primary-color has-text-color has-large-font-size\"><strong><span style=\"text-decoration: underline\">Sommaire :<\/span><\/strong><\/p>\n\n\n\n<ol class=\"wp-block-list\">\n<li><strong><a href=\"#maths-tousniveaux\" title=\"Tous niveaux\">Tous niveaux<\/a><\/strong><\/li>\n\n\n\n<li><strong><a href=\"#maths-niveau3\" title=\"Niveau 3\">Niveau 3<\/a><\/strong><\/li>\n\n\n\n<li><strong><a href=\"#maths-niveau4\" title=\"Niveau 4\">Niveau 4<\/a><\/strong><\/li>\n\n\n\n<li><strong><a href=\"#maths-niveau5\" title=\"Niveau 5\">Niveau 5<\/a><\/strong><\/li>\n<\/ol>\n\n\n\n<figure class=\"wp-block-image size-full\" id=\"maths-tousniveaux\"><img data-recalc-dims=\"1\" loading=\"lazy\" decoding=\"async\" width=\"960\" height=\"240\" data-attachment-id=\"1114\" data-permalink=\"https:\/\/blogs.lyceecfadumene.fr\/cdr\/les-ressources-parcours\/niveau-3\/mathematiques\/attachment\/4\/\" data-orig-file=\"https:\/\/i0.wp.com\/blogs.lyceecfadumene.fr\/cdr\/files\/2024\/08\/4.png?fit=960%2C240&amp;ssl=1\" data-orig-size=\"960,240\" data-comments-opened=\"1\" data-image-meta=\"{&quot;aperture&quot;:&quot;0&quot;,&quot;credit&quot;:&quot;&quot;,&quot;camera&quot;:&quot;&quot;,&quot;caption&quot;:&quot;&quot;,&quot;created_timestamp&quot;:&quot;0&quot;,&quot;copyright&quot;:&quot;&quot;,&quot;focal_length&quot;:&quot;0&quot;,&quot;iso&quot;:&quot;0&quot;,&quot;shutter_speed&quot;:&quot;0&quot;,&quot;title&quot;:&quot;&quot;,&quot;orientation&quot;:&quot;0&quot;}\" data-image-title=\"4\" data-image-description=\"\" data-image-caption=\"\" data-large-file=\"https:\/\/i0.wp.com\/blogs.lyceecfadumene.fr\/cdr\/files\/2024\/08\/4.png?fit=960%2C240&amp;ssl=1\" src=\"https:\/\/i0.wp.com\/blogs.lyceecfadumene.fr\/cdr\/files\/2024\/08\/4.png?resize=960%2C240&#038;ssl=1\" alt=\"\" class=\"wp-image-1114\" srcset=\"https:\/\/i0.wp.com\/blogs.lyceecfadumene.fr\/cdr\/files\/2024\/08\/4.png?w=960&amp;ssl=1 960w, https:\/\/i0.wp.com\/blogs.lyceecfadumene.fr\/cdr\/files\/2024\/08\/4.png?resize=400%2C100&amp;ssl=1 400w, https:\/\/i0.wp.com\/blogs.lyceecfadumene.fr\/cdr\/files\/2024\/08\/4.png?resize=768%2C192&amp;ssl=1 768w\" sizes=\"auto, (max-width: 960px) 100vw, 960px\" \/><\/figure>\n\n\n\n<div style=\"height:20px\" aria-hidden=\"true\" class=\"wp-block-spacer\"><\/div>\n\n\n\n<figure class=\"wp-block-table alignwide\"><table><thead><tr><th>Titre<\/th><th>Auteur<\/th><th>Type<\/th><th>Dur\u00e9e<\/th><th>Niv\/Pr\u00e9requis<\/th><th>Support<\/th><th>Ressource<\/th><\/tr><\/thead><tbody><tr><td>Khan Academy<\/td><td>Salman Khan<\/td><td>Le\u00e7ons et exercices de maths ( \u00e9volutif )<\/td><td>10 min par exercice, 2h par cat\u00e9gorie<\/td><td>Correspond \u00e0 tous les niveaux du CP \u00e0 la Terminale<\/td><td>Site web ( avec ou sans inscription ) comprenant des le\u00e7ons et des exercices progressifs et auto-correctifs<\/td><td><strong><strong><a href=\"https:\/\/fr.khanacademy.org\/\" target=\"_blank\" rel=\"noreferrer noopener\">Lien vers le site<\/a><\/strong><\/strong><\/td><\/tr><\/tbody><\/table><\/figure>\n\n\n\n<figure class=\"wp-block-image size-full\" id=\"maths-niveau3\"><img data-recalc-dims=\"1\" loading=\"lazy\" decoding=\"async\" width=\"960\" height=\"240\" data-attachment-id=\"1115\" data-permalink=\"https:\/\/blogs.lyceecfadumene.fr\/cdr\/les-ressources-parcours\/niveau-3\/mathematiques\/maths-niveau-3\/\" data-orig-file=\"https:\/\/i0.wp.com\/blogs.lyceecfadumene.fr\/cdr\/files\/2024\/08\/maths-niveau-3.png?fit=960%2C240&amp;ssl=1\" data-orig-size=\"960,240\" data-comments-opened=\"1\" data-image-meta=\"{&quot;aperture&quot;:&quot;0&quot;,&quot;credit&quot;:&quot;&quot;,&quot;camera&quot;:&quot;&quot;,&quot;caption&quot;:&quot;&quot;,&quot;created_timestamp&quot;:&quot;0&quot;,&quot;copyright&quot;:&quot;&quot;,&quot;focal_length&quot;:&quot;0&quot;,&quot;iso&quot;:&quot;0&quot;,&quot;shutter_speed&quot;:&quot;0&quot;,&quot;title&quot;:&quot;&quot;,&quot;orientation&quot;:&quot;0&quot;}\" data-image-title=\"maths niveau 3\" data-image-description=\"\" data-image-caption=\"\" data-large-file=\"https:\/\/i0.wp.com\/blogs.lyceecfadumene.fr\/cdr\/files\/2024\/08\/maths-niveau-3.png?fit=960%2C240&amp;ssl=1\" src=\"https:\/\/i0.wp.com\/blogs.lyceecfadumene.fr\/cdr\/files\/2024\/08\/maths-niveau-3.png?resize=960%2C240\" alt=\"\" class=\"wp-image-1115\" srcset=\"https:\/\/i0.wp.com\/blogs.lyceecfadumene.fr\/cdr\/files\/2024\/08\/maths-niveau-3.png?w=960&amp;ssl=1 960w, https:\/\/i0.wp.com\/blogs.lyceecfadumene.fr\/cdr\/files\/2024\/08\/maths-niveau-3.png?resize=400%2C100&amp;ssl=1 400w, https:\/\/i0.wp.com\/blogs.lyceecfadumene.fr\/cdr\/files\/2024\/08\/maths-niveau-3.png?resize=768%2C192&amp;ssl=1 768w\" sizes=\"auto, (max-width: 960px) 100vw, 960px\" \/><\/figure>\n\n\n\n<div style=\"height:20px\" aria-hidden=\"true\" class=\"wp-block-spacer\"><\/div>\n\n\n\n<figure class=\"wp-block-table alignwide\"><table><thead><tr><th>Titre<\/th><th>Auteur<\/th><th>Type<\/th><th>Dur\u00e9e<\/th><th>Niv\/Pr\u00e9requis<\/th><th>Support<\/th><th>Ressource<\/th><\/tr><\/thead><tbody><tr><td>Escape maths<\/td><td>H. GAUDICHE<\/td><td>Escape game de maths sur scratch<\/td><td>1h<\/td><td>Aucun<\/td><td>Scratch<\/td><td><strong><a href=\"https:\/\/scratch.mit.edu\/projects\/532118635\/\">Lien vers l\u2019escape<\/a><\/strong><\/td><\/tr><tr><td>Les exercices du CDR<\/td><td>Veille du CDR &#8211; plusieurs auteurs<\/td><td>Diff\u00e9rents exercices destin\u00e9s au niveau 3 sur plusieurs th\u00e9matiques avec un onglet maths regroupant : les proportions, volumes, ordre de grandeur, conversion, pourcentage, rep\u00e9rage, calculs d&rsquo;aire et d&rsquo;\u00e9chelle<\/td><td>entre 5 et 8h<\/td><td>Coll\u00e8ge<\/td><td>Learning apps<\/td><td><strong><a href=\"https:\/\/padlet.com\/douanfan\/les-exercices-du-cdr-niat17w4ny1l\" target=\"_blank\" rel=\"noopener\" title=\"\">Lien vers les exercices<\/a><\/strong><\/td><\/tr><tr><td>Positionnement de maths<\/td><td>H. GAUDICHE<\/td><td>Positionnement de math\u00e9matiques sous forme de quiz autocorrectif avant une entr\u00e9e en CAPA ou BPA<\/td><td>15 min<\/td><td>Coll\u00e8ge<\/td><td>Moodle<\/td><td>Sur la plateforme Moodle du CFA<\/td><\/tr><\/tbody><\/table><\/figure>\n\n\n\n<figure class=\"wp-block-image size-full\" id=\"maths-niveau4\"><img data-recalc-dims=\"1\" loading=\"lazy\" decoding=\"async\" width=\"960\" height=\"240\" data-attachment-id=\"1116\" data-permalink=\"https:\/\/blogs.lyceecfadumene.fr\/cdr\/les-ressources-parcours\/niveau-3\/mathematiques\/maths-niveau-4\/\" data-orig-file=\"https:\/\/i0.wp.com\/blogs.lyceecfadumene.fr\/cdr\/files\/2024\/08\/maths-niveau-4.png?fit=960%2C240&amp;ssl=1\" data-orig-size=\"960,240\" data-comments-opened=\"1\" data-image-meta=\"{&quot;aperture&quot;:&quot;0&quot;,&quot;credit&quot;:&quot;&quot;,&quot;camera&quot;:&quot;&quot;,&quot;caption&quot;:&quot;&quot;,&quot;created_timestamp&quot;:&quot;0&quot;,&quot;copyright&quot;:&quot;&quot;,&quot;focal_length&quot;:&quot;0&quot;,&quot;iso&quot;:&quot;0&quot;,&quot;shutter_speed&quot;:&quot;0&quot;,&quot;title&quot;:&quot;&quot;,&quot;orientation&quot;:&quot;0&quot;}\" data-image-title=\"maths niveau 4\" data-image-description=\"\" data-image-caption=\"\" data-large-file=\"https:\/\/i0.wp.com\/blogs.lyceecfadumene.fr\/cdr\/files\/2024\/08\/maths-niveau-4.png?fit=960%2C240&amp;ssl=1\" src=\"https:\/\/i0.wp.com\/blogs.lyceecfadumene.fr\/cdr\/files\/2024\/08\/maths-niveau-4.png?resize=960%2C240\" alt=\"\" class=\"wp-image-1116\" srcset=\"https:\/\/i0.wp.com\/blogs.lyceecfadumene.fr\/cdr\/files\/2024\/08\/maths-niveau-4.png?w=960&amp;ssl=1 960w, https:\/\/i0.wp.com\/blogs.lyceecfadumene.fr\/cdr\/files\/2024\/08\/maths-niveau-4.png?resize=400%2C100&amp;ssl=1 400w, https:\/\/i0.wp.com\/blogs.lyceecfadumene.fr\/cdr\/files\/2024\/08\/maths-niveau-4.png?resize=768%2C192&amp;ssl=1 768w\" sizes=\"auto, (max-width: 960px) 100vw, 960px\" \/><\/figure>\n\n\n\n<div style=\"height:20px\" aria-hidden=\"true\" class=\"wp-block-spacer\"><\/div>\n\n\n\n<figure class=\"wp-block-table alignwide\"><table><thead><tr><th>Titre<\/th><th>Auteur<\/th><th>Type<\/th><th>Dur\u00e9e<\/th><th>Niv\/Pr\u00e9requis<\/th><th>Support<\/th><th>Ressource<\/th><\/tr><\/thead><tbody><tr><td>Positionnement de maths<\/td><td>H. GAUDICHE<\/td><td>Positionnement de math\u00e9matiques sous forme de quiz autocorrectif avant une entr\u00e9e en BP.<\/td><td>15 min<\/td><td>Niv 3<\/td><td>Moodle<\/td><td>Sur la plateforme Moodle du CFA<\/td><\/tr><\/tbody><\/table><\/figure>\n\n\n\n<figure class=\"wp-block-image size-full\" id=\"maths-niveau5\"><img data-recalc-dims=\"1\" loading=\"lazy\" decoding=\"async\" width=\"960\" height=\"240\" data-attachment-id=\"1117\" data-permalink=\"https:\/\/blogs.lyceecfadumene.fr\/cdr\/les-ressources-parcours\/niveau-3\/mathematiques\/maths-niveau-5\/\" data-orig-file=\"https:\/\/i0.wp.com\/blogs.lyceecfadumene.fr\/cdr\/files\/2024\/08\/maths-niveau-5.png?fit=960%2C240&amp;ssl=1\" data-orig-size=\"960,240\" data-comments-opened=\"1\" data-image-meta=\"{&quot;aperture&quot;:&quot;0&quot;,&quot;credit&quot;:&quot;&quot;,&quot;camera&quot;:&quot;&quot;,&quot;caption&quot;:&quot;&quot;,&quot;created_timestamp&quot;:&quot;0&quot;,&quot;copyright&quot;:&quot;&quot;,&quot;focal_length&quot;:&quot;0&quot;,&quot;iso&quot;:&quot;0&quot;,&quot;shutter_speed&quot;:&quot;0&quot;,&quot;title&quot;:&quot;&quot;,&quot;orientation&quot;:&quot;0&quot;}\" data-image-title=\"maths niveau 5\" data-image-description=\"\" data-image-caption=\"\" data-large-file=\"https:\/\/i0.wp.com\/blogs.lyceecfadumene.fr\/cdr\/files\/2024\/08\/maths-niveau-5.png?fit=960%2C240&amp;ssl=1\" src=\"https:\/\/i0.wp.com\/blogs.lyceecfadumene.fr\/cdr\/files\/2024\/08\/maths-niveau-5.png?resize=960%2C240&#038;ssl=1\" alt=\"\" class=\"wp-image-1117\" srcset=\"https:\/\/i0.wp.com\/blogs.lyceecfadumene.fr\/cdr\/files\/2024\/08\/maths-niveau-5.png?w=960&amp;ssl=1 960w, https:\/\/i0.wp.com\/blogs.lyceecfadumene.fr\/cdr\/files\/2024\/08\/maths-niveau-5.png?resize=400%2C100&amp;ssl=1 400w, https:\/\/i0.wp.com\/blogs.lyceecfadumene.fr\/cdr\/files\/2024\/08\/maths-niveau-5.png?resize=768%2C192&amp;ssl=1 768w\" sizes=\"auto, (max-width: 960px) 100vw, 960px\" \/><\/figure>\n\n\n\n<div style=\"height:20px\" aria-hidden=\"true\" class=\"wp-block-spacer\"><\/div>\n\n\n\n<figure class=\"wp-block-table alignwide\"><table><thead><tr><th>Titre<\/th><th>Auteur<\/th><th>Type<\/th><th>Dur\u00e9e<\/th><th>Niv\/Pr\u00e9requis<\/th><th>Support<\/th><th>Ressource<\/th><\/tr><\/thead><tbody><tr><td><strong>SE6 \u2013 Chapitre 1 : Lin\u00e9aires et indicateurs<\/strong><\/td><td>R. DALLOS<\/td><td>Contenu th\u00e9orique, exercices et correction<\/td><td>2h<\/td><td>Niveau 4<\/td><td>PDF<\/td><td>Disponible sur Moodle CFA \u00bb CDR- BTS TC \u00bb<\/td><\/tr><tr><td><strong>SE6 \u2013 Chapitre 2 : Performance lin\u00e9aire<\/strong><\/td><td>R. DALLOS<\/td><td>Cours th\u00e9oriques +exercices interactifs et auto-correctifs.<\/td><td>2h<\/td><td>Niveau 4<\/td><td>PDF<\/td><td>Disponible sur Moodle CFA \u00bb CDR- BTS TC \u00bb<\/td><\/tr><tr><td><strong>SE6 \u2013 Chapitre 3 : Prix psychologique<\/strong><\/td><td>R. DALLOS<\/td><td>Cours th\u00e9oriques +exercices interactifs et auto-correctifs.<\/td><td>2h<\/td><td>Niveau 4<\/td><td>PDF<\/td><td>Disponible sur Moodle CFA \u00bb CDR- BTS TC \u00bb<\/td><\/tr><\/tbody><\/table><\/figure>\n","protected":false},"excerpt":{"rendered":"<p>Cette page contient des ressources pour les math\u00e9matiques. Il y a des contenus et des exercices. Les \u00e9l\u00e8ves peuvent les utiliser en classe ou seuls. Les ressources sont class\u00e9es par niveau et parfois par sp\u00e9cialit\u00e9. Le type de support est indiqu\u00e9. Si le support sur lequel se trouve la ressource est la plateforme de e-learning [&hellip;]<\/p>\n","protected":false},"author":103,"featured_media":1125,"parent":159,"menu_order":0,"comment_status":"closed","ping_status":"closed","template":"","meta":{"footnotes":""},"class_list":["post-165","page","type-page","status-publish","has-post-thumbnail","hentry"],"aioseo_notices":[],"jetpack_sharing_enabled":true,"jetpack-related-posts":[{"id":144,"url":"https:\/\/blogs.lyceecfadumene.fr\/cdr\/les-ressources-parcours\/capa-jp\/","url_meta":{"origin":165,"position":0},"title":"CAPA JP","author":"fdouan","date":"21 juin 2022","format":false,"excerpt":"Cette page regroupe les ressources parcours ( soit les ressources de contenu ou d'exercices pouvant servir directement en cours ou en autonomie aux apprenants, pour en savoir plus, vous pouvez consulter le Lexique afin d'obtenir davantage de typologie de ressources ) concernant le CAPA Jardinier Paysagiste. Ces ressources sont class\u00e9es\u2026","rel":"","context":"Article similaire","block_context":{"text":"Article similaire","link":""},"img":{"alt_text":"","src":"https:\/\/i0.wp.com\/blogs.lyceecfadumene.fr\/cdr\/files\/2022\/06\/CAPA-JP-banniere.png?fit=1200%2C400&ssl=1&resize=350%2C200","width":350,"height":200,"srcset":"https:\/\/i0.wp.com\/blogs.lyceecfadumene.fr\/cdr\/files\/2022\/06\/CAPA-JP-banniere.png?fit=1200%2C400&ssl=1&resize=350%2C200 1x, https:\/\/i0.wp.com\/blogs.lyceecfadumene.fr\/cdr\/files\/2022\/06\/CAPA-JP-banniere.png?fit=1200%2C400&ssl=1&resize=525%2C300 1.5x, https:\/\/i0.wp.com\/blogs.lyceecfadumene.fr\/cdr\/files\/2022\/06\/CAPA-JP-banniere.png?fit=1200%2C400&ssl=1&resize=700%2C400 2x, https:\/\/i0.wp.com\/blogs.lyceecfadumene.fr\/cdr\/files\/2022\/06\/CAPA-JP-banniere.png?fit=1200%2C400&ssl=1&resize=1050%2C600 3x"},"classes":[]},{"id":1352,"url":"https:\/\/blogs.lyceecfadumene.fr\/cdr\/ressources-paysage\/","url_meta":{"origin":165,"position":1},"title":"Ressources paysage","author":"fdouan","date":"8 avril 2026","format":false,"excerpt":"Cette page contient des ressources pour le Paysage. Il y a des contenus et des exercices. Les \u00e9l\u00e8ves peuvent les utiliser en classe ou seuls. Les ressources sont class\u00e9es par niveau et parfois par sp\u00e9cialit\u00e9. Le type de support est indiqu\u00e9. Si le support sur lequel se trouve la ressource\u2026","rel":"","context":"Article similaire","block_context":{"text":"Article similaire","link":""},"img":{"alt_text":"","src":"https:\/\/i0.wp.com\/blogs.lyceecfadumene.fr\/cdr\/files\/2026\/04\/guy_dugas-chateau-de-villandry-1147841_1280-e1775639747172.jpg?fit=1200%2C534&ssl=1&resize=350%2C200","width":350,"height":200,"srcset":"https:\/\/i0.wp.com\/blogs.lyceecfadumene.fr\/cdr\/files\/2026\/04\/guy_dugas-chateau-de-villandry-1147841_1280-e1775639747172.jpg?fit=1200%2C534&ssl=1&resize=350%2C200 1x, https:\/\/i0.wp.com\/blogs.lyceecfadumene.fr\/cdr\/files\/2026\/04\/guy_dugas-chateau-de-villandry-1147841_1280-e1775639747172.jpg?fit=1200%2C534&ssl=1&resize=525%2C300 1.5x, https:\/\/i0.wp.com\/blogs.lyceecfadumene.fr\/cdr\/files\/2026\/04\/guy_dugas-chateau-de-villandry-1147841_1280-e1775639747172.jpg?fit=1200%2C534&ssl=1&resize=700%2C400 2x, https:\/\/i0.wp.com\/blogs.lyceecfadumene.fr\/cdr\/files\/2026\/04\/guy_dugas-chateau-de-villandry-1147841_1280-e1775639747172.jpg?fit=1200%2C534&ssl=1&resize=1050%2C600 3x"},"classes":[]},{"id":1333,"url":"https:\/\/blogs.lyceecfadumene.fr\/cdr\/reconnaissance-des-vegetaux\/","url_meta":{"origin":165,"position":2},"title":"Reconnaissance des v\u00e9g\u00e9taux","author":"fdouan","date":"17 mars 2026","format":false,"excerpt":"Cette page contient des ressources pour la reconnaissance des v\u00e9g\u00e9taux. Il y a des contenus et des exercices. Les \u00e9l\u00e8ves peuvent les utiliser en classe ou seuls. Les ressources sont class\u00e9es par niveau et parfois par sp\u00e9cialit\u00e9. Le type de support est indiqu\u00e9. Si le support sur lequel se trouve\u2026","rel":"","context":"Article similaire","block_context":{"text":"Article similaire","link":""},"img":{"alt_text":"","src":"https:\/\/i0.wp.com\/blogs.lyceecfadumene.fr\/cdr\/files\/2026\/03\/Ressources-reco-des-vgtx.png?resize=350%2C200&ssl=1","width":350,"height":200,"srcset":"https:\/\/i0.wp.com\/blogs.lyceecfadumene.fr\/cdr\/files\/2026\/03\/Ressources-reco-des-vgtx.png?resize=350%2C200&ssl=1 1x, https:\/\/i0.wp.com\/blogs.lyceecfadumene.fr\/cdr\/files\/2026\/03\/Ressources-reco-des-vgtx.png?resize=525%2C300&ssl=1 1.5x, https:\/\/i0.wp.com\/blogs.lyceecfadumene.fr\/cdr\/files\/2026\/03\/Ressources-reco-des-vgtx.png?resize=700%2C400&ssl=1 2x, https:\/\/i0.wp.com\/blogs.lyceecfadumene.fr\/cdr\/files\/2026\/03\/Ressources-reco-des-vgtx.png?resize=1050%2C600&ssl=1 3x, https:\/\/i0.wp.com\/blogs.lyceecfadumene.fr\/cdr\/files\/2026\/03\/Ressources-reco-des-vgtx.png?resize=1400%2C800&ssl=1 4x"},"classes":[]},{"id":235,"url":"https:\/\/blogs.lyceecfadumene.fr\/cdr\/btsa-tc\/","url_meta":{"origin":165,"position":3},"title":"BTSA TC","author":"fdouan","date":"28 juin 2022","format":false,"excerpt":"Cette page regroupe les ressources parcours ( soit les ressources de contenu ou d\u2019exercices pouvant servir directement en cours ou en autonomie aux apprenants, pour en savoir plus, vous pouvez consulter le Lexique afin d\u2019obtenir davantage de typologie de ressources ) concernant le BTSA Technico-commercial. Ces ressources sont class\u00e9es par\u2026","rel":"","context":"Article similaire","block_context":{"text":"Article similaire","link":""},"img":{"alt_text":"","src":"https:\/\/i0.wp.com\/blogs.lyceecfadumene.fr\/cdr\/files\/2022\/06\/Banniere-blog-BTS-TC.png?fit=1200%2C400&ssl=1&resize=350%2C200","width":350,"height":200,"srcset":"https:\/\/i0.wp.com\/blogs.lyceecfadumene.fr\/cdr\/files\/2022\/06\/Banniere-blog-BTS-TC.png?fit=1200%2C400&ssl=1&resize=350%2C200 1x, https:\/\/i0.wp.com\/blogs.lyceecfadumene.fr\/cdr\/files\/2022\/06\/Banniere-blog-BTS-TC.png?fit=1200%2C400&ssl=1&resize=525%2C300 1.5x, https:\/\/i0.wp.com\/blogs.lyceecfadumene.fr\/cdr\/files\/2022\/06\/Banniere-blog-BTS-TC.png?fit=1200%2C400&ssl=1&resize=700%2C400 2x, https:\/\/i0.wp.com\/blogs.lyceecfadumene.fr\/cdr\/files\/2022\/06\/Banniere-blog-BTS-TC.png?fit=1200%2C400&ssl=1&resize=1050%2C600 3x"},"classes":[]},{"id":1232,"url":"https:\/\/blogs.lyceecfadumene.fr\/cdr\/francais\/","url_meta":{"origin":165,"position":4},"title":"Fran\u00e7ais","author":"fdouan","date":"10 mars 2026","format":false,"excerpt":"Cette page contient des ressources pour le fran\u00e7ais. Il y a des contenus et des exercices. Les \u00e9l\u00e8ves peuvent les utiliser en classe ou seuls. Les ressources sont class\u00e9es par niveau et parfois par sp\u00e9cialit\u00e9. Le type de support est indiqu\u00e9. Si le support sur lequel se trouve la ressource\u2026","rel":"","context":"Article similaire","block_context":{"text":"Article similaire","link":""},"img":{"alt_text":"","src":"https:\/\/i0.wp.com\/blogs.lyceecfadumene.fr\/cdr\/files\/2026\/03\/4262159-books-4515917_1280-e1773151110804.jpg?fit=1200%2C446&ssl=1&resize=350%2C200","width":350,"height":200,"srcset":"https:\/\/i0.wp.com\/blogs.lyceecfadumene.fr\/cdr\/files\/2026\/03\/4262159-books-4515917_1280-e1773151110804.jpg?fit=1200%2C446&ssl=1&resize=350%2C200 1x, https:\/\/i0.wp.com\/blogs.lyceecfadumene.fr\/cdr\/files\/2026\/03\/4262159-books-4515917_1280-e1773151110804.jpg?fit=1200%2C446&ssl=1&resize=525%2C300 1.5x, https:\/\/i0.wp.com\/blogs.lyceecfadumene.fr\/cdr\/files\/2026\/03\/4262159-books-4515917_1280-e1773151110804.jpg?fit=1200%2C446&ssl=1&resize=700%2C400 2x, https:\/\/i0.wp.com\/blogs.lyceecfadumene.fr\/cdr\/files\/2026\/03\/4262159-books-4515917_1280-e1773151110804.jpg?fit=1200%2C446&ssl=1&resize=1050%2C600 3x"},"classes":[]},{"id":1266,"url":"https:\/\/blogs.lyceecfadumene.fr\/cdr\/histoire-geographie\/","url_meta":{"origin":165,"position":5},"title":"Histoire-g\u00e9ographie","author":"fdouan","date":"10 mars 2026","format":false,"excerpt":"Cette page contient des ressources pour l'Histoire-G\u00e9ographie. Il y a des contenus et des exercices. Les \u00e9l\u00e8ves peuvent les utiliser en classe ou seuls. Les ressources sont class\u00e9es par niveau et parfois par sp\u00e9cialit\u00e9. Le type de support est indiqu\u00e9. Si le support sur lequel se trouve la ressource est\u2026","rel":"","context":"Article similaire","block_context":{"text":"Article similaire","link":""},"img":{"alt_text":"","src":"https:\/\/i0.wp.com\/blogs.lyceecfadumene.fr\/cdr\/files\/2026\/03\/ohalso-map-5653496_1280-e1773157864569.jpg?fit=1200%2C474&ssl=1&resize=350%2C200","width":350,"height":200,"srcset":"https:\/\/i0.wp.com\/blogs.lyceecfadumene.fr\/cdr\/files\/2026\/03\/ohalso-map-5653496_1280-e1773157864569.jpg?fit=1200%2C474&ssl=1&resize=350%2C200 1x, https:\/\/i0.wp.com\/blogs.lyceecfadumene.fr\/cdr\/files\/2026\/03\/ohalso-map-5653496_1280-e1773157864569.jpg?fit=1200%2C474&ssl=1&resize=525%2C300 1.5x, https:\/\/i0.wp.com\/blogs.lyceecfadumene.fr\/cdr\/files\/2026\/03\/ohalso-map-5653496_1280-e1773157864569.jpg?fit=1200%2C474&ssl=1&resize=700%2C400 2x, https:\/\/i0.wp.com\/blogs.lyceecfadumene.fr\/cdr\/files\/2026\/03\/ohalso-map-5653496_1280-e1773157864569.jpg?fit=1200%2C474&ssl=1&resize=1050%2C600 3x"},"classes":[]}],"_links":{"self":[{"href":"https:\/\/blogs.lyceecfadumene.fr\/cdr\/wp-json\/wp\/v2\/pages\/165","targetHints":{"allow":["GET"]}}],"collection":[{"href":"https:\/\/blogs.lyceecfadumene.fr\/cdr\/wp-json\/wp\/v2\/pages"}],"about":[{"href":"https:\/\/blogs.lyceecfadumene.fr\/cdr\/wp-json\/wp\/v2\/types\/page"}],"author":[{"embeddable":true,"href":"https:\/\/blogs.lyceecfadumene.fr\/cdr\/wp-json\/wp\/v2\/users\/103"}],"replies":[{"embeddable":true,"href":"https:\/\/blogs.lyceecfadumene.fr\/cdr\/wp-json\/wp\/v2\/comments?post=165"}],"version-history":[{"count":17,"href":"https:\/\/blogs.lyceecfadumene.fr\/cdr\/wp-json\/wp\/v2\/pages\/165\/revisions"}],"predecessor-version":[{"id":1137,"href":"https:\/\/blogs.lyceecfadumene.fr\/cdr\/wp-json\/wp\/v2\/pages\/165\/revisions\/1137"}],"up":[{"embeddable":true,"href":"https:\/\/blogs.lyceecfadumene.fr\/cdr\/wp-json\/wp\/v2\/pages\/159"}],"wp:featuredmedia":[{"embeddable":true,"href":"https:\/\/blogs.lyceecfadumene.fr\/cdr\/wp-json\/wp\/v2\/media\/1125"}],"wp:attachment":[{"href":"https:\/\/blogs.lyceecfadumene.fr\/cdr\/wp-json\/wp\/v2\/media?parent=165"}],"curies":[{"name":"wp","href":"https:\/\/api.w.org\/{rel}","templated":true}]}}