{"id":1352,"date":"2026-04-08T11:18:38","date_gmt":"2026-04-08T09:18:38","guid":{"rendered":"https:\/\/blogs.lyceecfadumene.fr\/cdr\/?page_id=1352"},"modified":"2026-04-08T11:30:32","modified_gmt":"2026-04-08T09:30:32","slug":"ressources-paysage","status":"publish","type":"page","link":"https:\/\/blogs.lyceecfadumene.fr\/cdr\/ressources-paysage\/","title":{"rendered":"Ressources paysage"},"content":{"rendered":"\n<figure class=\"wp-block-image size-large\"><img data-recalc-dims=\"1\" loading=\"lazy\" decoding=\"async\" width=\"1024\" height=\"341\" data-attachment-id=\"1353\" data-permalink=\"https:\/\/blogs.lyceecfadumene.fr\/cdr\/ressources-paysage\/ressources-paysage\/\" data-orig-file=\"https:\/\/i0.wp.com\/blogs.lyceecfadumene.fr\/cdr\/files\/2026\/04\/Ressources-paysage.png?fit=1500%2C500&amp;ssl=1\" data-orig-size=\"1500,500\" data-comments-opened=\"1\" data-image-meta=\"{&quot;aperture&quot;:&quot;0&quot;,&quot;credit&quot;:&quot;&quot;,&quot;camera&quot;:&quot;&quot;,&quot;caption&quot;:&quot;&quot;,&quot;created_timestamp&quot;:&quot;0&quot;,&quot;copyright&quot;:&quot;&quot;,&quot;focal_length&quot;:&quot;0&quot;,&quot;iso&quot;:&quot;0&quot;,&quot;shutter_speed&quot;:&quot;0&quot;,&quot;title&quot;:&quot;&quot;,&quot;orientation&quot;:&quot;0&quot;}\" data-image-title=\"Ressources paysage\" data-image-description=\"\" data-image-caption=\"\" data-large-file=\"https:\/\/i0.wp.com\/blogs.lyceecfadumene.fr\/cdr\/files\/2026\/04\/Ressources-paysage.png?fit=1024%2C341&amp;ssl=1\" src=\"https:\/\/i0.wp.com\/blogs.lyceecfadumene.fr\/cdr\/files\/2026\/04\/Ressources-paysage-1024x341.png?resize=1024%2C341&#038;ssl=1\" alt=\"\" class=\"wp-image-1353\" srcset=\"https:\/\/i0.wp.com\/blogs.lyceecfadumene.fr\/cdr\/files\/2026\/04\/Ressources-paysage.png?resize=1024%2C341&amp;ssl=1 1024w, https:\/\/i0.wp.com\/blogs.lyceecfadumene.fr\/cdr\/files\/2026\/04\/Ressources-paysage.png?resize=400%2C133&amp;ssl=1 400w, https:\/\/i0.wp.com\/blogs.lyceecfadumene.fr\/cdr\/files\/2026\/04\/Ressources-paysage.png?resize=768%2C256&amp;ssl=1 768w, https:\/\/i0.wp.com\/blogs.lyceecfadumene.fr\/cdr\/files\/2026\/04\/Ressources-paysage.png?w=1500&amp;ssl=1 1500w\" sizes=\"auto, (max-width: 1000px) 100vw, 1000px\" \/><\/figure>\n\n\n\n<p>Cette page contient des ressources pour le <strong>Paysage<\/strong>. Il y a des contenus et des exercices. Les \u00e9l\u00e8ves peuvent les utiliser en classe ou seuls. Les ressources sont class\u00e9es par niveau et parfois par sp\u00e9cialit\u00e9. Le type de support est indiqu\u00e9.<\/p>\n\n\n\n<p>Si le support sur lequel se trouve la ressource est la plateforme de e-learning du CFA ou sur une plateforme \u00e0 laquelle l\u2019\u00e9tablissement est abonn\u00e9, n\u2019h\u00e9sitez pas \u00e0 demander l\u2019acc\u00e8s \u00e0 l\u2019animatrice du CDR.<\/p>\n\n\n\n<h4 class=\"wp-block-heading has-text-align-center\"><strong>Sommaire<\/strong><\/h4>\n\n\n\n<ol class=\"wp-block-list\">\n<li><strong><a href=\"#paysage-tous-niv\" title=\"Tous niveaux\">Tous niveaux<\/a><\/strong><\/li>\n\n\n\n<li><strong><a href=\"#paysage-niv-3\" title=\"Niveau 3\">Niveau 3<\/a><\/strong><\/li>\n\n\n\n<li><strong><a href=\"#paysage-niv-4\" title=\"Niveau 4\">Niveau 4<\/a><\/strong><\/li>\n\n\n\n<li><strong><a href=\"#paysage-niv-5\" title=\"Niveau 5\">Niveau 5<\/a><\/strong><\/li>\n<\/ol>\n\n\n\n<figure class=\"wp-block-image alignwide size-large\" id=\"paysage-tous-niv\"><img data-recalc-dims=\"1\" loading=\"lazy\" decoding=\"async\" width=\"1024\" height=\"256\" data-attachment-id=\"1355\" data-permalink=\"https:\/\/blogs.lyceecfadumene.fr\/cdr\/ressources-paysage\/paysage-tous-niveauxv2\/\" data-orig-file=\"https:\/\/i0.wp.com\/blogs.lyceecfadumene.fr\/cdr\/files\/2026\/04\/Paysage-tous-niveauxv2.png?fit=1920%2C480&amp;ssl=1\" data-orig-size=\"1920,480\" data-comments-opened=\"1\" data-image-meta=\"{&quot;aperture&quot;:&quot;0&quot;,&quot;credit&quot;:&quot;&quot;,&quot;camera&quot;:&quot;&quot;,&quot;caption&quot;:&quot;&quot;,&quot;created_timestamp&quot;:&quot;0&quot;,&quot;copyright&quot;:&quot;&quot;,&quot;focal_length&quot;:&quot;0&quot;,&quot;iso&quot;:&quot;0&quot;,&quot;shutter_speed&quot;:&quot;0&quot;,&quot;title&quot;:&quot;&quot;,&quot;orientation&quot;:&quot;0&quot;}\" data-image-title=\"Paysage tous niveauxv2\" data-image-description=\"\" data-image-caption=\"\" data-large-file=\"https:\/\/i0.wp.com\/blogs.lyceecfadumene.fr\/cdr\/files\/2026\/04\/Paysage-tous-niveauxv2.png?fit=1024%2C256&amp;ssl=1\" src=\"https:\/\/i0.wp.com\/blogs.lyceecfadumene.fr\/cdr\/files\/2026\/04\/Paysage-tous-niveauxv2-1024x256.png?resize=1024%2C256&#038;ssl=1\" alt=\"\" class=\"wp-image-1355\" srcset=\"https:\/\/i0.wp.com\/blogs.lyceecfadumene.fr\/cdr\/files\/2026\/04\/Paysage-tous-niveauxv2.png?resize=1024%2C256&amp;ssl=1 1024w, https:\/\/i0.wp.com\/blogs.lyceecfadumene.fr\/cdr\/files\/2026\/04\/Paysage-tous-niveauxv2.png?resize=400%2C100&amp;ssl=1 400w, https:\/\/i0.wp.com\/blogs.lyceecfadumene.fr\/cdr\/files\/2026\/04\/Paysage-tous-niveauxv2.png?resize=768%2C192&amp;ssl=1 768w, https:\/\/i0.wp.com\/blogs.lyceecfadumene.fr\/cdr\/files\/2026\/04\/Paysage-tous-niveauxv2.png?resize=1536%2C384&amp;ssl=1 1536w, https:\/\/i0.wp.com\/blogs.lyceecfadumene.fr\/cdr\/files\/2026\/04\/Paysage-tous-niveauxv2.png?w=1920&amp;ssl=1 1920w\" sizes=\"auto, (max-width: 1000px) 100vw, 1000px\" \/><\/figure>\n\n\n\n<figure class=\"wp-block-table alignwide\"><table><thead><tr><th>Titre<\/th><th>Auteur<\/th><th>Type<\/th><th>Dur\u00e9e<\/th><th>Niv\/Pr\u00e9requis<\/th><th>Support<\/th><th>Ressource<\/th><\/tr><\/thead><tbody><tr><td>Pack educagrinet<\/td><td>Educagri<\/td><td>Ressources vari\u00e9es : contenus th\u00e9oriques interactifs, vid\u00e9o, quiz&#8230; Il y a deux packs autour du paysage : Am\u00e9nagement paysager + Agro\u00e9quipements, maintenance conduite<\/td><td>+ de 50h<\/td><td>D\u00e9pend de la ressource<\/td><td>Contenu en ligne ( acc\u00e8s depuis le site ou int\u00e9grable dans Moodle )<\/td><td>Demander une licence \u00e0 l&rsquo;animatrice ou Moodle<\/td><\/tr><tr><td>Les r\u00e8gles professionnelles du paysage<\/td><td>Ocapiat\/UNEP<\/td><td>Contenu th\u00e9orique tr\u00e8s imag\u00e9 ( beaucoup de sch\u00e9mas ) sur les r\u00e8gles li\u00e9es au paysage <br>&#8211; Chapitre 1 : travail du sol<br>&#8211; Chapitre 2 : Plantation<br>&#8211; Chapitre 3 : Entretien<br>&#8211; Chapitre 4 : Construction<br>&#8211; Chapitre 5 : Cl\u00f4tures<br>&#8211; Chapitre 6 : S\u00e9curit\u00e9<br>&#8211; Chapitre 7 : Calendrier<\/td><td>environ 10h de contenu<\/td><td>Adapt\u00e9 aux d\u00e9butants jusque niv 4<\/td><td>Contenu disponible sous format livre + sur format num\u00e9rique<\/td><td>Disponible dans le Moodle CDR &#8211; BP AP<\/td><\/tr><\/tbody><\/table><\/figure>\n\n\n\n<figure class=\"wp-block-image alignwide size-large\" id=\"paysage-niv-3\"><img data-recalc-dims=\"1\" loading=\"lazy\" decoding=\"async\" width=\"1024\" height=\"256\" data-attachment-id=\"1356\" data-permalink=\"https:\/\/blogs.lyceecfadumene.fr\/cdr\/ressources-paysage\/paysage-niv-3v2\/\" data-orig-file=\"https:\/\/i0.wp.com\/blogs.lyceecfadumene.fr\/cdr\/files\/2026\/04\/Paysage-niv-3v2.png?fit=1920%2C480&amp;ssl=1\" data-orig-size=\"1920,480\" data-comments-opened=\"1\" data-image-meta=\"{&quot;aperture&quot;:&quot;0&quot;,&quot;credit&quot;:&quot;&quot;,&quot;camera&quot;:&quot;&quot;,&quot;caption&quot;:&quot;&quot;,&quot;created_timestamp&quot;:&quot;0&quot;,&quot;copyright&quot;:&quot;&quot;,&quot;focal_length&quot;:&quot;0&quot;,&quot;iso&quot;:&quot;0&quot;,&quot;shutter_speed&quot;:&quot;0&quot;,&quot;title&quot;:&quot;&quot;,&quot;orientation&quot;:&quot;0&quot;}\" data-image-title=\"Paysage niv 3v2\" data-image-description=\"\" data-image-caption=\"\" data-large-file=\"https:\/\/i0.wp.com\/blogs.lyceecfadumene.fr\/cdr\/files\/2026\/04\/Paysage-niv-3v2.png?fit=1024%2C256&amp;ssl=1\" src=\"https:\/\/i0.wp.com\/blogs.lyceecfadumene.fr\/cdr\/files\/2026\/04\/Paysage-niv-3v2-1024x256.png?resize=1024%2C256&#038;ssl=1\" alt=\"\" class=\"wp-image-1356\" srcset=\"https:\/\/i0.wp.com\/blogs.lyceecfadumene.fr\/cdr\/files\/2026\/04\/Paysage-niv-3v2.png?resize=1024%2C256&amp;ssl=1 1024w, https:\/\/i0.wp.com\/blogs.lyceecfadumene.fr\/cdr\/files\/2026\/04\/Paysage-niv-3v2.png?resize=400%2C100&amp;ssl=1 400w, https:\/\/i0.wp.com\/blogs.lyceecfadumene.fr\/cdr\/files\/2026\/04\/Paysage-niv-3v2.png?resize=768%2C192&amp;ssl=1 768w, https:\/\/i0.wp.com\/blogs.lyceecfadumene.fr\/cdr\/files\/2026\/04\/Paysage-niv-3v2.png?resize=1536%2C384&amp;ssl=1 1536w, https:\/\/i0.wp.com\/blogs.lyceecfadumene.fr\/cdr\/files\/2026\/04\/Paysage-niv-3v2.png?w=1920&amp;ssl=1 1920w\" sizes=\"auto, (max-width: 1000px) 100vw, 1000px\" \/><\/figure>\n\n\n\n<figure class=\"wp-block-image alignwide size-large\" id=\"paysage-niv-4\"><img data-recalc-dims=\"1\" loading=\"lazy\" decoding=\"async\" width=\"1024\" height=\"256\" data-attachment-id=\"1357\" data-permalink=\"https:\/\/blogs.lyceecfadumene.fr\/cdr\/ressources-paysage\/paysage-niv-4v2\/\" data-orig-file=\"https:\/\/i0.wp.com\/blogs.lyceecfadumene.fr\/cdr\/files\/2026\/04\/Paysage-niv-4v2.png?fit=1920%2C480&amp;ssl=1\" data-orig-size=\"1920,480\" data-comments-opened=\"1\" data-image-meta=\"{&quot;aperture&quot;:&quot;0&quot;,&quot;credit&quot;:&quot;&quot;,&quot;camera&quot;:&quot;&quot;,&quot;caption&quot;:&quot;&quot;,&quot;created_timestamp&quot;:&quot;0&quot;,&quot;copyright&quot;:&quot;&quot;,&quot;focal_length&quot;:&quot;0&quot;,&quot;iso&quot;:&quot;0&quot;,&quot;shutter_speed&quot;:&quot;0&quot;,&quot;title&quot;:&quot;&quot;,&quot;orientation&quot;:&quot;0&quot;}\" data-image-title=\"Paysage niv 4v2\" data-image-description=\"\" data-image-caption=\"\" data-large-file=\"https:\/\/i0.wp.com\/blogs.lyceecfadumene.fr\/cdr\/files\/2026\/04\/Paysage-niv-4v2.png?fit=1024%2C256&amp;ssl=1\" src=\"https:\/\/i0.wp.com\/blogs.lyceecfadumene.fr\/cdr\/files\/2026\/04\/Paysage-niv-4v2-1024x256.png?resize=1024%2C256&#038;ssl=1\" alt=\"\" class=\"wp-image-1357\" srcset=\"https:\/\/i0.wp.com\/blogs.lyceecfadumene.fr\/cdr\/files\/2026\/04\/Paysage-niv-4v2.png?resize=1024%2C256&amp;ssl=1 1024w, https:\/\/i0.wp.com\/blogs.lyceecfadumene.fr\/cdr\/files\/2026\/04\/Paysage-niv-4v2.png?resize=400%2C100&amp;ssl=1 400w, https:\/\/i0.wp.com\/blogs.lyceecfadumene.fr\/cdr\/files\/2026\/04\/Paysage-niv-4v2.png?resize=768%2C192&amp;ssl=1 768w, https:\/\/i0.wp.com\/blogs.lyceecfadumene.fr\/cdr\/files\/2026\/04\/Paysage-niv-4v2.png?resize=1536%2C384&amp;ssl=1 1536w, https:\/\/i0.wp.com\/blogs.lyceecfadumene.fr\/cdr\/files\/2026\/04\/Paysage-niv-4v2.png?w=1920&amp;ssl=1 1920w\" sizes=\"auto, (max-width: 1000px) 100vw, 1000px\" \/><\/figure>\n\n\n\n<figure class=\"wp-block-image alignwide size-large\" id=\"paysage-niv-5\"><img data-recalc-dims=\"1\" loading=\"lazy\" decoding=\"async\" width=\"1024\" height=\"256\" data-attachment-id=\"1358\" data-permalink=\"https:\/\/blogs.lyceecfadumene.fr\/cdr\/ressources-paysage\/paysage-niv-5v2\/\" data-orig-file=\"https:\/\/i0.wp.com\/blogs.lyceecfadumene.fr\/cdr\/files\/2026\/04\/Paysage-niv-5v2.png?fit=1920%2C480&amp;ssl=1\" data-orig-size=\"1920,480\" data-comments-opened=\"1\" data-image-meta=\"{&quot;aperture&quot;:&quot;0&quot;,&quot;credit&quot;:&quot;&quot;,&quot;camera&quot;:&quot;&quot;,&quot;caption&quot;:&quot;&quot;,&quot;created_timestamp&quot;:&quot;0&quot;,&quot;copyright&quot;:&quot;&quot;,&quot;focal_length&quot;:&quot;0&quot;,&quot;iso&quot;:&quot;0&quot;,&quot;shutter_speed&quot;:&quot;0&quot;,&quot;title&quot;:&quot;&quot;,&quot;orientation&quot;:&quot;0&quot;}\" data-image-title=\"Paysage niv 5v2\" data-image-description=\"\" data-image-caption=\"\" data-large-file=\"https:\/\/i0.wp.com\/blogs.lyceecfadumene.fr\/cdr\/files\/2026\/04\/Paysage-niv-5v2.png?fit=1024%2C256&amp;ssl=1\" src=\"https:\/\/i0.wp.com\/blogs.lyceecfadumene.fr\/cdr\/files\/2026\/04\/Paysage-niv-5v2-1024x256.png?resize=1024%2C256&#038;ssl=1\" alt=\"\" class=\"wp-image-1358\" srcset=\"https:\/\/i0.wp.com\/blogs.lyceecfadumene.fr\/cdr\/files\/2026\/04\/Paysage-niv-5v2.png?resize=1024%2C256&amp;ssl=1 1024w, https:\/\/i0.wp.com\/blogs.lyceecfadumene.fr\/cdr\/files\/2026\/04\/Paysage-niv-5v2.png?resize=400%2C100&amp;ssl=1 400w, https:\/\/i0.wp.com\/blogs.lyceecfadumene.fr\/cdr\/files\/2026\/04\/Paysage-niv-5v2.png?resize=768%2C192&amp;ssl=1 768w, https:\/\/i0.wp.com\/blogs.lyceecfadumene.fr\/cdr\/files\/2026\/04\/Paysage-niv-5v2.png?resize=1536%2C384&amp;ssl=1 1536w, https:\/\/i0.wp.com\/blogs.lyceecfadumene.fr\/cdr\/files\/2026\/04\/Paysage-niv-5v2.png?w=1920&amp;ssl=1 1920w\" sizes=\"auto, (max-width: 1000px) 100vw, 1000px\" \/><\/figure>\n","protected":false},"excerpt":{"rendered":"<p>Cette page contient des ressources pour le Paysage. Il y a des contenus et des exercices. Les \u00e9l\u00e8ves peuvent les utiliser en classe ou seuls. Les ressources sont class\u00e9es par niveau et parfois par sp\u00e9cialit\u00e9. Le type de support est indiqu\u00e9. Si le support sur lequel se trouve la ressource est la plateforme de e-learning [&hellip;]<\/p>\n","protected":false},"author":103,"featured_media":1354,"parent":0,"menu_order":0,"comment_status":"closed","ping_status":"closed","template":"","meta":{"footnotes":""},"class_list":["post-1352","page","type-page","status-publish","has-post-thumbnail","hentry"],"aioseo_notices":[],"jetpack_sharing_enabled":true,"jetpack-related-posts":[{"id":1333,"url":"https:\/\/blogs.lyceecfadumene.fr\/cdr\/reconnaissance-des-vegetaux\/","url_meta":{"origin":1352,"position":0},"title":"Reconnaissance des v\u00e9g\u00e9taux","author":"fdouan","date":"17 mars 2026","format":false,"excerpt":"Cette page contient des ressources pour la reconnaissance des v\u00e9g\u00e9taux. Il y a des contenus et des exercices. Les \u00e9l\u00e8ves peuvent les utiliser en classe ou seuls. Les ressources sont class\u00e9es par niveau et parfois par sp\u00e9cialit\u00e9. Le type de support est indiqu\u00e9. Si le support sur lequel se trouve\u2026","rel":"","context":"Article similaire","block_context":{"text":"Article similaire","link":""},"img":{"alt_text":"","src":"https:\/\/i0.wp.com\/blogs.lyceecfadumene.fr\/cdr\/files\/2026\/03\/Ressources-reco-des-vgtx.png?resize=350%2C200&ssl=1","width":350,"height":200,"srcset":"https:\/\/i0.wp.com\/blogs.lyceecfadumene.fr\/cdr\/files\/2026\/03\/Ressources-reco-des-vgtx.png?resize=350%2C200&ssl=1 1x, https:\/\/i0.wp.com\/blogs.lyceecfadumene.fr\/cdr\/files\/2026\/03\/Ressources-reco-des-vgtx.png?resize=525%2C300&ssl=1 1.5x, https:\/\/i0.wp.com\/blogs.lyceecfadumene.fr\/cdr\/files\/2026\/03\/Ressources-reco-des-vgtx.png?resize=700%2C400&ssl=1 2x, https:\/\/i0.wp.com\/blogs.lyceecfadumene.fr\/cdr\/files\/2026\/03\/Ressources-reco-des-vgtx.png?resize=1050%2C600&ssl=1 3x, https:\/\/i0.wp.com\/blogs.lyceecfadumene.fr\/cdr\/files\/2026\/03\/Ressources-reco-des-vgtx.png?resize=1400%2C800&ssl=1 4x"},"classes":[]},{"id":165,"url":"https:\/\/blogs.lyceecfadumene.fr\/cdr\/les-ressources-parcours\/niveau-3\/mathematiques\/","url_meta":{"origin":1352,"position":1},"title":"Ressources Math\u00e9matiques","author":"fdouan","date":"21 juin 2022","format":false,"excerpt":"Cette page contient des ressources pour les math\u00e9matiques. Il y a des contenus et des exercices. Les \u00e9l\u00e8ves peuvent les utiliser en classe ou seuls. Les ressources sont class\u00e9es par niveau et parfois par sp\u00e9cialit\u00e9. Le type de support est indiqu\u00e9. Si le support sur lequel se trouve la ressource\u2026","rel":"","context":"Article similaire","block_context":{"text":"Article similaire","link":""},"img":{"alt_text":"","src":"https:\/\/i0.wp.com\/blogs.lyceecfadumene.fr\/cdr\/files\/2024\/08\/geometry-1023846_1280bis.jpg?fit=1150%2C350&ssl=1&resize=350%2C200","width":350,"height":200,"srcset":"https:\/\/i0.wp.com\/blogs.lyceecfadumene.fr\/cdr\/files\/2024\/08\/geometry-1023846_1280bis.jpg?fit=1150%2C350&ssl=1&resize=350%2C200 1x, https:\/\/i0.wp.com\/blogs.lyceecfadumene.fr\/cdr\/files\/2024\/08\/geometry-1023846_1280bis.jpg?fit=1150%2C350&ssl=1&resize=525%2C300 1.5x, https:\/\/i0.wp.com\/blogs.lyceecfadumene.fr\/cdr\/files\/2024\/08\/geometry-1023846_1280bis.jpg?fit=1150%2C350&ssl=1&resize=700%2C400 2x, https:\/\/i0.wp.com\/blogs.lyceecfadumene.fr\/cdr\/files\/2024\/08\/geometry-1023846_1280bis.jpg?fit=1150%2C350&ssl=1&resize=1050%2C600 3x"},"classes":[]},{"id":144,"url":"https:\/\/blogs.lyceecfadumene.fr\/cdr\/les-ressources-parcours\/capa-jp\/","url_meta":{"origin":1352,"position":2},"title":"CAPA JP","author":"fdouan","date":"21 juin 2022","format":false,"excerpt":"Cette page regroupe les ressources parcours ( soit les ressources de contenu ou d'exercices pouvant servir directement en cours ou en autonomie aux apprenants, pour en savoir plus, vous pouvez consulter le Lexique afin d'obtenir davantage de typologie de ressources ) concernant le CAPA Jardinier Paysagiste. Ces ressources sont class\u00e9es\u2026","rel":"","context":"Article similaire","block_context":{"text":"Article similaire","link":""},"img":{"alt_text":"","src":"https:\/\/i0.wp.com\/blogs.lyceecfadumene.fr\/cdr\/files\/2022\/06\/CAPA-JP-banniere.png?fit=1200%2C400&ssl=1&resize=350%2C200","width":350,"height":200,"srcset":"https:\/\/i0.wp.com\/blogs.lyceecfadumene.fr\/cdr\/files\/2022\/06\/CAPA-JP-banniere.png?fit=1200%2C400&ssl=1&resize=350%2C200 1x, https:\/\/i0.wp.com\/blogs.lyceecfadumene.fr\/cdr\/files\/2022\/06\/CAPA-JP-banniere.png?fit=1200%2C400&ssl=1&resize=525%2C300 1.5x, https:\/\/i0.wp.com\/blogs.lyceecfadumene.fr\/cdr\/files\/2022\/06\/CAPA-JP-banniere.png?fit=1200%2C400&ssl=1&resize=700%2C400 2x, https:\/\/i0.wp.com\/blogs.lyceecfadumene.fr\/cdr\/files\/2022\/06\/CAPA-JP-banniere.png?fit=1200%2C400&ssl=1&resize=1050%2C600 3x"},"classes":[]},{"id":1232,"url":"https:\/\/blogs.lyceecfadumene.fr\/cdr\/francais\/","url_meta":{"origin":1352,"position":3},"title":"Fran\u00e7ais","author":"fdouan","date":"10 mars 2026","format":false,"excerpt":"Cette page contient des ressources pour le fran\u00e7ais. Il y a des contenus et des exercices. Les \u00e9l\u00e8ves peuvent les utiliser en classe ou seuls. Les ressources sont class\u00e9es par niveau et parfois par sp\u00e9cialit\u00e9. Le type de support est indiqu\u00e9. Si le support sur lequel se trouve la ressource\u2026","rel":"","context":"Article similaire","block_context":{"text":"Article similaire","link":""},"img":{"alt_text":"","src":"https:\/\/i0.wp.com\/blogs.lyceecfadumene.fr\/cdr\/files\/2026\/03\/4262159-books-4515917_1280-e1773151110804.jpg?fit=1200%2C446&ssl=1&resize=350%2C200","width":350,"height":200,"srcset":"https:\/\/i0.wp.com\/blogs.lyceecfadumene.fr\/cdr\/files\/2026\/03\/4262159-books-4515917_1280-e1773151110804.jpg?fit=1200%2C446&ssl=1&resize=350%2C200 1x, https:\/\/i0.wp.com\/blogs.lyceecfadumene.fr\/cdr\/files\/2026\/03\/4262159-books-4515917_1280-e1773151110804.jpg?fit=1200%2C446&ssl=1&resize=525%2C300 1.5x, https:\/\/i0.wp.com\/blogs.lyceecfadumene.fr\/cdr\/files\/2026\/03\/4262159-books-4515917_1280-e1773151110804.jpg?fit=1200%2C446&ssl=1&resize=700%2C400 2x, https:\/\/i0.wp.com\/blogs.lyceecfadumene.fr\/cdr\/files\/2026\/03\/4262159-books-4515917_1280-e1773151110804.jpg?fit=1200%2C446&ssl=1&resize=1050%2C600 3x"},"classes":[]},{"id":1266,"url":"https:\/\/blogs.lyceecfadumene.fr\/cdr\/histoire-geographie\/","url_meta":{"origin":1352,"position":4},"title":"Histoire-g\u00e9ographie","author":"fdouan","date":"10 mars 2026","format":false,"excerpt":"Cette page contient des ressources pour l'Histoire-G\u00e9ographie. Il y a des contenus et des exercices. Les \u00e9l\u00e8ves peuvent les utiliser en classe ou seuls. Les ressources sont class\u00e9es par niveau et parfois par sp\u00e9cialit\u00e9. Le type de support est indiqu\u00e9. Si le support sur lequel se trouve la ressource est\u2026","rel":"","context":"Article similaire","block_context":{"text":"Article similaire","link":""},"img":{"alt_text":"","src":"https:\/\/i0.wp.com\/blogs.lyceecfadumene.fr\/cdr\/files\/2026\/03\/ohalso-map-5653496_1280-e1773157864569.jpg?fit=1200%2C474&ssl=1&resize=350%2C200","width":350,"height":200,"srcset":"https:\/\/i0.wp.com\/blogs.lyceecfadumene.fr\/cdr\/files\/2026\/03\/ohalso-map-5653496_1280-e1773157864569.jpg?fit=1200%2C474&ssl=1&resize=350%2C200 1x, https:\/\/i0.wp.com\/blogs.lyceecfadumene.fr\/cdr\/files\/2026\/03\/ohalso-map-5653496_1280-e1773157864569.jpg?fit=1200%2C474&ssl=1&resize=525%2C300 1.5x, https:\/\/i0.wp.com\/blogs.lyceecfadumene.fr\/cdr\/files\/2026\/03\/ohalso-map-5653496_1280-e1773157864569.jpg?fit=1200%2C474&ssl=1&resize=700%2C400 2x, https:\/\/i0.wp.com\/blogs.lyceecfadumene.fr\/cdr\/files\/2026\/03\/ohalso-map-5653496_1280-e1773157864569.jpg?fit=1200%2C474&ssl=1&resize=1050%2C600 3x"},"classes":[]},{"id":239,"url":"https:\/\/blogs.lyceecfadumene.fr\/cdr\/biologie\/","url_meta":{"origin":1352,"position":5},"title":"Ressources Biologie-\u00e9cologie-botanique","author":"fdouan","date":"28 juin 2022","format":false,"excerpt":"Cette page contient des ressources pour la Biologie et l'Ecologie. Il y a des contenus et des exercices. Les \u00e9l\u00e8ves peuvent les utiliser en classe ou seuls. Les ressources sont class\u00e9es par niveau et parfois par sp\u00e9cialit\u00e9. Le type de support est indiqu\u00e9. Si le support sur lequel se trouve\u2026","rel":"","context":"Article similaire","block_context":{"text":"Article similaire","link":""},"img":{"alt_text":"","src":"https:\/\/i0.wp.com\/blogs.lyceecfadumene.fr\/cdr\/files\/2024\/08\/leaf-4719686_1280.jpg?fit=1200%2C328&ssl=1&resize=350%2C200","width":350,"height":200,"srcset":"https:\/\/i0.wp.com\/blogs.lyceecfadumene.fr\/cdr\/files\/2024\/08\/leaf-4719686_1280.jpg?fit=1200%2C328&ssl=1&resize=350%2C200 1x, https:\/\/i0.wp.com\/blogs.lyceecfadumene.fr\/cdr\/files\/2024\/08\/leaf-4719686_1280.jpg?fit=1200%2C328&ssl=1&resize=525%2C300 1.5x, https:\/\/i0.wp.com\/blogs.lyceecfadumene.fr\/cdr\/files\/2024\/08\/leaf-4719686_1280.jpg?fit=1200%2C328&ssl=1&resize=700%2C400 2x, https:\/\/i0.wp.com\/blogs.lyceecfadumene.fr\/cdr\/files\/2024\/08\/leaf-4719686_1280.jpg?fit=1200%2C328&ssl=1&resize=1050%2C600 3x"},"classes":[]}],"_links":{"self":[{"href":"https:\/\/blogs.lyceecfadumene.fr\/cdr\/wp-json\/wp\/v2\/pages\/1352","targetHints":{"allow":["GET"]}}],"collection":[{"href":"https:\/\/blogs.lyceecfadumene.fr\/cdr\/wp-json\/wp\/v2\/pages"}],"about":[{"href":"https:\/\/blogs.lyceecfadumene.fr\/cdr\/wp-json\/wp\/v2\/types\/page"}],"author":[{"embeddable":true,"href":"https:\/\/blogs.lyceecfadumene.fr\/cdr\/wp-json\/wp\/v2\/users\/103"}],"replies":[{"embeddable":true,"href":"https:\/\/blogs.lyceecfadumene.fr\/cdr\/wp-json\/wp\/v2\/comments?post=1352"}],"version-history":[{"count":5,"href":"https:\/\/blogs.lyceecfadumene.fr\/cdr\/wp-json\/wp\/v2\/pages\/1352\/revisions"}],"predecessor-version":[{"id":1367,"href":"https:\/\/blogs.lyceecfadumene.fr\/cdr\/wp-json\/wp\/v2\/pages\/1352\/revisions\/1367"}],"wp:featuredmedia":[{"embeddable":true,"href":"https:\/\/blogs.lyceecfadumene.fr\/cdr\/wp-json\/wp\/v2\/media\/1354"}],"wp:attachment":[{"href":"https:\/\/blogs.lyceecfadumene.fr\/cdr\/wp-json\/wp\/v2\/media?parent=1352"}],"curies":[{"name":"wp","href":"https:\/\/api.w.org\/{rel}","templated":true}]}}